{"id":79,"date":"2025-07-12T21:12:45","date_gmt":"2025-07-13T00:12:45","guid":{"rendered":"https:\/\/www.ccsa.ufpb.br\/ppga\/?page_id=79"},"modified":"2025-08-04T20:03:39","modified_gmt":"2025-08-04T23:03:39","slug":"disciplinas-eletivas-da-linha-estrategia-financas-e-desempenho","status":"publish","type":"page","link":"https:\/\/www.ccsa.ufpb.br\/ppga\/disciplinas-eletivas-da-linha-estrategia-financas-e-desempenho\/","title":{"rendered":"Disciplinas eletivas da linha Estrat\u00e9gia, Finan\u00e7as e Desempenho"},"content":{"rendered":"\n<p>Aqui temos o detalhamento das disciplinas eletivas da Linha Estrat\u00e9gia, Finan\u00e7as e Desempenho.<\/p>\n\n\n\n<p>Para cada disciplina, segue&nbsp;<strong>o nome<\/strong>&nbsp;do componente curricular, juntamente com a&nbsp;<strong>esfera<\/strong>&nbsp;de forma\u00e7\u00e3o (se forma\u00e7\u00e3o geral ou de linha), o n\u00edvel para o qual est\u00e1 orientada (se mestrado ou doutorado), bem como a<strong>&nbsp;carga-hor\u00e1ria<\/strong>&nbsp;e a&nbsp;<strong>ementa<\/strong>.<\/p>\n\n\n\n<figure class=\"wp-block-table\"><table class=\"has-fixed-layout\"><tbody><tr><td colspan=\"2\"><strong>Estrat\u00e9gia, <\/strong><strong>Finan\u00e7as <\/strong><strong>e\u00a0<\/strong><strong>Desempenho<\/strong><\/td><\/tr><tr><td><strong>Esfera<\/strong>:&nbsp;Forma\u00e7\u00e3o&nbsp;de&nbsp;linha<\/td><td><strong>Compet\u00eancia<\/strong>:&nbsp;Dom\u00ednio&nbsp;de&nbsp;conte\u00fados<\/td><\/tr><tr><td><strong>N\u00edvel<\/strong>:&nbsp;Mestrado&nbsp;e&nbsp;Doutorado<\/td><td><strong>Carga-hor\u00e1ria<\/strong>:&nbsp;60&nbsp;horas<\/td><\/tr><tr><td colspan=\"2\"><strong>Ementa<\/strong>:<br>Conceitos b\u00e1sicos estrat\u00e9gia, finan\u00e7as e desempenho. Estrat\u00e9gias financeiras e competitividade empresarial. Planejamento e controle financeiro. Sistemas de avalia\u00e7\u00e3o de desempenho. M\u00e9todos de controle estrat\u00e9gico e financeiro.<\/td><\/tr><\/tbody><\/table><\/figure>\n\n\n\n<figure class=\"wp-block-table\"><table class=\"has-fixed-layout\"><tbody><tr><td colspan=\"2\"><strong>Administra\u00e7\u00e3o<\/strong><strong>&nbsp;Estrat\u00e9gica<\/strong><\/td><\/tr><tr><td><strong>Esfera<\/strong>:&nbsp;Forma\u00e7\u00e3o&nbsp;de&nbsp;linha<\/td><td><strong>Compet\u00eancia<\/strong>:&nbsp;Dom\u00ednio&nbsp;de&nbsp;conte\u00fados<\/td><\/tr><tr><td><strong>N\u00edvel<\/strong>:&nbsp;Mestrado&nbsp;e&nbsp;Doutorado<\/td><td><strong>Carga-hor\u00e1ria<\/strong>:&nbsp;60&nbsp;horas<\/td><\/tr><tr><td colspan=\"2\"><strong>Ementa<\/strong>:<br>Evolu\u00e7\u00e3o\u00a0do\u00a0Pensamento\u00a0Estrat\u00e9gico.\u00a0Abordagens\u00a0para\u00a0Vantagem\u00a0Competitiva.\u00a0Processo\u00a0e\u00a0Pr\u00e1tica da Estrat\u00e9gia. Perspectivas te\u00f3ricas em Estrat\u00e9gia. Abordagens contempor\u00e2neas em estrat\u00e9gia.<\/td><\/tr><\/tbody><\/table><\/figure>\n\n\n\n<figure class=\"wp-block-table\"><table class=\"has-fixed-layout\"><tbody><tr><td colspan=\"2\"><strong>Estrat\u00e9gia, <\/strong><strong>Inova\u00e7\u00e3o <\/strong><strong>e\u00a0<\/strong><strong>Desempenho<\/strong><\/td><\/tr><tr><td><strong>Esfera<\/strong>:&nbsp;Forma\u00e7\u00e3o&nbsp;de&nbsp;linha<\/td><td><strong>Compet\u00eancia<\/strong>:&nbsp;Dom\u00ednio&nbsp;de&nbsp;conte\u00fados<\/td><\/tr><tr><td><strong>N\u00edvel<\/strong>:&nbsp;Mestrado&nbsp;e&nbsp;Doutorado<\/td><td><strong>Carga-hor\u00e1ria<\/strong>:&nbsp;60&nbsp;horas<\/td><\/tr><tr><td colspan=\"2\"><strong>Ementa<\/strong>:<br>Estrat\u00e9gia,\u00a0inova\u00e7\u00e3o\u00a0e\u00a0desempenho\u00a0em\u00a0um\u00a0mundo\u00a0digital.\u00a0Estrat\u00e9gia,\u00a0Inova\u00e7\u00e3o\u00a0e\u00a0Disrup\u00e7\u00e3o. Estrat\u00e9gia, Inova\u00e7\u00e3o e Vantagem\u00a0Competitiva. Estrat\u00e9gia,\u00a0Inova\u00e7\u00e3o\u00a0e\u00a0Aprendizagem.\u00a0Recursos, Capacidades e Inova\u00e7\u00e3o. Estrat\u00e9gias de Inova\u00e7\u00e3o.<\/td><\/tr><\/tbody><\/table><\/figure>\n\n\n\n<figure class=\"wp-block-table\"><table class=\"has-fixed-layout\"><tbody><tr><td colspan=\"2\"><strong>Finan\u00e7as <\/strong><strong>Corporativas<\/strong><\/td><\/tr><tr><td><strong>Esfera<\/strong>:&nbsp;Forma\u00e7\u00e3o&nbsp;de&nbsp;linha<\/td><td><strong>Compet\u00eancia<\/strong>:&nbsp;Dom\u00ednio&nbsp;de&nbsp;conte\u00fados<\/td><\/tr><tr><td><strong>N\u00edvel<\/strong>:&nbsp;Mestrado&nbsp;e&nbsp;Doutorado<\/td><td><strong>Carga-hor\u00e1ria<\/strong>:&nbsp;60&nbsp;horas<\/td><\/tr><tr><td colspan=\"2\"><strong>Ementa<\/strong>:<br>Vis\u00e3o geral de Finan\u00e7as. Avalia\u00e7\u00e3o de t\u00edtulos e a\u00e7\u00f5es. An\u00e1lise de investimento.\u00a0<em>Trade off\u00a0<\/em>risco e retorno e modelos de precifica\u00e7\u00e3o de ativos. Efici\u00eancia de mercado, anomalias e racionalidade do investidor. Custo e estrutura de capital. Decis\u00f5es de dividendos.<\/td><\/tr><\/tbody><\/table><\/figure>\n\n\n\n<figure class=\"wp-block-table\"><table class=\"has-fixed-layout\"><tbody><tr><td colspan=\"2\"><strong>Governan\u00e7a <\/strong><strong>Corporativa<\/strong><\/td><\/tr><tr><td><strong>Esfera<\/strong>:&nbsp;Forma\u00e7\u00e3o&nbsp;de&nbsp;linha<\/td><td><strong>Compet\u00eancia<\/strong>:&nbsp;Dom\u00ednio&nbsp;de&nbsp;conte\u00fados<\/td><\/tr><tr><td><strong>N\u00edvel<\/strong>:&nbsp;Mestrado&nbsp;e&nbsp;Doutorado<\/td><td><strong>Carga-hor\u00e1ria<\/strong>:&nbsp;60&nbsp;horas<\/td><\/tr><tr><td colspan=\"2\"><strong>Ementa<\/strong>:<br>Os modelos e processos de governan\u00e7a corporativa. A estrutura de propriedade e concentra\u00e7\u00e3o acion\u00e1ria\u00a0no\u00a0Brasil.\u00a0Os\u00a0sistemas\u00a0de\u00a0controles\u00a0das\u00a0corpora\u00e7\u00f5es.\u00a0Conselhos\u00a0de\u00a0Administra\u00e7\u00e3o.\u00a0Fatores de influ\u00eancia sobre a governan\u00e7a corporativa. Efici\u00eancia dos sistemas de governan\u00e7a corporativa.<\/td><\/tr><\/tbody><\/table><\/figure>\n\n\n\n<figure class=\"wp-block-table\"><table class=\"has-fixed-layout\"><tbody><tr><td colspan=\"2\"><strong>Gest\u00e3o <\/strong><strong>e <\/strong><strong>Avalia\u00e7\u00e3o de <\/strong><strong>Desempenho<\/strong><\/td><\/tr><tr><td><strong>Esfera<\/strong>:&nbsp;Forma\u00e7\u00e3o&nbsp;de&nbsp;linha<\/td><td><strong>Compet\u00eancia<\/strong>:&nbsp;Dom\u00ednio&nbsp;de&nbsp;conte\u00fados<\/td><\/tr><tr><td><strong>N\u00edvel<\/strong>:&nbsp;Mestrado&nbsp;e&nbsp;Doutorado<\/td><td><strong>Carga-hor\u00e1ria<\/strong>:&nbsp;60&nbsp;horas<\/td><\/tr><tr><td colspan=\"2\"><strong>Ementa<\/strong>:<br>Fundamentos conceituais e gerenciais de desempenho. Principais modelos e paradigmas de gest\u00e3o de desempenho. Dimens\u00f5es estrat\u00e9gica e operacional. Processo global de gest\u00e3o de desempenho (planejamento, implementa\u00e7\u00e3o e avalia\u00e7\u00e3o). Sistemas de desempenho (desenhos tradicionais e inovadores, maturidade, resist\u00eancia e mudan\u00e7a). Mensura\u00e7\u00e3o de desempenho (perspectivas conceituais,\u00a0modelos,\u00a0ferramentas,\u00a0limita\u00e7\u00f5es\u00a0e\u00a0cr\u00edticas).\u00a0Temas\u00a0modernos\u00a0em\u00a0gest\u00e3o\u00a0e\u00a0an\u00e1lise\u00a0de desempenho.<\/td><\/tr><\/tbody><\/table><\/figure>\n\n\n\n<figure class=\"wp-block-table\"><table class=\"has-fixed-layout\"><tbody><tr><td colspan=\"2\"><strong>T\u00f3picos em <\/strong><strong>Estrat\u00e9gia, <\/strong><strong>Finan\u00e7as <\/strong><strong>e<\/strong> <strong>Desempenho<\/strong> <strong>I<\/strong><\/td><\/tr><tr><td><strong>Esfera<\/strong>:&nbsp;Forma\u00e7\u00e3o&nbsp;de&nbsp;linha<\/td><td><strong>Compet\u00eancia<\/strong>:&nbsp;Definida por&nbsp;oferta<\/td><\/tr><tr><td><strong>N\u00edvel<\/strong>:&nbsp;Mestrado&nbsp;e&nbsp;Doutorado<\/td><td><strong>Carga-hor\u00e1ria<\/strong>:&nbsp;60&nbsp;horas<\/td><\/tr><tr><td colspan=\"2\"><strong>Ementa<\/strong>:<br>Estudo\u00a0de\u00a0temas\u00a0espec\u00edficos\u00a0em\u00a0Estrat\u00e9gia,\u00a0Finan\u00e7as\u00a0e\u00a0Desempenho\u00a0voltados\u00a0a\u00a0explorar\u00a0atualidades e tend\u00eancias tem\u00e1ticas, assim como oportunidades relevantes em termos de forma\u00e7\u00e3o, pesquisas acad\u00eamicas e aplicadas, al\u00e9m de demandas de mercado ou de outras disciplinas.<\/td><\/tr><\/tbody><\/table><\/figure>\n\n\n\n<figure class=\"wp-block-table\"><table class=\"has-fixed-layout\"><tbody><tr><td colspan=\"2\"><strong><strong>T\u00f3picos em Estrat\u00e9gia, Finan\u00e7as e<\/strong> <strong>Desempenho<\/strong> II<\/strong><\/td><\/tr><tr><td><strong>Esfera<\/strong>:&nbsp;Forma\u00e7\u00e3o&nbsp;de&nbsp;linha<\/td><td><strong>Compet\u00eancia<\/strong>:&nbsp;Definida por&nbsp;oferta<\/td><\/tr><tr><td><strong>N\u00edvel<\/strong>:&nbsp;Mestrado&nbsp;e&nbsp;Doutorado<\/td><td><strong>Carga-hor\u00e1ria<\/strong>:&nbsp;60&nbsp;horas<\/td><\/tr><tr><td colspan=\"2\"><strong>Ementa<\/strong>:<br>Estudo\u00a0de\u00a0temas\u00a0espec\u00edficos\u00a0em\u00a0Estrat\u00e9gia,\u00a0Finan\u00e7as\u00a0e\u00a0Desempenho\u00a0voltados\u00a0a\u00a0explorar\u00a0atualidades e tend\u00eancias tem\u00e1ticas, assim como oportunidades relevantes em termos de forma\u00e7\u00e3o, pesquisas acad\u00eamicas e aplicadas, al\u00e9m de demandas de mercado ou de outras disciplinas.<\/td><\/tr><\/tbody><\/table><\/figure>\n\n\n\n<figure class=\"wp-block-table\"><table class=\"has-fixed-layout\"><tbody><tr><td colspan=\"2\"><strong><strong>T\u00f3picos em Estrat\u00e9gia, Finan\u00e7as e<\/strong> <strong>Desempenho<\/strong> III<\/strong><\/td><\/tr><tr><td><strong>Esfera<\/strong>:&nbsp;Forma\u00e7\u00e3o&nbsp;de&nbsp;linha<\/td><td><strong>Compet\u00eancia<\/strong>:&nbsp;Definida por&nbsp;oferta<\/td><\/tr><tr><td><strong>N\u00edvel<\/strong>:&nbsp;Mestrado&nbsp;e&nbsp;Doutorado<\/td><td><strong>Carga-hor\u00e1ria<\/strong>:&nbsp;60&nbsp;horas<\/td><\/tr><tr><td colspan=\"2\"><strong>Ementa<\/strong>:<br>Estudo\u00a0de\u00a0temas\u00a0espec\u00edficos\u00a0em\u00a0Estrat\u00e9gia,\u00a0Finan\u00e7as\u00a0e\u00a0Desempenho\u00a0voltados\u00a0a\u00a0explorar\u00a0atualidades e tend\u00eancias tem\u00e1ticas, assim como oportunidades relevantes em termos de forma\u00e7\u00e3o, pesquisas acad\u00eamicas e aplicadas, al\u00e9m de demandas de mercado ou de outras disciplinas.<\/td><\/tr><\/tbody><\/table><\/figure>\n\n\n\n<figure class=\"wp-block-table\"><table class=\"has-fixed-layout\"><tbody><tr><td colspan=\"2\"><strong><strong>T\u00f3picos em Estrat\u00e9gia, Finan\u00e7as e<\/strong> <strong>Desempenho<\/strong> IV<\/strong><\/td><\/tr><tr><td><strong>Esfera<\/strong>:&nbsp;Forma\u00e7\u00e3o&nbsp;de&nbsp;linha<\/td><td><strong>Compet\u00eancia<\/strong>:&nbsp;Definida por&nbsp;oferta<\/td><\/tr><tr><td><strong>N\u00edvel<\/strong>:&nbsp;Mestrado&nbsp;e&nbsp;Doutorado<\/td><td><strong>Carga-hor\u00e1ria<\/strong>:&nbsp;60&nbsp;horas<\/td><\/tr><tr><td colspan=\"2\"><strong>Ementa<\/strong>:<br>Estudo\u00a0de\u00a0temas\u00a0espec\u00edficos\u00a0em\u00a0Estrat\u00e9gia,\u00a0Finan\u00e7as\u00a0e\u00a0Desempenho\u00a0voltados\u00a0a\u00a0explorar\u00a0atualidades e tend\u00eancias tem\u00e1ticas, assim como oportunidades relevantes em termos de forma\u00e7\u00e3o, pesquisas acad\u00eamicas e aplicadas, al\u00e9m de demandas de mercado ou de outras disciplinas.<\/td><\/tr><\/tbody><\/table><\/figure>\n\n\n\n<figure class=\"wp-block-table\"><table class=\"has-fixed-layout\"><tbody><tr><td colspan=\"2\"><strong>Semin\u00e1rio <\/strong><strong>em Estrat\u00e9gia, Finan\u00e7as e<\/strong> <strong>Desempenho<\/strong><\/td><\/tr><tr><td><strong>Esfera<\/strong>:&nbsp;Forma\u00e7\u00e3o&nbsp;de&nbsp;linha<\/td><td><strong>Compet\u00eancia<\/strong>:&nbsp;Definida por&nbsp;oferta<\/td><\/tr><tr><td><strong>N\u00edvel<\/strong>:&nbsp;Mestrado&nbsp;e&nbsp;Doutorado<\/td><td><strong>Carga-hor\u00e1ria<\/strong>:&nbsp;15&nbsp;horas<\/td><\/tr><tr><td colspan=\"2\"><strong>Ementa<\/strong>:<br>Estudo de temas espec\u00edficos em Estrat\u00e9gia, Finan\u00e7as e Desempenho em tem\u00e1ticas de forma\u00e7\u00e3o, pesquisas\u00a0acad\u00eamicas\u00a0e\u00a0aplicadas,\u00a0al\u00e9m\u00a0de\u00a0demandas\u00a0de\u00a0mercado\u00a0ou\u00a0de\u00a0outras\u00a0disciplinas,\u00a0com\u00a0foco tem\u00e1tico limitado.<\/td><\/tr><\/tbody><\/table><\/figure>\n","protected":false},"excerpt":{"rendered":"<p>Aqui temos o detalhamento das disciplinas eletivas da Linha Estrat\u00e9gia, Finan\u00e7as e Desempenho. Para cada [&hellip;]<\/p>\n","protected":false},"author":47,"featured_media":0,"parent":0,"menu_order":0,"comment_status":"closed","ping_status":"closed","template":"","meta":{"footnotes":""},"class_list":["post-79","page","type-page","status-publish","hentry"],"_links":{"self":[{"href":"https:\/\/www.ccsa.ufpb.br\/ppga\/wp-json\/wp\/v2\/pages\/79","targetHints":{"allow":["GET"]}}],"collection":[{"href":"https:\/\/www.ccsa.ufpb.br\/ppga\/wp-json\/wp\/v2\/pages"}],"about":[{"href":"https:\/\/www.ccsa.ufpb.br\/ppga\/wp-json\/wp\/v2\/types\/page"}],"author":[{"embeddable":true,"href":"https:\/\/www.ccsa.ufpb.br\/ppga\/wp-json\/wp\/v2\/users\/47"}],"replies":[{"embeddable":true,"href":"https:\/\/www.ccsa.ufpb.br\/ppga\/wp-json\/wp\/v2\/comments?post=79"}],"version-history":[{"count":2,"href":"https:\/\/www.ccsa.ufpb.br\/ppga\/wp-json\/wp\/v2\/pages\/79\/revisions"}],"predecessor-version":[{"id":181,"href":"https:\/\/www.ccsa.ufpb.br\/ppga\/wp-json\/wp\/v2\/pages\/79\/revisions\/181"}],"wp:attachment":[{"href":"https:\/\/www.ccsa.ufpb.br\/ppga\/wp-json\/wp\/v2\/media?parent=79"}],"curies":[{"name":"wp","href":"https:\/\/api.w.org\/{rel}","templated":true}]}}