{"id":83,"date":"2025-07-12T21:13:36","date_gmt":"2025-07-13T00:13:36","guid":{"rendered":"https:\/\/www.ccsa.ufpb.br\/ppga\/?page_id=83"},"modified":"2025-08-04T20:08:47","modified_gmt":"2025-08-04T23:08:47","slug":"atividades-academicas-obrigatorias","status":"publish","type":"page","link":"https:\/\/www.ccsa.ufpb.br\/ppga\/atividades-academicas-obrigatorias\/","title":{"rendered":"Atividades Acad\u00eamicas Obrigat\u00f3rias"},"content":{"rendered":"\n<p>Os discentes do PPGA t\u00eam que cumprir, al\u00e9m das disciplinas regulares, atividades obrigat\u00f3rias de Pr\u00e1tica Docente e Pr\u00e1tica de Gest\u00e3o e Inova\u00e7\u00e3o. Abaixo os detalhes dessas atividades.<\/p>\n\n\n\n<figure class=\"wp-block-table\"><table class=\"has-fixed-layout\"><tbody><tr><td colspan=\"2\"><strong>Pr\u00e1tica <\/strong><strong>Docente<\/strong> <strong>I<\/strong><\/td><\/tr><tr><td><strong>Esfera<\/strong>:&nbsp;Forma\u00e7\u00e3o&nbsp;geral<\/td><td><strong>Natureza<\/strong>:&nbsp;Atividade&nbsp;obrigat\u00f3ria<\/td><\/tr><tr><td><strong>Carga-hor\u00e1ria<\/strong>:&nbsp;30&nbsp;horas (1&nbsp;cr\u00e9dito&nbsp;pr\u00e1tico)<\/td><td><strong>Curso<\/strong>: CMA e&nbsp;CDA<\/td><\/tr><tr><td colspan=\"2\"><strong>Ementa<\/strong>:<br>As atividades acad\u00eamicas da pr\u00e1tica docente I ser\u00e3o realizadas por meio do acompanhamento das aulas de uma disciplina em curso de gradua\u00e7\u00e3o, preferencialmente em Administra\u00e7\u00e3o, sob a supervis\u00e3o de\u00a0um professor\u00a0do PPGA\u00a0(ou\u00a0outro\u00a0indicado e\u00a0homologado pelo PPGA).\u00a0A\u00a0disciplina ser\u00e1 relacionada com a linha e a \u00e1rea de estudos do discente.<\/td><\/tr><\/tbody><\/table><\/figure>\n\n\n\n<figure class=\"wp-block-table\"><table class=\"has-fixed-layout\"><tbody><tr><td colspan=\"2\"><strong>Pr\u00e1tica <\/strong><strong>Docente <\/strong><strong>II<\/strong><\/td><\/tr><tr><td><strong>Esfera<\/strong>:&nbsp;Forma\u00e7\u00e3o&nbsp;geral<\/td><td><strong>Natureza<\/strong>:&nbsp;Atividade&nbsp;obrigat\u00f3ria<\/td><\/tr><tr><td><strong>Carga-hor\u00e1ria<\/strong>:&nbsp;60&nbsp;horas (2&nbsp;cr\u00e9ditos&nbsp;pr\u00e1ticos)<\/td><td><strong>Curso<\/strong>: CDA<\/td><\/tr><tr><td colspan=\"2\"><strong>Ementa<\/strong>:<br>A\u00a0atividade\u00a0de\u00a0Pr\u00e1tica\u00a0Docente\u00a0II\u00a0envolve\u00a0duas\u00a0etapas:\u00a0uma\u00a0de\u00a0pr\u00e1ticas\u00a0e\u00a0uma\u00a0de\u00a0reflex\u00e3o\u00a0e\u00a0debate. Na etapa pr\u00e1tica, o discente tem supervis\u00e3o de um professor do PPGA (ou outro indicado e homologado pelo PPGA) para realiza\u00e7\u00e3o de exerc\u00edcios de pr\u00e1tica docente. Na etapa de reflex\u00e3o e debate, s\u00e3o desenvolvidas v\u00e1rias atividades pr\u00e1ticas relacionadas com as seguintes tem\u00e1ticas: o campo\u00a0profissional\u00a0do\u00a0docente\u00a0doutor\u00a0(elementos\u00a0hist\u00f3ricos,\u00a0cen\u00e1rios\u00a0e\u00a0perspectivas);\u00a0e\u00a0protagonismo do docente doutor e as tarefas docentes (pesquisa, forma\u00e7\u00e3o e extens\u00e3o universit\u00e1ria).<\/td><\/tr><\/tbody><\/table><\/figure>\n\n\n\n<figure class=\"wp-block-table\"><table class=\"has-fixed-layout\"><tbody><tr><td colspan=\"2\"><strong>Pr\u00e1tica <\/strong><strong>de <\/strong><strong>Gest\u00e3o <\/strong><strong>e <\/strong><strong>Inova\u00e7\u00e3o I<\/strong><strong> <\/strong><\/td><\/tr><tr><td><strong>Esfera<\/strong>:&nbsp;Forma\u00e7\u00e3o&nbsp;geral<\/td><td><strong>Natureza<\/strong>:&nbsp;Atividade&nbsp;obrigat\u00f3ria<\/td><\/tr><tr><td><strong>Carga-hor\u00e1ria<\/strong>:&nbsp;30&nbsp;horas (1&nbsp;cr\u00e9dito&nbsp;pr\u00e1tico)<\/td><td><strong>Curso<\/strong>: CMA e&nbsp;CDA<\/td><\/tr><tr><td colspan=\"2\"><strong>Ementa<\/strong>:<br>A atua\u00e7\u00e3o profissional do p\u00f3s-graduado em Administra\u00e7\u00e3o: modelos de atua\u00e7\u00e3o, desafios e requisitos. Desenvolvimento de solu\u00e7\u00f5es para demandas e problemas administrativos: oportunidades, desafios e processos de constru\u00e7\u00e3o. M\u00e9todos de pesquisa aplicada.<\/td><\/tr><\/tbody><\/table><\/figure>\n\n\n\n<figure class=\"wp-block-table\"><table class=\"has-fixed-layout\"><tbody><tr><td colspan=\"2\"><strong>Pr\u00e1tica <\/strong><strong>de<\/strong> <strong>Gest\u00e3o<\/strong> <strong>e <\/strong><strong>Inova\u00e7\u00e3o <\/strong><strong>II<\/strong><\/td><\/tr><tr><td><strong>Esfera<\/strong>:&nbsp;Forma\u00e7\u00e3o&nbsp;geral<\/td><td><strong>Natureza<\/strong>:&nbsp;Atividade&nbsp;obrigat\u00f3ria<\/td><\/tr><tr><td><strong>Carga-hor\u00e1ria<\/strong>:&nbsp;60&nbsp;horas (2&nbsp;cr\u00e9ditos&nbsp;pr\u00e1ticos)<\/td><td><strong>Curso<\/strong>: CDA<\/td><\/tr><tr><td colspan=\"2\"><strong>Ementa<\/strong>:<br>A atua\u00e7\u00e3o profissional do doutor em Administra\u00e7\u00e3o: modelos de atua\u00e7\u00e3o, desafios e requisitos. Processo\u00a0de\u00a0inova\u00e7\u00e3o\u00a0em\u00a0gest\u00e3o:\u00a0componentes,\u00a0artefatos\u00a0intelectuais,\u00a0processos\u00a0envolvidos\u00a0(oferta, projeto, negocia\u00e7\u00e3o). Desenvolvimento de trabalhos acad\u00eamicos de orienta\u00e7\u00e3o profissional e aplicada.<\/td><\/tr><\/tbody><\/table><\/figure>\n","protected":false},"excerpt":{"rendered":"<p>Os discentes do PPGA t\u00eam que cumprir, al\u00e9m das disciplinas regulares, atividades obrigat\u00f3rias de Pr\u00e1tica [&hellip;]<\/p>\n","protected":false},"author":47,"featured_media":0,"parent":0,"menu_order":0,"comment_status":"closed","ping_status":"closed","template":"","meta":{"footnotes":""},"class_list":["post-83","page","type-page","status-publish","hentry"],"_links":{"self":[{"href":"https:\/\/www.ccsa.ufpb.br\/ppga\/wp-json\/wp\/v2\/pages\/83","targetHints":{"allow":["GET"]}}],"collection":[{"href":"https:\/\/www.ccsa.ufpb.br\/ppga\/wp-json\/wp\/v2\/pages"}],"about":[{"href":"https:\/\/www.ccsa.ufpb.br\/ppga\/wp-json\/wp\/v2\/types\/page"}],"author":[{"embeddable":true,"href":"https:\/\/www.ccsa.ufpb.br\/ppga\/wp-json\/wp\/v2\/users\/47"}],"replies":[{"embeddable":true,"href":"https:\/\/www.ccsa.ufpb.br\/ppga\/wp-json\/wp\/v2\/comments?post=83"}],"version-history":[{"count":2,"href":"https:\/\/www.ccsa.ufpb.br\/ppga\/wp-json\/wp\/v2\/pages\/83\/revisions"}],"predecessor-version":[{"id":186,"href":"https:\/\/www.ccsa.ufpb.br\/ppga\/wp-json\/wp\/v2\/pages\/83\/revisions\/186"}],"wp:attachment":[{"href":"https:\/\/www.ccsa.ufpb.br\/ppga\/wp-json\/wp\/v2\/media?parent=83"}],"curies":[{"name":"wp","href":"https:\/\/api.w.org\/{rel}","templated":true}]}}