{"id":12,"date":"2026-02-10T13:54:19","date_gmt":"2026-02-10T16:54:19","guid":{"rendered":"https:\/\/www.ccsa.ufpb.br\/ppgci\/?page_id=12"},"modified":"2026-02-10T14:04:33","modified_gmt":"2026-02-10T17:04:33","slug":"apresentacao","status":"publish","type":"page","link":"https:\/\/www.ccsa.ufpb.br\/ppgci\/apresentacao\/","title":{"rendered":"Apresenta\u00e7\u00e3o"},"content":{"rendered":"\n<p>O Programa de P\u00f3s-Gradua\u00e7\u00e3o em Ci\u00eancia da Informa\u00e7\u00e3o da Universidade Federal da Para\u00edba \u2013 PPGCI\/UFPB &#8211; foi credenciado pela Coordena\u00e7\u00e3o de Avalia\u00e7\u00e3o de Pessoal de N\u00edvel Superior \u2013 Capes &#8211; em 14 de julho de 2006, tendo a primeira turma, em n\u00edvel de mestrado, ingressado em 2007. Na primeira avalia\u00e7\u00e3o trienal, cujo resultado foi divulgado em 2010, o Programa obteve conceito 4, o que motivou o envio de novo Aplicativo de Proposta de Curso Novo \u2013 (APCN) no n\u00edvel de doutorado, aprovado pela Capes em abril de 2012. Com isso, o PPGCI atingiu a condi\u00e7\u00e3o de Programa, tendo em vista a abrang\u00eancia dos n\u00edveis: mestrado e doutorado.<\/p>\n\n\n\n<p><em>The Graduate Program in Information Science at the Federal University of Para\u00edba \u2013 PPGCI\/UFPB \u2013 was accredited by the Coordination for the Evaluation of Higher Education Personnel \u2013 Capes \u2013 on July 14, 2006, with the first master&#8217;s class starting in 2007. In the first triennial evaluation, the results of which were released in 2010, the Program received a score of 4, which prompted the submission of a new Course Proposal Application \u2013 (APCN) for the doctoral level, approved by Capes in April 2012. As a result, PPGCI achieved the status of a Program, considering the coverage of both master&#8217;s and doctoral levels.<\/em><\/p>\n\n\n\n<p><em>El Programa de Posgrado en Ciencia de la Informaci\u00f3n de la Universidad Federal de Para\u00edba \u2013 PPGCI\/UFPB \u2013 fue acreditado por la Coordinaci\u00f3n de la Evaluaci\u00f3n de Personal de Educaci\u00f3n Superior \u2013 Capes \u2013 el 14 de julio de 2006, con la primera cohorte de maestr\u00eda comenzando en 2007. En la primera evaluaci\u00f3n trienal, cuyos resultados fueron publicados en 2010, el Programa recibi\u00f3 una puntuaci\u00f3n de 4, lo que llev\u00f3 a la presentaci\u00f3n de una nueva Solicitud de Propuesta de Curso \u2013 (APCN) para el nivel doctoral, aprobada por Capes en abril de 2012. Como resultado, el PPGCI alcanz\u00f3 el estatus de Programa, considerando la cobertura de los niveles de maestr\u00eda y de doctorado.<\/em><\/p>\n\n\n\n<p>Contatos (<em>Contacts\/ Contactos)<\/em>:<\/p>\n\n\n\n<p>Telefone (<em>Phone\/ Tel\u00e9fono<\/em>): 3216-7483&nbsp;<\/p>\n\n\n\n<p>Ramal (<em>Extension\/ Extensi\u00f3n<\/em>): 7483<\/p>\n\n\n\n<p>E-mail: ppgci@ccsa.ufpb.br<\/p>\n\n\n\n<p><\/p>\n","protected":false},"excerpt":{"rendered":"<p>O Programa de P\u00f3s-Gradua\u00e7\u00e3o em Ci\u00eancia da Informa\u00e7\u00e3o da Universidade Federal da Para\u00edba \u2013 PPGCI\/UFPB [&hellip;]<\/p>\n","protected":false},"author":63,"featured_media":0,"parent":0,"menu_order":0,"comment_status":"closed","ping_status":"closed","template":"","meta":{"footnotes":""},"class_list":["post-12","page","type-page","status-publish","hentry"],"_links":{"self":[{"href":"https:\/\/www.ccsa.ufpb.br\/ppgci\/wp-json\/wp\/v2\/pages\/12","targetHints":{"allow":["GET"]}}],"collection":[{"href":"https:\/\/www.ccsa.ufpb.br\/ppgci\/wp-json\/wp\/v2\/pages"}],"about":[{"href":"https:\/\/www.ccsa.ufpb.br\/ppgci\/wp-json\/wp\/v2\/types\/page"}],"author":[{"embeddable":true,"href":"https:\/\/www.ccsa.ufpb.br\/ppgci\/wp-json\/wp\/v2\/users\/63"}],"replies":[{"embeddable":true,"href":"https:\/\/www.ccsa.ufpb.br\/ppgci\/wp-json\/wp\/v2\/comments?post=12"}],"version-history":[{"count":4,"href":"https:\/\/www.ccsa.ufpb.br\/ppgci\/wp-json\/wp\/v2\/pages\/12\/revisions"}],"predecessor-version":[{"id":36,"href":"https:\/\/www.ccsa.ufpb.br\/ppgci\/wp-json\/wp\/v2\/pages\/12\/revisions\/36"}],"wp:attachment":[{"href":"https:\/\/www.ccsa.ufpb.br\/ppgci\/wp-json\/wp\/v2\/media?parent=12"}],"curies":[{"name":"wp","href":"https:\/\/api.w.org\/{rel}","templated":true}]}}