{"id":18,"date":"2026-02-10T13:58:27","date_gmt":"2026-02-10T16:58:27","guid":{"rendered":"https:\/\/www.ccsa.ufpb.br\/ppgci\/?page_id=18"},"modified":"2026-02-10T13:58:27","modified_gmt":"2026-02-10T16:58:27","slug":"area-de-concentracao-e-linhas-de-pesquisa","status":"publish","type":"page","link":"https:\/\/www.ccsa.ufpb.br\/ppgci\/area-de-concentracao-e-linhas-de-pesquisa\/","title":{"rendered":"\u00c1rea de Concentra\u00e7\u00e3o e Linhas de Pesquisa"},"content":{"rendered":"\n<p><strong>\u00c1rea de concentra\u00e7\u00e3o<\/strong><\/p>\n\n\n\n<p><strong>Informa\u00e7\u00e3o, Conhecimento e Sociedade<\/strong><\/p>\n\n\n\n<p><strong>Linhas de pesquisa<\/strong><\/p>\n\n\n\n<h2 class=\"wp-block-heading\"><div class=\"linha-header\"><strong>Linha 1 &#8211; Mem\u00f3ria, Media\u00e7\u00e3o e Apropria\u00e7\u00e3o da Informa\u00e7\u00e3o<\/strong><\/div><\/h2>\n\n\n\n<p>Ementa:&nbsp;Teorias e metodologias voltadas \u00e0 epistemologia e a media\u00e7\u00e3o da informa\u00e7\u00e3o, da produ\u00e7\u00e3o, da mem\u00f3ria, das identidades e do patrim\u00f4nio cultural material: bibliogr\u00e1fico, arquiv\u00edstico, muse\u00edstico e arqueol\u00f3gico. Patrim\u00f4nio Cultural imaterial. Aspetos sociais da media\u00e7\u00e3o e apropria\u00e7\u00e3o da informa\u00e7\u00e3o. Compet\u00eancias, comportamentos e pr\u00e1ticas informacionais dos sujeitos informacionais. Estudos \u00e9tnico-raciais, de g\u00eanero, de classe social, de diversidades voltados aos fen\u00f4menos informacionais com vistas \u00e0 inclus\u00e3o social.<\/p>\n\n\n\n<h2 class=\"wp-block-heading\"><div class=\"linha-header\"><strong>Linha 2 &#8211; Organiza\u00e7\u00e3o, Representa\u00e7\u00e3o e Tecnologias da Informa\u00e7\u00e3o<\/strong><\/div><\/h2>\n\n\n\n<p>Ementa:&nbsp;Teorias e metodologias voltadas \u00e0 organiza\u00e7\u00e3o, representa\u00e7\u00e3o e recupera\u00e7\u00e3o da informa\u00e7\u00e3o. Ontologias, Taxonomias, Folksonomias e Indexa\u00e7\u00e3o Autom\u00e1tica de Conte\u00fado. Ambientes e ecologias de informa\u00e7\u00e3o digital. Sistemas informacionais tecnol\u00f3gicos. Uso das Tecnologias de Informa\u00e7\u00e3o e Comunica\u00e7\u00e3o (TIC) em interface humano\/m\u00e1quina. Ci\u00eancia de Dados e Dados de Pesquisa.&nbsp;<\/p>\n\n\n\n<h2 class=\"wp-block-heading\"><div class=\"linha-header\"><strong>Linha 3 &#8211; \u00c9tica, Gest\u00e3o e Pol\u00edticas de Informa\u00e7\u00e3o<\/strong><\/div><\/h2>\n\n\n\n<p>Ementa:&nbsp;&nbsp;Teorias e metodologias voltadas \u00e0 \u00e9tica, \u00e0 responsabilidade social, \u00e0s pol\u00edticas de informa\u00e7\u00e3o. Aprendizagem organizacional, prospec\u00e7\u00e3o e monitoramento informacional. Gest\u00e3o estrat\u00e9gica da informa\u00e7\u00e3o e do conhecimento nas organiza\u00e7\u00f5es e nas pol\u00edticas p\u00fablicas. Cultura organizacional. Redes sociais. Comunica\u00e7\u00e3o Cient\u00edfica. Estudos Infom\u00e9tricos, Cienciom\u00e9tricos, Bibliom\u00e9tricos, Webom\u00e9tricos e Altim\u00e9tricos.<\/p>\n","protected":false},"excerpt":{"rendered":"<p>\u00c1rea de concentra\u00e7\u00e3o Informa\u00e7\u00e3o, Conhecimento e Sociedade Linhas de pesquisa Linha 1 &#8211; Mem\u00f3ria, Media\u00e7\u00e3o [&hellip;]<\/p>\n","protected":false},"author":63,"featured_media":0,"parent":0,"menu_order":0,"comment_status":"closed","ping_status":"closed","template":"","meta":{"footnotes":""},"class_list":["post-18","page","type-page","status-publish","hentry"],"_links":{"self":[{"href":"https:\/\/www.ccsa.ufpb.br\/ppgci\/wp-json\/wp\/v2\/pages\/18","targetHints":{"allow":["GET"]}}],"collection":[{"href":"https:\/\/www.ccsa.ufpb.br\/ppgci\/wp-json\/wp\/v2\/pages"}],"about":[{"href":"https:\/\/www.ccsa.ufpb.br\/ppgci\/wp-json\/wp\/v2\/types\/page"}],"author":[{"embeddable":true,"href":"https:\/\/www.ccsa.ufpb.br\/ppgci\/wp-json\/wp\/v2\/users\/63"}],"replies":[{"embeddable":true,"href":"https:\/\/www.ccsa.ufpb.br\/ppgci\/wp-json\/wp\/v2\/comments?post=18"}],"version-history":[{"count":1,"href":"https:\/\/www.ccsa.ufpb.br\/ppgci\/wp-json\/wp\/v2\/pages\/18\/revisions"}],"predecessor-version":[{"id":19,"href":"https:\/\/www.ccsa.ufpb.br\/ppgci\/wp-json\/wp\/v2\/pages\/18\/revisions\/19"}],"wp:attachment":[{"href":"https:\/\/www.ccsa.ufpb.br\/ppgci\/wp-json\/wp\/v2\/media?parent=18"}],"curies":[{"name":"wp","href":"https:\/\/api.w.org\/{rel}","templated":true}]}}