{"id":187,"date":"2026-02-10T16:08:22","date_gmt":"2026-02-10T19:08:22","guid":{"rendered":"https:\/\/www.ccsa.ufpb.br\/ppgci\/?page_id=187"},"modified":"2026-04-06T21:16:48","modified_gmt":"2026-04-07T00:16:48","slug":"resolucoes","status":"publish","type":"page","link":"https:\/\/www.ccsa.ufpb.br\/ppgci\/resolucoes\/","title":{"rendered":"Resolu\u00e7\u00f5es e portarias"},"content":{"rendered":"\n<p><strong>Resolu\u00e7\u00f5es CONSEPE<\/strong><\/p>\n\n\n\n<ul class=\"wp-block-list\">\n<li><strong><a href=\"http:\/\/plone.ufpb.br\/ppgci\/contents\/documentos\/resolucao-54_2024-consepe-regulamento-da-pos-graduacao.pdf\" target=\"_blank\" rel=\"noreferrer noopener\">Resolu\u00e7\u00e3o n\u00ba 54\/2024 CONSEPE &#8211;&nbsp;Revoga as Resolu\u00e7\u00f5es n\u00ba 79\/2013 e 34\/2014 do CONSEPE e d\u00e1 nova reda\u00e7\u00e3o ao Regulamento Geral dos Programas de P\u00f3s-Gradua\u00e7\u00e3o&nbsp;<em>stricto sensu<\/em>&nbsp;da UFPB<\/a><\/strong><\/li>\n\n\n\n<li><strong><a href=\"http:\/\/plone.ufpb.br\/ppgci\/contents\/documentos\/resolucao_consepe_n_06-2024.pdf\" target=\"_blank\" rel=\"noreferrer noopener\">Resolu\u00e7\u00e3o n\u00ba 06\/2024 CONSEPE &#8211; Regulamenta o ac\u00famulo de bolsas com atividade remunerada ou outros rendimentos<\/a><\/strong><\/li>\n\n\n\n<li><strong><a href=\"http:\/\/plone.ufpb.br\/ppgci\/contents\/documentos\/resolucao_01-2022-_consepe-regulamenta_a_estrutura_academica_do_ppgci-ufpb-1.pdf\" target=\"_blank\" rel=\"noreferrer noopener\">Resolu\u00e7\u00e3o n\u00ba 01\/2022 CONSEPE &#8211; Regulamenta a estrutura acad\u00eamica do PPGCI\/UFPB<\/a><\/strong><\/li>\n\n\n\n<li><strong><a href=\"http:\/\/plone.ufpb.br\/ppgci\/contents\/documentos\/resolucao-34-2014-consepe-ufpb.pdf\" target=\"_blank\" rel=\"noreferrer noopener\">Resolu\u00e7\u00e3o n\u00ba 34\/2014 CONSEPE &#8211;&nbsp;Altera o Regulamento Geral dos Programas de P\u00f3s-Gradua\u00e7\u00e3o&nbsp;<em>Stricto Sensu<\/em>&nbsp;da UFPB<\/a>&nbsp;(Revogada)<\/strong><\/li>\n\n\n\n<li><strong><a href=\"http:\/\/plone.ufpb.br\/ppgci\/contents\/documentos\/resolucao-79_2013-consepe-ufpb.pdf\" target=\"_blank\" rel=\"noreferrer noopener\">Resolu\u00e7\u00e3o n\u00ba 79\/2013 CONSEPE &#8211; Regulamento Geral da P\u00f3s-Gradua\u00e7\u00e3o da UFPB<\/a>&nbsp;(Revogada)<\/strong><\/li>\n\n\n\n<li><strong><a href=\"http:\/\/plone.ufpb.br\/ppgci\/contents\/documentos\/resolucao-15_2011-regulamento-ppgci.pdf\" target=\"_blank\" rel=\"noreferrer noopener\">Resolu\u00e7\u00e3o n\u00ba 53\/2016 CONSEPE&nbsp;<\/a>(Revogada)<\/strong><\/li>\n<\/ul>\n\n\n\n<p><strong>Resolu\u00e7\u00f5es PPGCI<\/strong><\/p>\n\n\n\n<ul class=\"wp-block-list\">\n<li><strong><a href=\"https:\/\/www.ccsa.ufpb.br\/ppgci\/wp-content\/uploads\/sites\/179\/sites\/444\/2026\/04\/RESOLUCAO_01-2026_CONCESSAO_DE_BOLSA_DE_ESTUDO_PPGCI-UFPB-atualizada-20-03-2026.pdf\" data-type=\"attachment\" data-id=\"294\">Resolu\u00e7\u00e3o PPGCI n\u00ba 01-2026 &#8211; Normas para concess\u00e3o e manuten\u00e7\u00e3o de bolsas de estudo em n\u00edvel mestrado e doutorado no \u00e2mbito do PPGCI<\/a><\/strong><\/li>\n\n\n\n<li><strong><a href=\"http:\/\/plone.ufpb.br\/ppgci\/contents\/documentos\/resolucao_01-2024_concessao_de_bolsa_de_estudo_ppgci-ufpb_-_atualizada_em_19-06-2024.pdf\" target=\"_blank\" rel=\"noreferrer noopener\">Resolu\u00e7\u00e3o PPGCI n\u00ba 01-2024 &#8211; Normas para concess\u00e3o de bolsas de estudo em n\u00edvel mestrado e doutorado no \u00e2mbito do PPGCI<\/a><\/strong> <strong>(REVOGADA)<\/strong><\/li>\n\n\n\n<li><strong><a href=\"http:\/\/plone.ufpb.br\/ppgci\/contents\/documentos\/resolucao_01-2023__ementas_linhas_de_pesquisa_ppgci-ufpb.pdf\" target=\"_blank\" rel=\"noreferrer noopener\">R<strong>esolu\u00e7\u00e3o<\/strong>&nbsp;PPGCI n\u00ba 01-2023 &#8211;&nbsp;Estabelece as ementas das Linhas de Pesquisa do PPGCI\/UFPB<\/a><\/strong><\/li>\n\n\n\n<li><strong><a href=\"http:\/\/plone.ufpb.br\/ppgci\/contents\/documentos\/resolucao_02-2023_credenciamento_docente_ppgci-ufpb.pdf\" target=\"_blank\" rel=\"noreferrer noopener\"><strong>Resolu\u00e7\u00e3o&nbsp;PPGCI n\u00ba 02-2023 &#8211;&nbsp;<\/strong>Normas de Credenciamento, Recredenciamento e Descredenciamento docente<\/a><\/strong><\/li>\n\n\n\n<li><strong><a href=\"http:\/\/plone.ufpb.br\/ppgci\/contents\/documentos\/resolucao_03-2023__mudanca_de_orientador_ppgci-ufpb.pdf\" target=\"_blank\" rel=\"noreferrer noopener\">R<strong>esolu\u00e7\u00e3o<\/strong>&nbsp;PPGCI n\u00ba 03-2023 &#8211;&nbsp;Normas sobre mudan\u00e7a de orientador(a) e escolha de coorientador(a)<\/a><\/strong><\/li>\n\n\n\n<li><strong><a href=\"http:\/\/plone.ufpb.br\/ppgci\/contents\/documentos\/resolucao_04-2023_composicao_de_bancas_de_qualificacao_e_defesa_ppgci-ufpb.pdf\" target=\"_blank\" rel=\"noreferrer noopener\">R<strong>esolu\u00e7\u00e3o<\/strong>&nbsp;PPGCI n\u00ba 04-2023 &#8211;&nbsp;Normas para Composi\u00e7\u00e3o de Bancas para Exames de Qualifica\u00e7\u00e3o e Defesa de Doutorado\/Mestrado<\/a><\/strong><\/li>\n\n\n\n<li><strong><a href=\"http:\/\/plone.ufpb.br\/ppgci\/contents\/documentos\/resolucao_05-2023__estagio_pos-doutoral_ppgci-ufpb.pdf\" target=\"_blank\" rel=\"noreferrer noopener\">R<strong>esolu\u00e7\u00e3o<\/strong>&nbsp;PPGCI n\u00ba 05-2023 &#8211;&nbsp;Realiza\u00e7\u00e3o de Est\u00e1gio P\u00f3s-Doutoral<\/a>&nbsp;<\/strong><\/li>\n\n\n\n<li><strong><a href=\"http:\/\/plone.ufpb.br\/ppgci\/contents\/documentos\/resolucao_06-2023__aluno_especial_ppgci-ufpb.pdf\" target=\"_blank\" rel=\"noreferrer noopener\">R<strong>esolu\u00e7\u00e3o<\/strong>&nbsp;PPGCI n\u00ba 06-2023 &#8211; Crit\u00e9rios para ingresso como Aluno Especial<\/a><\/strong><\/li>\n\n\n\n<li><strong><a href=\"http:\/\/plone.ufpb.br\/ppgci\/contents\/documentos\/resolucao_08-2023__estagio_de_docencia__ppgci-ufpb.pdf\" target=\"_blank\" rel=\"noreferrer noopener\">R<strong>esolu\u00e7\u00e3o<\/strong>&nbsp;PPGCI n\u00ba 08-2023 &#8211;&nbsp;Normas do Est\u00e1gio de Doc\u00eancia nos n\u00edveis de Mestrado e Doutorado<\/a><\/strong><\/li>\n\n\n\n<li><strong><a href=\"http:\/\/plone.ufpb.br\/ppgci\/contents\/documentos\/resolucao_09-2023_concessao_de_bolsa_de_estudo_ppgci-ufpb-2.pdf\" target=\"_blank\" rel=\"noreferrer noopener\">R<strong>esolu\u00e7\u00e3o<\/strong>&nbsp;PPGCI n\u00ba 09-2023 &#8211; Normas sobre concess\u00e3o e manuten\u00e7\u00e3o de bolsas de estudo de mestrado e doutorado<\/a><\/strong><\/li>\n<\/ul>\n","protected":false},"excerpt":{"rendered":"<p>Resolu\u00e7\u00f5es CONSEPE Resolu\u00e7\u00f5es PPGCI<\/p>\n","protected":false},"author":63,"featured_media":0,"parent":0,"menu_order":0,"comment_status":"closed","ping_status":"closed","template":"","meta":{"footnotes":""},"class_list":["post-187","page","type-page","status-publish","hentry"],"_links":{"self":[{"href":"https:\/\/www.ccsa.ufpb.br\/ppgci\/wp-json\/wp\/v2\/pages\/187","targetHints":{"allow":["GET"]}}],"collection":[{"href":"https:\/\/www.ccsa.ufpb.br\/ppgci\/wp-json\/wp\/v2\/pages"}],"about":[{"href":"https:\/\/www.ccsa.ufpb.br\/ppgci\/wp-json\/wp\/v2\/types\/page"}],"author":[{"embeddable":true,"href":"https:\/\/www.ccsa.ufpb.br\/ppgci\/wp-json\/wp\/v2\/users\/63"}],"replies":[{"embeddable":true,"href":"https:\/\/www.ccsa.ufpb.br\/ppgci\/wp-json\/wp\/v2\/comments?post=187"}],"version-history":[{"count":8,"href":"https:\/\/www.ccsa.ufpb.br\/ppgci\/wp-json\/wp\/v2\/pages\/187\/revisions"}],"predecessor-version":[{"id":295,"href":"https:\/\/www.ccsa.ufpb.br\/ppgci\/wp-json\/wp\/v2\/pages\/187\/revisions\/295"}],"wp:attachment":[{"href":"https:\/\/www.ccsa.ufpb.br\/ppgci\/wp-json\/wp\/v2\/media?parent=187"}],"curies":[{"name":"wp","href":"https:\/\/api.w.org\/{rel}","templated":true}]}}