{"id":21,"date":"2026-02-10T14:00:14","date_gmt":"2026-02-10T17:00:14","guid":{"rendered":"https:\/\/www.ccsa.ufpb.br\/ppgci\/?page_id=21"},"modified":"2026-02-12T16:24:08","modified_gmt":"2026-02-12T19:24:08","slug":"matriz-curricular","status":"publish","type":"page","link":"https:\/\/www.ccsa.ufpb.br\/ppgci\/matriz-curricular\/","title":{"rendered":"Matriz Curricular"},"content":{"rendered":"\n<p class=\"has-text-align-center\"><strong>DOUTORADO ACAD\u00caMICO &#8211; DADOS DO CURR\u00cdCULO<\/strong><\/p>\n\n\n\n<figure class=\"wp-block-table\"><table class=\"has-fixed-layout\"><tbody><tr><th class=\"has-text-align-left\" data-align=\"left\">N\u00famero da Resolu\u00e7\u00e3o:<\/th><td>01\/2022<\/td><\/tr><tr><th class=\"has-text-align-left\" data-align=\"left\">Curso:<\/th><td>CI\u00caNCIA DA INFORMA\u00c7\u00c3O\/PPGCI &#8211; Jo\u00e3o Pessoa &#8211; DOUTORADO ACAD\u00caMICO<\/td><\/tr><tr><th class=\"has-text-align-left\" data-align=\"left\">Ano\/Per\u00edodo de Implanta\u00e7\u00e3o:<\/th><td>2022.1<\/td><\/tr><tr><td colspan=\"2\"><strong>&nbsp; &nbsp; &nbsp; &nbsp; &nbsp; &nbsp; &nbsp; &nbsp; &nbsp; &nbsp; &nbsp; &nbsp; &nbsp; &nbsp; &nbsp; &nbsp; &nbsp; &nbsp; &nbsp; &nbsp; &nbsp; &nbsp; &nbsp; &nbsp; &nbsp; &nbsp; &nbsp; &nbsp; &nbsp; &nbsp; &nbsp; &nbsp; &nbsp; &nbsp; &nbsp; &nbsp; &nbsp; &nbsp; &nbsp; &nbsp; &nbsp; &nbsp; &nbsp; &nbsp; &nbsp; TRANCAMENTOS<\/strong><\/td><\/tr><tr><th class=\"has-text-align-left\" data-align=\"left\">M\u00e1ximo de trancamentos de V\u00ednculo:<\/th><td>2<\/td><\/tr><tr><td colspan=\"2\"><strong>&nbsp; &nbsp; &nbsp; &nbsp; &nbsp; &nbsp; &nbsp; &nbsp; &nbsp; &nbsp; &nbsp; &nbsp; &nbsp; &nbsp; &nbsp; &nbsp; &nbsp; &nbsp; &nbsp; &nbsp; &nbsp; &nbsp; &nbsp; &nbsp; &nbsp; &nbsp; &nbsp; &nbsp; &nbsp; &nbsp; &nbsp; &nbsp; &nbsp; &nbsp; &nbsp; &nbsp; &nbsp; &nbsp; &nbsp; &nbsp; &nbsp;CR\u00c9DITOS \/ CARGA HOR\u00c1RIA<\/strong><\/td><\/tr><tr><th class=\"has-text-align-left\" data-align=\"left\">Cr\u00e9ditos Totais M\u00ednimos:<\/th><td>35<\/td><\/tr><tr><th class=\"has-text-align-left\" data-align=\"left\">Cr\u00e9ditos Obrigat\u00f3rio M\u00ednimos:<\/th><td>8<\/td><\/tr><tr><th class=\"has-text-align-left\" data-align=\"left\">Carga Hor\u00e1ria Total M\u00ednima:<\/th><td>525 h<\/td><\/tr><tr><td colspan=\"2\"><strong>&nbsp; &nbsp; &nbsp; &nbsp; &nbsp; &nbsp; &nbsp; &nbsp; &nbsp; &nbsp; &nbsp; &nbsp; &nbsp; &nbsp; &nbsp; &nbsp; &nbsp; &nbsp; &nbsp; &nbsp; &nbsp; &nbsp; &nbsp; &nbsp; &nbsp; &nbsp; &nbsp; &nbsp; &nbsp; &nbsp; &nbsp; &nbsp; &nbsp; &nbsp; &nbsp; &nbsp; &nbsp; PRAZO PARA CONCLUS\u00c3O (EM MESES)<\/strong><\/td><\/tr><tr><th class=\"has-text-align-left\" data-align=\"left\">M\u00ednimo:<\/th><td>24<\/td><\/tr><tr><th class=\"has-text-align-left\" data-align=\"left\">Regulamentar:<\/th><td>48<\/td><\/tr><tr><th class=\"has-text-align-left\" data-align=\"left\">M\u00e1ximo:<\/th><td>60<\/td><\/tr><tr><td colspan=\"2\"><strong>&nbsp; &nbsp; &nbsp; &nbsp; &nbsp; &nbsp; &nbsp; &nbsp; &nbsp; &nbsp; &nbsp; &nbsp; &nbsp; &nbsp; &nbsp; &nbsp; &nbsp; &nbsp; &nbsp; &nbsp; &nbsp; &nbsp; &nbsp; &nbsp; &nbsp; &nbsp; &nbsp; &nbsp; &nbsp; &nbsp; &nbsp; &nbsp; &nbsp; &nbsp; &nbsp; &nbsp; &nbsp; &nbsp; &nbsp;CRIT\u00c9RIOS PARA AVALIA\u00c7\u00c3O<\/strong><\/td><\/tr><tr><th class=\"has-text-align-left\" data-align=\"left\">Frequ\u00eancia M\u00ednima para aprova\u00e7\u00e3o:<\/th><td>75.0<\/td><\/tr><tr><th class=\"has-text-align-left\" data-align=\"left\">M\u00e9dia M\u00ednima para aprova\u00e7\u00e3o:<\/th><td>7.0<\/td><\/tr><tr><th class=\"has-text-align-left\" data-align=\"left\">Exibir Aprovado com Distin\u00e7\u00e3o:<\/th><td>N\u00e3o<\/td><\/tr><tr><td colspan=\"2\"><strong>\u00a0 \u00a0 \u00a0 \u00a0 \u00a0 \u00a0 \u00a0 \u00a0 \u00a0 \u00a0 \u00a0 \u00a0 \u00a0 \u00a0 \u00a0 \u00a0 \u00a0 \u00a0 \u00a0 \u00a0 \u00a0 \u00a0 \u00a0 \u00a0 \u00a0 \u00a0 \u00a0 \u00a0 \u00a0 \u00a0 \u00a0 \u00a0 \u00a0 \u00a0 \u00a0 \u00a0 \u00a0 <\/strong><\/td><\/tr><\/tbody><\/table><\/figure>\n\n\n\n<p><strong>\u00a0 \u00a0 \u00a0 \u00a0 \u00a0 \u00a0 \u00a0 \u00a0 \u00a0 \u00a0 \u00a0 \u00a0 \u00a0 \u00a0 \u00a0 \u00a0 \u00a0 \u00a0 \u00a0 \u00a0 \u00a0 \u00a0 \u00a0 \u00a0 \u00a0 \u00a0 \u00a0 \u00a0 \u00a0 \u00a0 \u00a0 \u00a0 <\/strong><\/p>\n\n\n\n<figure class=\"wp-block-table\"><table class=\"has-fixed-layout\"><tbody><tr><td colspan=\"2\"><strong>&nbsp;DISCIPLINAS DO CURR\u00cdCULO<\/strong><\/td><\/tr><tr><td><strong>Componente<\/strong><strong><\/strong><\/td><td><strong>Status<\/strong><strong><\/strong><\/td><\/tr><tr><td colspan=\"4\"><strong>\u00c1rea de Concentra\u00e7\u00e3o: TRONCO COMUM<\/strong><\/td><\/tr><tr><td>1203086 &#8211; FUNDAMENTOS TE\u00d3RICOS DA CI\u00caNCIA DA INFORMA\u00c7\u00c3O &#8211; 4CR &#8211; 60CH<\/td><td><em>Obrigat\u00f3ria<\/em><\/td><td>&nbsp;<\/td><td>&nbsp;<\/td><\/tr><tr><td>SCINF0031 &#8211; METODOLOGIA DA PESQUISA EM CI\u00caNCIA DA INFORMA\u00c7\u00c3O &#8211; 4CR &#8211; 60CH<\/td><td><em>Obrigat\u00f3ria<\/em><\/td><td>&nbsp;<\/td><td>&nbsp;<\/td><\/tr><tr><td>CINF00123 &#8211; ABORDAGEM COGNITIVA DA CI\u00caNCIA DA INFORMA\u00c7\u00c3O &#8211; 3CR &#8211; 45CH<\/td><td><em>Optativa<\/em><\/td><td>&nbsp;<\/td><td>&nbsp;<\/td><\/tr><tr><td>1203107 &#8211; ARQUITETURA DA INFORMA\u00c7\u00c3O &#8211; 3CR &#8211; 45CH<\/td><td><em>Optativa<\/em><\/td><td>&nbsp;<\/td><td>&nbsp;<\/td><\/tr><tr><td>SCINF0035 &#8211; ARQUITETURA DA INFORMA\u00c7\u00c3O PERVASIVA &#8211; 3CR &#8211; 45CH<\/td><td><em>Optativa<\/em><\/td><td>&nbsp;<\/td><td>&nbsp;<\/td><\/tr><tr><td>SCINF0036 &#8211; BIG DATA E A SOCIEDADE DA INFORMA\u00c7\u00c3O &#8211; 3CR &#8211; 45CH<\/td><td><em>Optativa<\/em><\/td><td>&nbsp;<\/td><td>&nbsp;<\/td><\/tr><tr><td>CINF00122 &#8211; COMPET\u00caNCIAS EM INFORMA\u00c7\u00c3O NA SOCIEDADE EM REDE &#8211; 3CR &#8211; 45CH<\/td><td><em>Optativa<\/em><\/td><td>&nbsp;<\/td><td>&nbsp;<\/td><\/tr><tr><td>1203106 &#8211; COMUNICA\u00c7\u00c3O CIENT\u00cdFICA &#8211; 3CR &#8211; 45CH<\/td><td><em>Optativa<\/em><\/td><td>&nbsp;<\/td><td>&nbsp;<\/td><\/tr><tr><td>SCINF0020 &#8211; COMUNICA\u00c7\u00c3O DA INFORMA\u00c7\u00c3O NA SOCIEDADE EM REDE &#8211; 3CR &#8211; 45CH<\/td><td><em>Optativa<\/em><\/td><td>&nbsp;<\/td><td>&nbsp;<\/td><\/tr><tr><td>SCINF0041 &#8211; E-SCIENCE NO AMBITO DA CI\u00caNCIA DA INFORMA\u00c7\u00c3O &#8211; 3CR &#8211; 45CH<\/td><td><em>Optativa<\/em><\/td><td>&nbsp;<\/td><td>&nbsp;<\/td><\/tr><tr><td>1203108 &#8211; ECONOMIA DA INFORMACAO &#8211; 3CR &#8211; 45CH<\/td><td><em>Optativa<\/em><\/td><td>&nbsp;<\/td><td>&nbsp;<\/td><\/tr><tr><td>SCINF0040 &#8211; EPISTEMOLOGIA DA CI\u00caNCIA DA INFORMA\u00c7\u00c3O &#8211; 3CR &#8211; 45CH<\/td><td><em>Optativa<\/em><\/td><td>&nbsp;<\/td><td>&nbsp;<\/td><\/tr><tr><td>SCINF0026 &#8211; \u00c9TICA E RESPONSABILIDADE SOCIAL &#8211; 3CR &#8211; 45CH<\/td><td><em>Optativa<\/em><\/td><td>&nbsp;<\/td><td>&nbsp;<\/td><\/tr><tr><td>CINF00121 &#8211; FUNDAMENTOS DE ORGANIZA\u00c7\u00c3O E REPRESENTA\u00c7\u00c3O DA INFORMA\u00c7\u00c3O E DO CONHECIMENTO &#8211; 3CR &#8211; 45CH<\/td><td><em>Optativa<\/em><\/td><td>&nbsp;<\/td><td>&nbsp;<\/td><\/tr><tr><td>SCINF0044 &#8211; GEST\u00c3O DA SEGURAN\u00c7A DA INFORMA\u00c7\u00c3O &#8211; 3CR &#8211; 45CH<\/td><td><em>Optativa<\/em><\/td><td>&nbsp;<\/td><td>&nbsp;<\/td><\/tr><tr><td>SCINF0027 &#8211; GEST\u00c3O ESTRAT\u00c9GICA DA INFORMA\u00c7\u00c3O &#8211; 3CR &#8211; 45CH<\/td><td><em>Optativa<\/em><\/td><td>&nbsp;<\/td><td>&nbsp;<\/td><\/tr><tr><td>SCINF0042 &#8211; GEST\u00c3O: INFORMA\u00c7\u00c3O, CONHECIMENTO E INTELIG\u00caNCIA ORGANIZACIONAL &#8211; 3CR &#8211; 45CH<\/td><td><em>Optativa<\/em><\/td><td>&nbsp;<\/td><td>&nbsp;<\/td><\/tr><tr><td>1203094 &#8211; INFORMA\u00c7\u00c3O E CULTURA &#8211; 3CR &#8211; 45CH<\/td><td><em>Optativa<\/em><\/td><td>&nbsp;<\/td><td>&nbsp;<\/td><\/tr><tr><td>SCINF0028 &#8211; INFORMA\u00c7\u00c3O E INCLUS\u00c3O SOCIAL &#8211; 3CR &#8211; 45CH<\/td><td><em>Optativa<\/em><\/td><td>&nbsp;<\/td><td>&nbsp;<\/td><\/tr><tr><td>SCINF0029 &#8211; INFORMA\u00c7\u00c3O E PATRIM\u00d4NIO &#8211; 3CR &#8211; 45CH<\/td><td><em>Optativa<\/em><\/td><td>&nbsp;<\/td><td>&nbsp;<\/td><\/tr><tr><td>SCINF0047 &#8211; INFORMA\u00c7\u00c3O E PROPRIEDADE INTELECTUAL &#8211; 3CR &#8211; 45CH<\/td><td><em>Optativa<\/em><\/td><td>&nbsp;<\/td><td>&nbsp;<\/td><\/tr><tr><td>CINF00120 &#8211; INFORMA\u00c7\u00c3O IMAG\u00c9TICA: ABORDAGENS E PERCURSOS &#8211; 3CR &#8211; 45CH<\/td><td><em>Optativa<\/em><\/td><td>&nbsp;<\/td><td>&nbsp;<\/td><\/tr><tr><td>SCINF0024 &#8211; INFORMA\u00c7\u00c3O, COGNI\u00c7\u00c3O E CONHECIMENTO &#8211; 3CR &#8211; 45CH<\/td><td><em>Optativa<\/em><\/td><td>&nbsp;<\/td><td>&nbsp;<\/td><\/tr><tr><td>SCINF0015 &#8211; INFORMA\u00c7\u00c3O, CONHECIMENTO E SOCIEDADE &#8211; 3CR &#8211; 45CH<\/td><td><em>Optativa<\/em><\/td><td>&nbsp;<\/td><td>&nbsp;<\/td><\/tr><tr><td>SCINF0046 &#8211; INFORMA\u00c7\u00c3O, MEM\u00d3RIA E IDENTIDADE &#8211; 3CR &#8211; 45CH<\/td><td><em>Optativa<\/em><\/td><td>&nbsp;<\/td><td>&nbsp;<\/td><\/tr><tr><td>CINF00119 &#8211; INFORMA\u00c7\u00c3O, MEM\u00d3RIA E SOCIEDADE &#8211; 3CR &#8211; 45CH<\/td><td><em>Optativa<\/em><\/td><td>&nbsp;<\/td><td>&nbsp;<\/td><\/tr><tr><td>CINF00118 &#8211; INSTRUMENTOS QUANTITATIVOS PARA PESQUISAS EM CI\u00caNCIA DA INFORMA\u00c7\u00c3O &#8211; 3CR &#8211; 45CH<\/td><td><em>Optativa<\/em><\/td><td>&nbsp;<\/td><td>&nbsp;<\/td><\/tr><tr><td>SCINF0048 &#8211; INTERA\u00c7\u00c3O HUMANO-COMPUTADOR &#8211; 3CR &#8211; 45CH<\/td><td><em>Optativa<\/em><\/td><td>&nbsp;<\/td><td>&nbsp;<\/td><\/tr><tr><td>CINF00117 &#8211; INTERFACES ENTRE MEDIA\u00c7\u00c3O E REPRESENTA\u00c7\u00c3O DA INFORMA\u00c7\u00c3O COM OS MARCADORES SOCIAIS DA DIFEREN\u00c7A &#8211; 3CR &#8211; 45CH<\/td><td><em>Optativa<\/em><\/td><td>&nbsp;<\/td><td>&nbsp;<\/td><\/tr><tr><td>CINF00116 &#8211; M\u00c9TODO QUADRIPOLAR EM CI\u00caNCIA DA INFORMA\u00c7\u00c3O &#8211; 3CR &#8211; 45CH<\/td><td><em>Optativa<\/em><\/td><td>&nbsp;<\/td><td>&nbsp;<\/td><\/tr><tr><td>SCINF0049 &#8211; M\u00c9TRICAS EM CI\u00caNCIA DA INFORMA\u00c7\u00c3O &#8211; 3CR &#8211; 45CH<\/td><td><em>Optativa<\/em><\/td><td>&nbsp;<\/td><td>&nbsp;<\/td><\/tr><tr><td>1203099 &#8211; POL\u00cdTICAS DE INFORMA\u00c7\u00c3O &#8211; 3CR &#8211; 45CH<\/td><td><em>Optativa<\/em><\/td><td>&nbsp;<\/td><td>&nbsp;<\/td><\/tr><tr><td>SCINF0050 &#8211; PRESERVA\u00c7\u00c3O DA INFORMA\u00c7\u00c3O DIGITAL &#8211; 3CR &#8211; 45CH<\/td><td><em>Optativa<\/em><\/td><td>&nbsp;<\/td><td>&nbsp;<\/td><\/tr><tr><td>SCINF0051 &#8211; RECUPERA\u00c7\u00c3O DA INFORMA\u00c7\u00c3O &#8211; 3CR &#8211; 45CH<\/td><td><em>Optativa<\/em><\/td><td>&nbsp;<\/td><td>&nbsp;<\/td><\/tr><tr><td>SCINF0017 &#8211; REDES SOCIAIS &#8211; 3CR &#8211; 45CH<\/td><td><em>Optativa<\/em><\/td><td>&nbsp;<\/td><td>&nbsp;<\/td><\/tr><tr><td>SCINF0052 &#8211; REDES SOCIAIS NA COMUNICA\u00c7\u00c3O CIENT\u00cdFICA &#8211; 3CR &#8211; 45CH<\/td><td><em>Optativa<\/em><\/td><td>&nbsp;<\/td><td>&nbsp;<\/td><\/tr><tr><td>SCINF0018 &#8211; REPRESENTA\u00c7\u00c3O DA INFORMA\u00c7\u00c3O E DO CONHECIMENTO &#8211; 3CR &#8211; 45CH<\/td><td><em>Optativa<\/em><\/td><td>&nbsp;<\/td><td>&nbsp;<\/td><\/tr><tr><td>1203095 &#8211; REPRESENTA\u00c7\u00c3O DO CONHECIMENTO E ONTOLOGIAS &#8211; 3CR &#8211; 45CH<\/td><td><em>Optativa<\/em><\/td><td>&nbsp;<\/td><td>&nbsp;<\/td><\/tr><tr><td>CINF00115 &#8211; SIGNO, SIGNIFICADO E INFORMA\u00c7\u00c3O &#8211; 3CR &#8211; 45CH<\/td><td><em>Optativa<\/em><\/td><td>&nbsp;<\/td><td>&nbsp;<\/td><\/tr><tr><td>1203109 &#8211; SOCIOLOGIA DA INFORMA\u00c7\u00c3O &#8211; 3CR &#8211; 45CH<\/td><td><em>Optativa<\/em><\/td><td>&nbsp;<\/td><td>&nbsp;<\/td><\/tr><tr><td>SCINF0022 &#8211; TECNOLOGIA DA INFORMA\u00c7\u00c3O E COMUNICA\u00c7\u00c3O &#8211; 3CR &#8211; 45CH<\/td><td><em>Optativa<\/em><\/td><td>&nbsp;<\/td><td>&nbsp;<\/td><\/tr><tr><td>CINF00114 &#8211; TECNOLOGIA DA INFORMA\u00c7\u00c3O NA CI\u00caNCIA DA INFORMA\u00c7\u00c3O &#8211; 3CR &#8211; 45CH<\/td><td><em>Optativa<\/em><\/td><td>&nbsp;<\/td><td>&nbsp;<\/td><\/tr><tr><td>SCINF0030 &#8211; T\u00d3PICOS ESPECIAIS &#8211; 3CR &#8211; 45CH<\/td><td><em>Optativa<\/em><\/td><td>&nbsp;<\/td><td>&nbsp;<\/td><\/tr><tr><td>SCINF0053 &#8211; T\u00d3PICOS ESPECIAIS &#8211; 2CR &#8211; 30CH<\/td><td><em>Optativa<\/em><\/td><td>&nbsp;<\/td><td>&nbsp;<\/td><\/tr><tr><td>SCINF0054 &#8211; T\u00d3PICOS ESPECIAIS &#8211; 4CR &#8211; 60CH<\/td><td><em>Optativa<\/em><\/td><td>&nbsp;<\/td><td>&nbsp;<\/td><\/tr><tr><td>CINF00088 &#8211; USU\u00c1RIO DA INFORMA\u00c7\u00c3O &#8211; 3CR &#8211; 45CH<\/td><td><em>Optativa<\/em><\/td><td>&nbsp;<\/td><td><\/td><\/tr><\/tbody><\/table><\/figure>\n\n\n\n<p><\/p>\n\n\n\n<p><\/p>\n\n\n\n<p class=\"has-text-align-center\"><strong> MESTRADO ACAD\u00caMICO &#8211; DADOS DO CURR\u00cdCULO<\/strong><\/p>\n\n\n\n<figure class=\"wp-block-table\"><table class=\"has-fixed-layout\"><tbody><tr><td><strong>N\u00famero da Resolu\u00e7\u00e3o:<\/strong><strong><\/strong><\/td><td>01\/2022<\/td><\/tr><tr><td><strong>Curso:<\/strong><strong><\/strong><\/td><td>CI\u00caNCIA DA INFORMA\u00c7\u00c3O\/PPGCI &#8211; Jo\u00e3o Pessoa &#8211; MESTRADO ACAD\u00caMICO<\/td><\/tr><tr><td><strong>Ano\/Per\u00edodo de Implanta\u00e7\u00e3o:<\/strong><strong><\/strong><\/td><td>2022.1<\/td><\/tr><tr><td colspan=\"2\"><strong>&nbsp; &nbsp; &nbsp; &nbsp; &nbsp; &nbsp; &nbsp; &nbsp; &nbsp; &nbsp; &nbsp; &nbsp; &nbsp; &nbsp; &nbsp; &nbsp; &nbsp; &nbsp; &nbsp; &nbsp; &nbsp; &nbsp; &nbsp; &nbsp; &nbsp; &nbsp; &nbsp; &nbsp; &nbsp; &nbsp; &nbsp; &nbsp; &nbsp; &nbsp; &nbsp; &nbsp; &nbsp; &nbsp; &nbsp; &nbsp; &nbsp; &nbsp; &nbsp; &nbsp; &nbsp; &nbsp; TRANCAMENTOS<\/strong><\/td><\/tr><tr><td><strong>M\u00e1ximo de trancamentos de V\u00ednculo:<\/strong><strong><\/strong><\/td><td>1<\/td><\/tr><tr><td colspan=\"2\"><strong>&nbsp; &nbsp; &nbsp; &nbsp; &nbsp; &nbsp; &nbsp; &nbsp; &nbsp; &nbsp; &nbsp; &nbsp; &nbsp; &nbsp; &nbsp; &nbsp; &nbsp; &nbsp; &nbsp; &nbsp; &nbsp; &nbsp; &nbsp; &nbsp; &nbsp; &nbsp; &nbsp; &nbsp; &nbsp; &nbsp; &nbsp; &nbsp; &nbsp; &nbsp; &nbsp; &nbsp; &nbsp; &nbsp; &nbsp; &nbsp; &nbsp; &nbsp;CR\u00c9DITOS \/ CARGA HOR\u00c1RIA<\/strong><\/td><\/tr><tr><td><strong>Cr\u00e9ditos Totais M\u00ednimos:<\/strong><strong><\/strong><\/td><td>23<\/td><\/tr><tr><td><strong>Cr\u00e9ditos Obrigat\u00f3rio M\u00ednimos:<\/strong><strong><\/strong><\/td><td>8<\/td><\/tr><tr><td><strong>Carga Hor\u00e1ria Total M\u00ednima:<\/strong><strong><\/strong><\/td><td>345 h<\/td><\/tr><tr><td colspan=\"2\"><strong>&nbsp; &nbsp; &nbsp; &nbsp; &nbsp; &nbsp; &nbsp; &nbsp; &nbsp; &nbsp; &nbsp; &nbsp; &nbsp; &nbsp; &nbsp; &nbsp; &nbsp; &nbsp; &nbsp; &nbsp; &nbsp; &nbsp; &nbsp; &nbsp; &nbsp; &nbsp; &nbsp; &nbsp; &nbsp; &nbsp; &nbsp; &nbsp; &nbsp; &nbsp; &nbsp; &nbsp; &nbsp; &nbsp;PRAZO PARA CONCLUS\u00c3O (EM MESES)<\/strong><\/td><\/tr><tr><td><strong>M\u00ednimo:<\/strong><strong><\/strong><\/td><td>12<\/td><\/tr><tr><td><strong>Regulamentar:<\/strong><strong><\/strong><\/td><td>24<\/td><\/tr><tr><td><strong>M\u00e1ximo:<\/strong><strong><\/strong><\/td><td>30<\/td><\/tr><tr><td colspan=\"2\"><strong>&nbsp; &nbsp; &nbsp; &nbsp; &nbsp; &nbsp; &nbsp; &nbsp; &nbsp; &nbsp; &nbsp; &nbsp; &nbsp; &nbsp; &nbsp; &nbsp; &nbsp; &nbsp; &nbsp; &nbsp; &nbsp; &nbsp; &nbsp; &nbsp; &nbsp; &nbsp; &nbsp; &nbsp; &nbsp; &nbsp; &nbsp; &nbsp; &nbsp; &nbsp; &nbsp; &nbsp; &nbsp; &nbsp; &nbsp; &nbsp; &nbsp; &nbsp; CRIT\u00c9RIOS PARA AVALIA\u00c7\u00c3O<\/strong><\/td><\/tr><tr><td><strong>Frequ\u00eancia M\u00ednima para aprova\u00e7\u00e3o:<\/strong><strong><\/strong><\/td><td>75.0<\/td><\/tr><tr><td><strong>M\u00e9dia M\u00ednima para aprova\u00e7\u00e3o:<\/strong><strong><\/strong><\/td><td>7.0<\/td><\/tr><tr><td><strong>Exibir Aprovado com Distin\u00e7\u00e3o:<\/strong><strong><\/strong><\/td><td>N\u00e3o<\/td><\/tr><tr><td colspan=\"2\"><strong>\u00a0 \u00a0 \u00a0 \u00a0 \u00a0 \u00a0 \u00a0 \u00a0 \u00a0 \u00a0 \u00a0 \u00a0 \u00a0 \u00a0 \u00a0 \u00a0 \u00a0 \u00a0 \u00a0 \u00a0 \u00a0 \u00a0 \u00a0 \u00a0 \u00a0 \u00a0 \u00a0 \u00a0 \u00a0 \u00a0 \u00a0 \u00a0 \u00a0 \u00a0 \u00a0 \u00a0 \u00a0 \u00a0 \u00a0 \u00a0 \u00a0 \u00a0 <\/strong><\/td><\/tr><\/tbody><\/table><\/figure>\n\n\n\n<p><\/p>\n\n\n\n<figure class=\"wp-block-table\"><table class=\"has-fixed-layout\"><thead><tr><th class=\"has-text-align-left\" data-align=\"left\">Componente<\/th><th class=\"has-text-align-left\" data-align=\"left\">Status<\/th><th><\/th><th><\/th><\/tr><\/thead><tbody><tr><td colspan=\"4\"><strong>\u00c1rea de Concentra\u00e7\u00e3o: TRONCO COMUM<\/strong><\/td><\/tr><tr><td>1203086 &#8211; FUNDAMENTOS TE\u00d3RICOS DA CI\u00caNCIA DA INFORMA\u00c7\u00c3O &#8211; 4CR &#8211; 60CH<\/td><td><em>Obrigat\u00f3ria<\/em><\/td><td><\/td><td><\/td><\/tr><tr><td>SCINF0031 &#8211; METODOLOGIA DA PESQUISA EM CI\u00caNCIA DA INFORMA\u00c7\u00c3O &#8211; 4CR &#8211; 60CH<\/td><td><em>Obrigat\u00f3ria<\/em><\/td><td><\/td><td><\/td><\/tr><tr><td>CINF00123 &#8211; ABORDAGEM COGNITIVA DA CI\u00caNCIA DA INFORMA\u00c7\u00c3O &#8211; 3CR &#8211; 45CH<\/td><td><em>Optativa<\/em><\/td><td><\/td><td><\/td><\/tr><tr><td>1203107 &#8211; ARQUITETURA DA INFORMA\u00c7\u00c3O &#8211; 3CR &#8211; 45CH<\/td><td><em>Optativa<\/em><\/td><td><\/td><td><\/td><\/tr><tr><td>SCINF0035 &#8211; ARQUITETURA DA INFORMA\u00c7\u00c3O PERVASIVA &#8211; 3CR &#8211; 45CH<\/td><td><em>Optativa<\/em><\/td><td><\/td><td><\/td><\/tr><tr><td>SCINF0036 &#8211; BIG DATA E A SOCIEDADE DA INFORMA\u00c7\u00c3O &#8211; 3CR &#8211; 45CH<\/td><td><em>Optativa<\/em><\/td><td><\/td><td><\/td><\/tr><tr><td>CINF00122 &#8211; COMPET\u00caNCIAS EM INFORMA\u00c7\u00c3O NA SOCIEDADE EM REDE &#8211; 3CR &#8211; 45CH<\/td><td><em>Optativa<\/em><\/td><td><\/td><td><\/td><\/tr><tr><td>1203106 &#8211; COMUNICA\u00c7\u00c3O CIENT\u00cdFICA &#8211; 3CR &#8211; 45CH<\/td><td><em>Optativa<\/em><\/td><td><\/td><td><\/td><\/tr><tr><td>SCINF0020 &#8211; COMUNICA\u00c7\u00c3O DA INFORMA\u00c7\u00c3O NA SOCIEDADE EM REDE &#8211; 3CR &#8211; 45CH<\/td><td><em>Optativa<\/em><\/td><td><\/td><td><\/td><\/tr><tr><td>SCINF0041 &#8211; E-SCIENCE NO AMBITO DA CI\u00caNCIA DA INFORMA\u00c7\u00c3O &#8211; 3CR &#8211; 45CH<\/td><td><em>Optativa<\/em><\/td><td><\/td><td><\/td><\/tr><tr><td>1203108 &#8211; ECONOMIA DA INFORMACAO &#8211; 3CR &#8211; 45CH<\/td><td><em>Optativa<\/em><\/td><td><\/td><td><\/td><\/tr><tr><td>SCINF0040 &#8211; EPISTEMOLOGIA DA CI\u00caNCIA DA INFORMA\u00c7\u00c3O &#8211; 3CR &#8211; 45CH<\/td><td><em>Optativa<\/em><\/td><td><\/td><td><\/td><\/tr><tr><td>CINF00121 &#8211; FUNDAMENTOS DE ORGANIZA\u00c7\u00c3O E REPRESENTA\u00c7\u00c3O DA INFORMA\u00c7\u00c3O E DO CONHECIMENTO &#8211; 3CR &#8211; 45CH<\/td><td><em>Optativa<\/em><\/td><td><\/td><td><\/td><\/tr><tr><td>SCINF0044 &#8211; GEST\u00c3O DA SEGURAN\u00c7A DA INFORMA\u00c7\u00c3O &#8211; 3CR &#8211; 45CH<\/td><td><em>Optativa<\/em><\/td><td><\/td><td><\/td><\/tr><tr><td>SCINF0027 &#8211; GEST\u00c3O ESTRAT\u00c9GICA DA INFORMA\u00c7\u00c3O &#8211; 3CR &#8211; 45CH<\/td><td><em>Optativa<\/em><\/td><td><\/td><td><\/td><\/tr><tr><td>SCINF0042 &#8211; GEST\u00c3O: INFORMA\u00c7\u00c3O, CONHECIMENTO E INTELIG\u00caNCIA ORGANIZACIONAL &#8211; 3CR &#8211; 45CH<\/td><td><em>Optativa<\/em><\/td><td><\/td><td><\/td><\/tr><tr><td>1203094 &#8211; INFORMA\u00c7\u00c3O E CULTURA &#8211; 3CR &#8211; 45CH<\/td><td><em>Optativa<\/em><\/td><td><\/td><td><\/td><\/tr><tr><td>SCINF0028 &#8211; INFORMA\u00c7\u00c3O E INCLUS\u00c3O SOCIAL &#8211; 3CR &#8211; 45CH<\/td><td><em>Optativa<\/em><\/td><td><\/td><td><\/td><\/tr><tr><td>SCINF0029 &#8211; INFORMA\u00c7\u00c3O E PATRIM\u00d4NIO &#8211; 3CR &#8211; 45CH<\/td><td><em>Optativa<\/em><\/td><td><\/td><td><\/td><\/tr><tr><td>SCINF0047 &#8211; INFORMA\u00c7\u00c3O E PROPRIEDADE INTELECTUAL &#8211; 3CR &#8211; 45CH<\/td><td><em>Optativa<\/em><\/td><td><\/td><td><\/td><\/tr><tr><td>CINF00120 &#8211; INFORMA\u00c7\u00c3O IMAG\u00c9TICA: ABORDAGENS E PERCURSOS &#8211; 3CR &#8211; 45CH<\/td><td><em>Optativa<\/em><\/td><td><\/td><td><\/td><\/tr><tr><td>SCINF0024 &#8211; INFORMA\u00c7\u00c3O, COGNI\u00c7\u00c3O E CONHECIMENTO &#8211; 3CR &#8211; 45CH<\/td><td><em>Optativa<\/em><\/td><td><\/td><td><\/td><\/tr><tr><td>SCINF0015 &#8211; INFORMA\u00c7\u00c3O, CONHECIMENTO E SOCIEDADE &#8211; 3CR &#8211; 45CH<\/td><td><em>Optativa<\/em><\/td><td><\/td><td><\/td><\/tr><tr><td>SCINF0046 &#8211; INFORMA\u00c7\u00c3O, MEM\u00d3RIA E IDENTIDADE &#8211; 3CR &#8211; 45CH<\/td><td><em>Optativa<\/em><\/td><td><\/td><td><\/td><\/tr><tr><td>CINF00119 &#8211; INFORMA\u00c7\u00c3O, MEM\u00d3RIA E SOCIEDADE &#8211; 3CR &#8211; 45CH<\/td><td><em>Optativa<\/em><\/td><td><\/td><td><\/td><\/tr><tr><td>CINF00118 &#8211; INSTRUMENTOS QUANTITATIVOS PARA PESQUISAS EM CI\u00caNCIA DA INFORMA\u00c7\u00c3O &#8211; 3CR &#8211; 45CH<\/td><td><em>Optativa<\/em><\/td><td><\/td><td><\/td><\/tr><tr><td>SCINF0048 &#8211; INTERA\u00c7\u00c3O HUMANO-COMPUTADOR &#8211; 3CR &#8211; 45CH<\/td><td><em>Optativa<\/em><\/td><td><\/td><td><\/td><\/tr><tr><td>CINF00117 &#8211; INTERFACES ENTRE MEDIA\u00c7\u00c3O E REPRESENTA\u00c7\u00c3O DA INFORMA\u00c7\u00c3O COM OS MARCADORES SOCIAIS DA DIFEREN\u00c7A &#8211; 3CR &#8211; 45CH<\/td><td><em>Optativa<\/em><\/td><td><\/td><td><\/td><\/tr><tr><td>CINF00116 &#8211; M\u00c9TODO QUADRIPOLAR EM CI\u00caNCIA DA INFORMA\u00c7\u00c3O &#8211; 3CR &#8211; 45CH<\/td><td><em>Optativa<\/em><\/td><td><\/td><td><\/td><\/tr><tr><td>SCINF0049 &#8211; M\u00c9TRICAS EM CI\u00caNCIA DA INFORMA\u00c7\u00c3O &#8211; 3CR &#8211; 45CH<\/td><td><em>Optativa<\/em><\/td><td><\/td><td><\/td><\/tr><tr><td>1203099 &#8211; POL\u00cdTICAS DE INFORMA\u00c7\u00c3O &#8211; 3CR &#8211; 45CH<\/td><td><em>Optativa<\/em><\/td><td><\/td><td><\/td><\/tr><tr><td>SCINF0050 &#8211; PRESERVA\u00c7\u00c3O DA INFORMA\u00c7\u00c3O DIGITAL &#8211; 3CR &#8211; 45CH<\/td><td><em>Optativa<\/em><\/td><td><\/td><td><\/td><\/tr><tr><td>SCINF0051 &#8211; RECUPERA\u00c7\u00c3O DA INFORMA\u00c7\u00c3O &#8211; 3CR &#8211; 45CH<\/td><td><em>Optativa<\/em><\/td><td><\/td><td><\/td><\/tr><tr><td>SCINF0017 &#8211; REDES SOCIAIS &#8211; 3CR &#8211; 45CH<\/td><td><em>Optativa<\/em><\/td><td><\/td><td><\/td><\/tr><tr><td>SCINF0052 &#8211; REDES SOCIAIS NA COMUNICA\u00c7\u00c3O CIENT\u00cdFICA &#8211; 3CR &#8211; 45CH<\/td><td><em>Optativa<\/em><\/td><td><\/td><td><\/td><\/tr><tr><td>SCINF0018 &#8211; REPRESENTA\u00c7\u00c3O DA INFORMA\u00c7\u00c3O E DO CONHECIMENTO &#8211; 3CR &#8211; 45CH<\/td><td><em>Optativa<\/em><\/td><td><\/td><td><\/td><\/tr><tr><td>1203095 &#8211; REPRESENTA\u00c7\u00c3O DO CONHECIMENTO E ONTOLOGIAS &#8211; 3CR &#8211; 45CH<\/td><td><em>Optativa<\/em><\/td><td><\/td><td><\/td><\/tr><tr><td>CINF00115 &#8211; SIGNO, SIGNIFICADO E INFORMA\u00c7\u00c3O &#8211; 3CR &#8211; 45CH<\/td><td><em>Optativa<\/em><\/td><td><\/td><td><\/td><\/tr><tr><td>1203109 &#8211; SOCIOLOGIA DA INFORMA\u00c7\u00c3O &#8211; 3CR &#8211; 45CH<\/td><td><em>Optativa<\/em><\/td><td><\/td><td><\/td><\/tr><tr><td>SCINF0022 &#8211; TECNOLOGIA DA INFORMA\u00c7\u00c3O E COMUNICA\u00c7\u00c3O &#8211; 3CR &#8211; 45CH<\/td><td><em>Optativa<\/em><\/td><td><\/td><td><\/td><\/tr><tr><td>CINF00114 &#8211; TECNOLOGIA DA INFORMA\u00c7\u00c3O NA CI\u00caNCIA DA INFORMA\u00c7\u00c3O &#8211; 3CR &#8211; 45CH<\/td><td><em>Optativa<\/em><\/td><td><\/td><td><\/td><\/tr><tr><td>SCINF0030 &#8211; T\u00d3PICOS ESPECIAIS &#8211; 3CR &#8211; 45CH<\/td><td><em>Optativa<\/em><\/td><td><\/td><td><\/td><\/tr><tr><td>SCINF0053 &#8211; T\u00d3PICOS ESPECIAIS &#8211; 2CR &#8211; 30CH<\/td><td><em>Optativa<\/em><\/td><td><\/td><td><\/td><\/tr><tr><td>SCINF0054 &#8211; T\u00d3PICOS ESPECIAIS &#8211; 4CR &#8211; 60CH<\/td><td><em>Optativa<\/em><\/td><td><\/td><td><\/td><\/tr><tr><td>CINF00088 &#8211; USU\u00c1RIO DA INFORMA\u00c7\u00c3O &#8211; 3CR &#8211; 45CH<\/td><td><em>Optativa<\/em><\/td><td><\/td><td><\/td><\/tr><\/tbody><\/table><\/figure>\n","protected":false},"excerpt":{"rendered":"<p>DOUTORADO ACAD\u00caMICO &#8211; DADOS DO CURR\u00cdCULO N\u00famero da Resolu\u00e7\u00e3o: 01\/2022 Curso: CI\u00caNCIA DA INFORMA\u00c7\u00c3O\/PPGCI &#8211; [&hellip;]<\/p>\n","protected":false},"author":63,"featured_media":0,"parent":0,"menu_order":0,"comment_status":"closed","ping_status":"closed","template":"","meta":{"footnotes":""},"class_list":["post-21","page","type-page","status-publish","hentry"],"_links":{"self":[{"href":"https:\/\/www.ccsa.ufpb.br\/ppgci\/wp-json\/wp\/v2\/pages\/21","targetHints":{"allow":["GET"]}}],"collection":[{"href":"https:\/\/www.ccsa.ufpb.br\/ppgci\/wp-json\/wp\/v2\/pages"}],"about":[{"href":"https:\/\/www.ccsa.ufpb.br\/ppgci\/wp-json\/wp\/v2\/types\/page"}],"author":[{"embeddable":true,"href":"https:\/\/www.ccsa.ufpb.br\/ppgci\/wp-json\/wp\/v2\/users\/63"}],"replies":[{"embeddable":true,"href":"https:\/\/www.ccsa.ufpb.br\/ppgci\/wp-json\/wp\/v2\/comments?post=21"}],"version-history":[{"count":3,"href":"https:\/\/www.ccsa.ufpb.br\/ppgci\/wp-json\/wp\/v2\/pages\/21\/revisions"}],"predecessor-version":[{"id":215,"href":"https:\/\/www.ccsa.ufpb.br\/ppgci\/wp-json\/wp\/v2\/pages\/21\/revisions\/215"}],"wp:attachment":[{"href":"https:\/\/www.ccsa.ufpb.br\/ppgci\/wp-json\/wp\/v2\/media?parent=21"}],"curies":[{"name":"wp","href":"https:\/\/api.w.org\/{rel}","templated":true}]}}