{"id":25,"date":"2026-02-10T14:01:14","date_gmt":"2026-02-10T17:01:14","guid":{"rendered":"https:\/\/www.ccsa.ufpb.br\/ppgci\/?page_id=25"},"modified":"2026-03-31T16:37:31","modified_gmt":"2026-03-31T19:37:31","slug":"disciplinas-ofertadas","status":"publish","type":"page","link":"https:\/\/www.ccsa.ufpb.br\/ppgci\/matriz-curricular\/disciplinas-ofertadas\/","title":{"rendered":"Disciplinas Ofertadas"},"content":{"rendered":"\n<p><strong>Lista de disciplinas ofertadas<\/strong><\/p>\n\n\n\n<ul class=\"wp-block-list\">\n<li><a href=\"https:\/\/www.ccsa.ufpb.br\/ppgci\/wp-content\/uploads\/sites\/179\/sites\/444\/2026\/03\/Disciplinas-2026.1-1.pdf\" data-type=\"attachment\" data-id=\"288\">Disciplinas ofertadas 2026.1<\/a><\/li>\n\n\n\n<li><strong><a href=\"http:\/\/plone.ufpb.br\/ppgci\/contents\/documentos\/horario-ppgci-2025-2.pdf\" target=\"_blank\" rel=\"noreferrer noopener\">Disciplinas ofertadas 2025.2<\/a><\/strong><\/li>\n\n\n\n<li><strong><a href=\"http:\/\/plone.ufpb.br\/ppgci\/contents\/documentos\/horario-ppgci_2025-1.pdf\" target=\"_blank\" rel=\"noreferrer noopener\">Disciplinas ofertadas 2025.1<\/a><\/strong><\/li>\n\n\n\n<li><strong><a href=\"http:\/\/plone.ufpb.br\/ppgci\/contents\/documentos\/horario-ppgci_2024-2.pdf\" target=\"_blank\" rel=\"noreferrer noopener\">Disciplinas ofertadas 2024.2<\/a><\/strong><\/li>\n\n\n\n<li><strong><a href=\"http:\/\/plone.ufpb.br\/ppgci\/contents\/documentos\/horario-ppgci-2024-1-1.pdf\" target=\"_blank\" rel=\"noreferrer noopener\">Disciplinas ofertadas 2024.1<\/a><\/strong><\/li>\n\n\n\n<li><strong><a href=\"http:\/\/plone.ufpb.br\/ppgci\/contents\/documentos\/horario-ppgci-2023-2.pdf\" target=\"_blank\" rel=\"noreferrer noopener\">Disciplinas ofertadas 2023.2<\/a><\/strong><\/li>\n\n\n\n<li><strong><a href=\"http:\/\/plone.ufpb.br\/ppgci\/contents\/documentos\/horario-ppgci-2023-1.pdf\" target=\"_blank\" rel=\"noreferrer noopener\">Disciplinas ofertadas 2023.1<\/a><\/strong><\/li>\n\n\n\n<li><strong><a href=\"http:\/\/plone.ufpb.br\/ppgci\/contents\/documentos\/horario-ppgci-2022-2.pdf\" target=\"_blank\" rel=\"noreferrer noopener\">Disciplinas ofertadas 2022.2<\/a><\/strong><\/li>\n<\/ul>\n\n\n\n<p><strong>Ementas das disciplinas<\/strong><\/p>\n\n\n\n<ul class=\"wp-block-list\">\n<li><strong><a href=\"http:\/\/plone.ufpb.br\/ppgci\/contents\/documentos\/ementario-res-01-2022-consepe.pdf\" target=\"_blank\" rel=\"noreferrer noopener\">Ement\u00e1rio (Resolu\u00e7\u00e3o n\u00ba 01\/2022 CONSEPE)<\/a><\/strong><\/li>\n<\/ul>\n","protected":false},"excerpt":{"rendered":"<p>Lista de disciplinas ofertadas Ementas das disciplinas<\/p>\n","protected":false},"author":518,"featured_media":0,"parent":21,"menu_order":0,"comment_status":"closed","ping_status":"closed","template":"","meta":{"footnotes":""},"class_list":["post-25","page","type-page","status-publish","hentry"],"_links":{"self":[{"href":"https:\/\/www.ccsa.ufpb.br\/ppgci\/wp-json\/wp\/v2\/pages\/25","targetHints":{"allow":["GET"]}}],"collection":[{"href":"https:\/\/www.ccsa.ufpb.br\/ppgci\/wp-json\/wp\/v2\/pages"}],"about":[{"href":"https:\/\/www.ccsa.ufpb.br\/ppgci\/wp-json\/wp\/v2\/types\/page"}],"author":[{"embeddable":true,"href":"https:\/\/www.ccsa.ufpb.br\/ppgci\/wp-json\/wp\/v2\/users\/518"}],"replies":[{"embeddable":true,"href":"https:\/\/www.ccsa.ufpb.br\/ppgci\/wp-json\/wp\/v2\/comments?post=25"}],"version-history":[{"count":4,"href":"https:\/\/www.ccsa.ufpb.br\/ppgci\/wp-json\/wp\/v2\/pages\/25\/revisions"}],"predecessor-version":[{"id":289,"href":"https:\/\/www.ccsa.ufpb.br\/ppgci\/wp-json\/wp\/v2\/pages\/25\/revisions\/289"}],"up":[{"embeddable":true,"href":"https:\/\/www.ccsa.ufpb.br\/ppgci\/wp-json\/wp\/v2\/pages\/21"}],"wp:attachment":[{"href":"https:\/\/www.ccsa.ufpb.br\/ppgci\/wp-json\/wp\/v2\/media?parent=25"}],"curies":[{"name":"wp","href":"https:\/\/api.w.org\/{rel}","templated":true}]}}