{"id":53,"date":"2026-02-10T14:15:04","date_gmt":"2026-02-10T17:15:04","guid":{"rendered":"https:\/\/www.ccsa.ufpb.br\/ppgci\/?page_id=53"},"modified":"2026-02-12T15:26:33","modified_gmt":"2026-02-12T18:26:33","slug":"corpo-docente-2","status":"publish","type":"page","link":"https:\/\/www.ccsa.ufpb.br\/ppgci\/corpo-docente-2\/","title":{"rendered":"Corpo Docente"},"content":{"rendered":"\n<p><\/p>\n\n\n\n<p><strong>ALZIRA KARLA ARAUJO DA SILVA<\/strong><\/p>\n\n\n\n<p class=\" \"><strong>Linha de pesquisa:<\/strong>&nbsp;\u00c9tica, gest\u00e3o e pol\u00edticas de informa\u00e7\u00e3o<\/p>\n\n\n\n<p class=\" \"><strong>V\u00ednculo:&nbsp;<\/strong>Docente&nbsp;Permanente<\/p>\n\n\n\n<p class=\" \"><strong>E-mail:&nbsp;<\/strong>alzirakarlaufpb@gmail.com<\/p>\n\n\n\n<p class=\" \"><strong>Lattes:&nbsp;<\/strong><a href=\"http:\/\/lattes.cnpq.br\/9118083826048075\" target=\"_blank\" rel=\"noreferrer noopener\">http:\/\/lattes.cnpq.br\/9118083826048075<\/a><\/p>\n\n\n\n<p class=\" \">&nbsp;<\/p>\n\n\n\n<p><strong>BERNARDINA MARIA JUVENAL FREIRE DE OLIVEIRA<a href=\"https:\/\/sigaa.ufpb.br\/sigaa\/public\/docente\/portal.jsf?siape=3116045\" target=\"_blank\" rel=\"noreferrer noopener\"><\/a><\/strong><\/p>\n\n\n\n<p class=\" \"><strong>Linha de pesquisa:<\/strong>&nbsp;Mem\u00f3ria, media\u00e7\u00e3o e apropria\u00e7\u00e3o da informa\u00e7\u00e3o<\/p>\n\n\n\n<p class=\" \"><strong>V\u00ednculo:&nbsp;<\/strong>Docente&nbsp;Permanente<\/p>\n\n\n\n<p class=\" \"><strong>E-mail:&nbsp;<\/strong>bernardinafreire@gmail.com<\/p>\n\n\n\n<p class=\" \"><strong>Lattes:&nbsp;<\/strong><a href=\"http:\/\/lattes.cnpq.br\/0252677389291551\" target=\"_blank\" rel=\"noreferrer noopener\">http:\/\/lattes.cnpq.br\/0252677389291551<\/a><\/p>\n\n\n\n<p class=\" \">&nbsp;<\/p>\n\n\n\n<p><strong>CARLOS XAVIER DE AZEVEDO NETTO<a href=\"https:\/\/sigaa.ufpb.br\/sigaa\/public\/docente\/portal.jsf?siape=1346139\" target=\"_blank\" rel=\"noreferrer noopener\"><\/a><\/strong><\/p>\n\n\n\n<p class=\" \"><strong>Linha de pesquisa:<\/strong>&nbsp;Mem\u00f3ria, media\u00e7\u00e3o e apropria\u00e7\u00e3o da informa\u00e7\u00e3o<\/p>\n\n\n\n<p class=\" \"><strong>V\u00ednculo:&nbsp;<\/strong>Docente&nbsp;Permanente<\/p>\n\n\n\n<p class=\" \"><strong>E-mail:&nbsp;<\/strong>xaviernetto@gmail.com<\/p>\n\n\n\n<p class=\" \"><strong>Lattes:&nbsp;<\/strong><a href=\"http:\/\/lattes.cnpq.br\/9847960499982828\" target=\"_blank\" rel=\"noreferrer noopener\">http:\/\/lattes.cnpq.br\/9847960499982828<\/a><\/p>\n\n\n\n<p class=\" \">&nbsp;<\/p>\n\n\n\n<p><strong>CONRAD RODRIGUES ROSA<a href=\"https:\/\/sigaa.ufpb.br\/sigaa\/public\/docente\/portal.jsf?siape=\" target=\"_blank\" rel=\"noreferrer noopener\"><\/a><\/strong><\/p>\n\n\n\n<p class=\" \"><strong>Linha de pesquisa:<\/strong>&nbsp;Mem\u00f3ria, media\u00e7\u00e3o e apropria\u00e7\u00e3o da informa\u00e7\u00e3o<\/p>\n\n\n\n<p class=\" \"><strong>V\u00ednculo:&nbsp;<\/strong>Pesquisador P\u00f3s-doc<\/p>\n\n\n\n<p class=\" \"><strong>E-mail:&nbsp;<\/strong>conradrosa@gmail.com<\/p>\n\n\n\n<p class=\" \"><strong>Lattes:&nbsp;<\/strong><a href=\"http:\/\/lattes.cnpq.br\/7504928746215093\" target=\"_blank\" rel=\"noreferrer noopener\">http:\/\/lattes.cnpq.br\/7504928746215093<\/a><\/p>\n\n\n\n<p class=\" \">&nbsp;<\/p>\n\n\n\n<p><strong>EDIVANIO DUARTE DE SOUZA<\/strong><\/p>\n\n\n\n<p class=\" \"><strong>Linha de pesquisa:<\/strong>&nbsp;\u00c9tica, gest\u00e3o e pol\u00edticas de informa\u00e7\u00e3o<\/p>\n\n\n\n<p class=\" \"><strong>V\u00ednculo:&nbsp;<\/strong>Docente colaborador<\/p>\n\n\n\n<p class=\" \"><strong>E-mail:&nbsp;<\/strong>edivanio.duarte@ichca.ufal.br<\/p>\n\n\n\n<p class=\" \"><strong>Lattes:&nbsp;<\/strong><a href=\"http:\/\/lattes.cnpq.br\/5646522403599369\" target=\"_blank\" rel=\"noreferrer noopener\">http:\/\/lattes.cnpq.br\/5646522403599369<\/a><\/p>\n\n\n\n<p class=\" \">&nbsp;<\/p>\n\n\n\n<p><strong>EDNA GOMES PINHEIRO<\/strong><\/p>\n\n\n\n<p class=\" \"><strong>Linha de pesquisa:<\/strong>&nbsp;Mem\u00f3ria, media\u00e7\u00e3o e apropria\u00e7\u00e3o da informa\u00e7\u00e3o<\/p>\n\n\n\n<p class=\" \"><strong>V\u00ednculo:&nbsp;<\/strong>Docente colaborador<\/p>\n\n\n\n<p class=\" \"><strong>E-mail:&nbsp;<\/strong>ednagomespi@yahoo.com.br<\/p>\n\n\n\n<p class=\" \"><strong>Lattes:&nbsp;<\/strong><a href=\"http:\/\/lattes.cnpq.br\/7223433849369850\" target=\"_blank\" rel=\"noreferrer noopener\">http:\/\/lattes.cnpq.br\/7223433849369850<\/a><\/p>\n\n\n\n<p class=\" \">&nbsp;<\/p>\n\n\n\n<p><strong>EDVALDO CARVALHO ALVES<\/strong><\/p>\n\n\n\n<p class=\" \"><strong>Linha de pesquisa:<\/strong>&nbsp;Mem\u00f3ria, media\u00e7\u00e3o e apropria\u00e7\u00e3o da informa\u00e7\u00e3o<\/p>\n\n\n\n<p class=\" \"><strong>V\u00ednculo:&nbsp;<\/strong>Docente permanente<\/p>\n\n\n\n<p class=\" \"><strong>E-mail:&nbsp;<\/strong>edvaldocalves@gmail.com<\/p>\n\n\n\n<p class=\" \"><strong>Lattes:&nbsp;<\/strong><a href=\"http:\/\/lattes.cnpq.br\/3942210361822168\" target=\"_blank\" rel=\"noreferrer noopener\">http:\/\/lattes.cnpq.br\/3942210361822168<\/a><\/p>\n\n\n\n<p class=\" \">&nbsp;<\/p>\n\n\n\n<p><strong>FELLIPE S\u00c1 BRASILEIRO<a href=\"https:\/\/sigaa.ufpb.br\/sigaa\/public\/docente\/portal.jsf?siape=1140700\" target=\"_blank\" rel=\"noreferrer noopener\"><\/a><\/strong><\/p>\n\n\n\n<p class=\" \"><strong>Linha de pesquisa:<\/strong>&nbsp;Mem\u00f3ria, media\u00e7\u00e3o e apropria\u00e7\u00e3o da informa\u00e7\u00e3o<\/p>\n\n\n\n<p class=\" \"><strong>V\u00ednculo:&nbsp;<\/strong>Docente colaborador<\/p>\n\n\n\n<p class=\" \"><strong>E-mail:&nbsp;<\/strong>fellipesa@hotmail.com<\/p>\n\n\n\n<p class=\" \"><strong>Lattes:&nbsp;<\/strong><a href=\"http:\/\/lattes.cnpq.br\/6466659926036491\" target=\"_blank\" rel=\"noreferrer noopener\">http:\/\/lattes.cnpq.br\/6466659926036491<\/a><\/p>\n\n\n\n<p class=\" \">&nbsp;<\/p>\n\n\n\n<p><strong>GISELE ROCHA C\u00d4RTES<\/strong><\/p>\n\n\n\n<p class=\" \"><strong>Linha de pesquisa:<\/strong>&nbsp;Mem\u00f3ria, media\u00e7\u00e3o e apropria\u00e7\u00e3o da informa\u00e7\u00e3o<\/p>\n\n\n\n<p class=\" \"><strong>V\u00ednculo:&nbsp;<\/strong>Docente permanente<\/p>\n\n\n\n<p class=\" \"><strong>E-mail:&nbsp;<\/strong>giselerochacortes@gmail.com<\/p>\n\n\n\n<p class=\" \"><strong>Lattes:&nbsp;<\/strong><a href=\"http:\/\/lattes.cnpq.br\/9665648668089568\" target=\"_blank\" rel=\"noreferrer noopener\">http:\/\/lattes.cnpq.br\/9665648668089568<\/a><\/p>\n\n\n\n<p class=\" \">&nbsp;<\/p>\n\n\n\n<p><strong>GRACY KELLI MARTINS GON\u00c7ALVES<a href=\"https:\/\/sigaa.ufpb.br\/sigaa\/public\/docente\/portal.jsf?siape=\" target=\"_blank\" rel=\"noreferrer noopener\"><\/a><\/strong><\/p>\n\n\n\n<p class=\" \"><strong>Linha de pesquisa:<\/strong>&nbsp;Organiza\u00e7\u00e3o, representa\u00e7\u00e3o e tecnologias da informa\u00e7\u00e3o<\/p>\n\n\n\n<p class=\" \"><strong>V\u00ednculo:&nbsp;<\/strong>Docente colaboradora<\/p>\n\n\n\n<p class=\" \"><strong>E-mail:&nbsp;<\/strong>gracykelli@gmail.com<\/p>\n\n\n\n<p class=\" \"><strong>Lattes:&nbsp;<\/strong><a href=\"http:\/\/lattes.cnpq.br\/7431498333122929\" target=\"_blank\" rel=\"noreferrer noopener\">http:\/\/lattes.cnpq.br\/7431498333122929<\/a><\/p>\n\n\n\n<p class=\" \">&nbsp;<\/p>\n\n\n\n<p><strong>GUILHERME ATA\u00cdDE DIAS<a href=\"https:\/\/sigaa.ufpb.br\/sigaa\/public\/docente\/portal.jsf?siape=\" target=\"_blank\" rel=\"noreferrer noopener\"><\/a><\/strong><\/p>\n\n\n\n<p class=\" \"><strong>Linha de pesquisa:<\/strong>&nbsp;Organiza\u00e7\u00e3o, representa\u00e7\u00e3o e tecnologias da informa\u00e7\u00e3o<\/p>\n\n\n\n<p class=\" \"><strong>V\u00ednculo:&nbsp;<\/strong>Docente permanente<\/p>\n\n\n\n<p class=\" \"><strong>E-mail:&nbsp;<\/strong>guilhermeataide@gmail.com<\/p>\n\n\n\n<p class=\" \"><strong>Lattes:&nbsp;<\/strong><a href=\"http:\/\/lattes.cnpq.br\/9553707435669429\" target=\"_blank\" rel=\"noreferrer noopener\">http:\/\/lattes.cnpq.br\/9553707435669429<\/a><\/p>\n\n\n\n<p class=\" \">&nbsp;<\/p>\n\n\n\n<p><strong>GUSTAVO HENRIQUE DE ARA\u00daJO FREIRE<\/strong><\/p>\n\n\n\n<p class=\" \"><strong>Linha de pesquisa:<\/strong>&nbsp;\u00c9tica, gest\u00e3o e pol\u00edticas de informa\u00e7\u00e3o<\/p>\n\n\n\n<p class=\" \"><strong>V\u00ednculo:&nbsp;<\/strong>Docente permanente<\/p>\n\n\n\n<p class=\" \"><strong>E-mail:&nbsp;<\/strong>ghafreire@gmail.com<\/p>\n\n\n\n<p class=\" \"><strong>Lattes:&nbsp;<\/strong><a href=\"http:\/\/lattes.cnpq.br\/5458344734085444\" target=\"_blank\" rel=\"noreferrer noopener\">http:\/\/lattes.cnpq.br\/5458344734085444<\/a><\/p>\n\n\n\n<p class=\" \">&nbsp;<\/p>\n\n\n\n<p><strong>HENRY P\u00d4NCIO CRUZ DE OLIVEIRA<a href=\"https:\/\/sigaa.ufpb.br\/sigaa\/public\/docente\/portal.jsf?siape=\" target=\"_blank\" rel=\"noreferrer noopener\"><\/a><\/strong><\/p>\n\n\n\n<p class=\" \"><strong>Linha de pesquisa:<\/strong>&nbsp;Organiza\u00e7\u00e3o, representa\u00e7\u00e3o e tecnologias da informa\u00e7\u00e3o<\/p>\n\n\n\n<p class=\" \"><strong>V\u00ednculo:&nbsp;<\/strong>Docente permanente<\/p>\n\n\n\n<p class=\" \"><strong>E-mail:&nbsp;<\/strong>henry.poncio@gmail.com<\/p>\n\n\n\n<p class=\" \"><strong>Lattes:&nbsp;<\/strong><a href=\"http:\/\/lattes.cnpq.br\/4231993792347599\" target=\"_blank\" rel=\"noreferrer noopener\">http:\/\/lattes.cnpq.br\/4231993792347599<\/a><\/p>\n\n\n\n<p class=\" \">&nbsp;<\/p>\n\n\n\n<p><strong>IZABEL FRAN\u00c7A DE LIMA<a href=\"https:\/\/sigaa.ufpb.br\/sigaa\/public\/docente\/portal.jsf?siape=\" target=\"_blank\" rel=\"noreferrer noopener\"><\/a><\/strong><\/p>\n\n\n\n<p class=\" \"><strong>Linha de pesquisa:<\/strong>&nbsp;Mem\u00f3ria, media\u00e7\u00e3o e apropria\u00e7\u00e3o da informa\u00e7\u00e3o<\/p>\n\n\n\n<p class=\" \"><strong>V\u00ednculo:&nbsp;<\/strong>Docente permanente<\/p>\n\n\n\n<p class=\" \"><strong>E-mail:&nbsp;<\/strong>belbib@gmail.com<\/p>\n\n\n\n<p class=\" \"><strong>Lattes:&nbsp;<\/strong><a href=\"http:\/\/lattes.cnpq.br\/2774920113255079\" target=\"_blank\" rel=\"noreferrer noopener\">http:\/\/lattes.cnpq.br\/2774920113255079<\/a><\/p>\n\n\n\n<p class=\" \">&nbsp;<\/p>\n\n\n\n<p><strong>JULYANNA DE OLIVEIRA BEZERRA<\/strong><\/p>\n\n\n\n<p class=\" \"><strong>Linha de pesquisa:<\/strong>&nbsp;Mem\u00f3ria, media\u00e7\u00e3o e apropria\u00e7\u00e3o da informa\u00e7\u00e3o<\/p>\n\n\n\n<p class=\" \"><strong>V\u00ednculo:&nbsp;<\/strong>Pesquisadora P\u00f3s-doc<\/p>\n\n\n\n<p class=\" \"><strong>E-mail:&nbsp;<\/strong>july_ufpb23@hotmail.com<\/p>\n\n\n\n<p class=\" \"><strong>Lattes:&nbsp;<\/strong><a href=\"http:\/\/lattes.cnpq.br\/4193393338246330\" target=\"_blank\" rel=\"noreferrer noopener\">http:\/\/lattes.cnpq.br\/4193393338246330<\/a><a href=\"http:\/\/lattes.cnpq.br\/4193393338246330\" target=\"_blank\" rel=\"noreferrer noopener\"><\/a><\/p>\n\n\n\n<p class=\" \">&nbsp;<\/p>\n\n\n\n<p><strong>J\u00daLIO AFONSO S\u00c1 DE PINHO NETO<\/strong><\/p>\n\n\n\n<p class=\" \"><strong>Linha de pesquisa:<\/strong>&nbsp;\u00c9tica, gest\u00e3o e pol\u00edticas de informa\u00e7\u00e3o<\/p>\n\n\n\n<p class=\" \"><strong>V\u00ednculo:&nbsp;<\/strong>Docente permanente<\/p>\n\n\n\n<p class=\" \"><strong>E-mail:&nbsp;<\/strong>sadepinhojulio@gmail.com<\/p>\n\n\n\n<p class=\" \"><strong>Lattes:&nbsp;<\/strong><a href=\"http:\/\/lattes.cnpq.br\/9024978229643441\" target=\"_blank\" rel=\"noreferrer noopener\">http:\/\/lattes.cnpq.br\/9024978229643441<\/a><\/p>\n\n\n\n<p class=\" \">&nbsp;<\/p>\n\n\n\n<p><strong>M\u00c1RCIA MARIA DE MEDEIROS TRAVASSOS SAEGER<\/strong><\/p>\n\n\n\n<p class=\" \"><strong>Linha de pesquisa:<\/strong>&nbsp;\u00c9tica, gest\u00e3o e pol\u00edticas de informa\u00e7\u00e3o<\/p>\n\n\n\n<p class=\" \"><strong>V\u00ednculo:&nbsp;<\/strong>Docente permanente<\/p>\n\n\n\n<p class=\" \"><strong>E-mail:&nbsp;<\/strong>marciatsaeger@yahoo.com.br<\/p>\n\n\n\n<p class=\" \"><strong>Lattes:&nbsp;<\/strong><a href=\"http:\/\/lattes.cnpq.br\/8573980668187046\" target=\"_blank\" rel=\"noreferrer noopener\">http:\/\/lattes.cnpq.br\/8573980668187046<\/a><\/p>\n\n\n\n<p class=\" \">&nbsp;<\/p>\n\n\n\n<p><strong>MARCKSON ROBERTO DE LIMA<a href=\"https:\/\/sigaa.ufpb.br\/sigaa\/public\/docente\/portal.jsf?siape=\" target=\"_blank\" rel=\"noreferrer noopener\"><\/a><\/strong><\/p>\n\n\n\n<p class=\" \"><strong>Linha de pesquisa:<\/strong>&nbsp;Organiza\u00e7\u00e3o, representa\u00e7\u00e3o e tecnologias da informa\u00e7\u00e3o<\/p>\n\n\n\n<p class=\" \"><strong>V\u00ednculo:&nbsp;<\/strong>Docente permanente<\/p>\n\n\n\n<p class=\" \"><strong>E-mail:&nbsp;<\/strong>marckson.dci.ufpb@gmail.com<\/p>\n\n\n\n<p class=\" \"><strong>Lattes:&nbsp;<\/strong><a href=\"http:\/\/lattes.cnpq.br\/0221265788966967\" target=\"_blank\" rel=\"noreferrer noopener\">http:\/\/lattes.cnpq.br\/0221265788966967<\/a><\/p>\n\n\n\n<p class=\" \">&nbsp;<\/p>\n\n\n\n<p><strong>MARIA AURORA CUEVAS CERVER\u00d3<a href=\"https:\/\/sigaa.ufpb.br\/sigaa\/public\/docente\/portal.jsf?siape=\" target=\"_blank\" rel=\"noreferrer noopener\"><\/a><\/strong><\/p>\n\n\n\n<p class=\" \"><strong>Linha de pesquisa:<\/strong>&nbsp;Organiza\u00e7\u00e3o, representa\u00e7\u00e3o e tecnologias da informa\u00e7\u00e3o<\/p>\n\n\n\n<p class=\" \"><strong>V\u00ednculo:&nbsp;<\/strong>Docente permanente<\/p>\n\n\n\n<p class=\" \"><strong>E-mail:&nbsp;<\/strong>macuevas@ccinf.ucm.es<\/p>\n\n\n\n<p class=\" \"><strong>Lattes:&nbsp;<\/strong><a href=\"http:\/\/lattes.cnpq.br\/9152981469958239\" target=\"_blank\" rel=\"noreferrer noopener\">http:\/\/lattes.cnpq.br\/9152981469958239<\/a><\/p>\n\n\n\n<p class=\" \">&nbsp;<\/p>\n\n\n\n<p><strong>MARIA CLEIDE RODRIGUES BERNARDINO<\/strong><\/p>\n\n\n\n<p class=\" \"><strong>Linha de pesquisa:<\/strong>&nbsp;Organiza\u00e7\u00e3o, representa\u00e7\u00e3o e tecnologias da informa\u00e7\u00e3o<\/p>\n\n\n\n<p class=\" \"><strong>V\u00ednculo:&nbsp;<\/strong>Docente colaborador<\/p>\n\n\n\n<p class=\" \"><strong>E-mail:&nbsp;<\/strong>cleide.rodrigues@ufca.edu.br<\/p>\n\n\n\n<p class=\" \"><strong>Lattes:&nbsp;<\/strong><a href=\"http:\/\/lattes.cnpq.br\/5619979866984830\" target=\"_blank\" rel=\"noreferrer noopener\">http:\/\/lattes.cnpq.br\/5619979866984830<\/a><\/p>\n\n\n\n<p class=\" \">&nbsp;<\/p>\n\n\n\n<p><strong>MARIA ELIZABETH BALTAR CARNEIRO DE ALBUQUERQUE<\/strong><\/p>\n\n\n\n<p class=\" \"><strong>Linha de pesquisa:<\/strong>&nbsp;Organiza\u00e7\u00e3o, representa\u00e7\u00e3o e tecnologias da informa\u00e7\u00e3o<\/p>\n\n\n\n<p class=\" \"><strong>V\u00ednculo:&nbsp;<\/strong>Docente permanente<\/p>\n\n\n\n<p class=\" \"><strong>E-mail:&nbsp;<\/strong>ebaltar2007@gmail.com<\/p>\n\n\n\n<p class=\" \"><strong>Lattes:&nbsp;<\/strong><a href=\"http:\/\/lattes.cnpq.br\/9310201739348129\" target=\"_blank\" rel=\"noreferrer noopener\">http:\/\/lattes.cnpq.br\/9310201739348129<\/a><\/p>\n\n\n\n<p class=\" \">&nbsp;<\/p>\n\n\n\n<p><strong>TASSYARA ONOFRE DE OLIVEIRA<a href=\"https:\/\/sigaa.ufpb.br\/sigaa\/public\/docente\/portal.jsf?siape=\" target=\"_blank\" rel=\"noreferrer noopener\"><\/a><\/strong><\/p>\n\n\n\n<p class=\" \"><strong>Linha de pesquisa:<\/strong>&nbsp;Organiza\u00e7\u00e3o, representa\u00e7\u00e3o e tecnologias da informa\u00e7\u00e3o<\/p>\n\n\n\n<p class=\" \"><strong>V\u00ednculo:&nbsp;<\/strong>Pesquisador P\u00f3s-doc<\/p>\n\n\n\n<p class=\" \"><strong>E-mail:&nbsp;<\/strong>tassyaraonofre@gmail.com<\/p>\n\n\n\n<p class=\" \"><strong>Lattes:&nbsp;<\/strong><a href=\"http:\/\/lattes.cnpq.br\/5328618364332415\" target=\"_blank\" rel=\"noreferrer noopener\">http:\/\/lattes.cnpq.br\/5328618364332415<\/a><\/p>\n\n\n\n<p class=\" \">&nbsp;<\/p>\n\n\n\n<p><strong>VIRG\u00cdNIA BENTES PINTO<\/strong><\/p>\n\n\n\n<p class=\" \"><strong>Linha de pesquisa:<\/strong>&nbsp;Organiza\u00e7\u00e3o, representa\u00e7\u00e3o e tecnologias da informa\u00e7\u00e3o<\/p>\n\n\n\n<p class=\" \"><strong>V\u00ednculo:&nbsp;<\/strong>Docente permanente<\/p>\n\n\n\n<p class=\" \"><strong>E-mail:&nbsp;<\/strong>vbentes@ufc.br<\/p>\n\n\n\n<p class=\" \"><strong>Lattes:&nbsp;<\/strong><a href=\"http:\/\/lattes.cnpq.br\/8992341585329383\" target=\"_blank\" rel=\"noreferrer noopener\">http:\/\/lattes.cnpq.br\/8992341585329383<\/a><\/p>\n\n\n\n<p class=\" \">&nbsp;<\/p>\n\n\n\n<p><strong>WAGNER JUNQUEIRA DE ARA\u00daJO<\/strong><\/p>\n\n\n\n<p class=\" \"><strong>Linha de pesquisa:<\/strong>&nbsp;\u00c9tica, gest\u00e3o e pol\u00edticas de informa\u00e7\u00e3o<\/p>\n\n\n\n<p class=\" \"><strong>V\u00ednculo:&nbsp;<\/strong>Docente permanente<\/p>\n\n\n\n<p class=\" \"><strong>E-mail:&nbsp;<\/strong>wagnerjunqueira.araujo@gmail.com<\/p>\n\n\n\n<p class=\" \"><strong>Lattes:&nbsp;<\/strong><a href=\"http:\/\/lattes.cnpq.br\/6762905361803183\" target=\"_blank\" rel=\"noreferrer noopener\">http:\/\/lattes.cnpq.br\/6762905361803183<\/a><\/p>\n","protected":false},"excerpt":{"rendered":"<p>ALZIRA KARLA ARAUJO DA SILVA Linha de pesquisa:&nbsp;\u00c9tica, gest\u00e3o e pol\u00edticas de informa\u00e7\u00e3o V\u00ednculo:&nbsp;Docente&nbsp;Permanente E-mail:&nbsp;alzirakarlaufpb@gmail.com [&hellip;]<\/p>\n","protected":false},"author":63,"featured_media":0,"parent":0,"menu_order":0,"comment_status":"closed","ping_status":"closed","template":"","meta":{"footnotes":""},"class_list":["post-53","page","type-page","status-publish","hentry"],"_links":{"self":[{"href":"https:\/\/www.ccsa.ufpb.br\/ppgci\/wp-json\/wp\/v2\/pages\/53","targetHints":{"allow":["GET"]}}],"collection":[{"href":"https:\/\/www.ccsa.ufpb.br\/ppgci\/wp-json\/wp\/v2\/pages"}],"about":[{"href":"https:\/\/www.ccsa.ufpb.br\/ppgci\/wp-json\/wp\/v2\/types\/page"}],"author":[{"embeddable":true,"href":"https:\/\/www.ccsa.ufpb.br\/ppgci\/wp-json\/wp\/v2\/users\/63"}],"replies":[{"embeddable":true,"href":"https:\/\/www.ccsa.ufpb.br\/ppgci\/wp-json\/wp\/v2\/comments?post=53"}],"version-history":[{"count":2,"href":"https:\/\/www.ccsa.ufpb.br\/ppgci\/wp-json\/wp\/v2\/pages\/53\/revisions"}],"predecessor-version":[{"id":201,"href":"https:\/\/www.ccsa.ufpb.br\/ppgci\/wp-json\/wp\/v2\/pages\/53\/revisions\/201"}],"wp:attachment":[{"href":"https:\/\/www.ccsa.ufpb.br\/ppgci\/wp-json\/wp\/v2\/media?parent=53"}],"curies":[{"name":"wp","href":"https:\/\/api.w.org\/{rel}","templated":true}]}}