{"id":57,"date":"2026-02-10T14:15:30","date_gmt":"2026-02-10T17:15:30","guid":{"rendered":"https:\/\/www.ccsa.ufpb.br\/ppgci\/?page_id=57"},"modified":"2026-02-12T15:33:14","modified_gmt":"2026-02-12T18:33:14","slug":"documentos","status":"publish","type":"page","link":"https:\/\/www.ccsa.ufpb.br\/ppgci\/documentos\/","title":{"rendered":"Documentos e solicita\u00e7\u00f5es"},"content":{"rendered":"\n<p><\/p>\n\n\n\n<p><strong>Documentos<\/strong><\/p>\n\n\n\n<ul class=\"wp-block-list\">\n<li><strong><a href=\"http:\/\/plone.ufpb.br\/ppgci\/contents\/documentos\/requerimento_geral_ppgci-1.docx\" target=\"_blank\" rel=\"noreferrer noopener\">Requerimento geral<\/a><\/strong><\/li>\n\n\n\n<li><strong><a href=\"http:\/\/plone.ufpb.br\/ppgci\/contents\/documentos\/modelo-relatorio-bolsista_semestre-ppgci.docx\" target=\"_blank\" rel=\"noreferrer noopener\">Modelo de relat\u00f3rio bolsista<\/a><\/strong><\/li>\n\n\n\n<li><strong><a href=\"http:\/\/plone.ufpb.br\/ppgci\/contents\/documentos\/modelo-de-declaracao-de-vinculo-empregaticio-ppgci.docx\" target=\"_blank\" rel=\"noreferrer noopener\">Modelo de declara\u00e7\u00e3o de v\u00ednculo empregat\u00edcio<\/a><\/strong><\/li>\n\n\n\n<li><strong><a href=\"http:\/\/plone.ufpb.br\/ppgci\/contents\/documentos\/manual-autodeposito-sigaa-ufpb-corrigido.pdf\" target=\"_blank\" rel=\"noreferrer noopener\">Manual de autodep\u00f3sito\u00a0SIGAA<\/a><\/strong><\/li>\n\n\n\n<li><strong><a href=\"http:\/\/plone.ufpb.br\/ppgci\/contents\/documentos\/termo-de-autorizacao-para-publicacao-eletronica-na-biblioteca-digital-da-ufpb.pdf\" target=\"_blank\" rel=\"noreferrer noopener\">Termo de autoriza\u00e7\u00e3o para publica\u00e7\u00e3o eletr\u00f4nica na Biblioteca Digital da UFPB<\/a><\/strong><\/li>\n\n\n\n<li><strong><a href=\"http:\/\/plone.ufpb.br\/ppgci\/contents\/documentos\/questionario-socioeconomico-pos-2024.docx\" target=\"_blank\" rel=\"noreferrer noopener\">Question\u00e1rio socioecon\u00f4mico<\/a><\/strong><\/li>\n<\/ul>\n\n\n\n<p class=\" \">&nbsp;<\/p>\n\n\n\n<p><strong>Agendamento de defesa (disserta\u00e7\u00e3o\/tese) ou exame de qualifica\u00e7\u00e3o<\/strong><\/p>\n\n\n\n<p class=\" \">Para o agendamento de defesa ou exame de qualifica\u00e7\u00e3o,&nbsp;o(a) orientador(a) deve seguir os procedimentos abaixo:<\/p>\n\n\n\n<p>1. Cadastrar a banca no SIGAA;<\/p>\n\n\n\n<p>2. Enviar um e-mail ao PPGCI&nbsp;(<strong><a href=\"mailto:ppgci@ccsa.ufpb.br\" target=\"_blank\" rel=\"noreferrer noopener\">ppgci@ccsa.ufpb.br<\/a><\/strong>)&nbsp;informando a composi\u00e7\u00e3o de titulares e suplentes da banca (essa informa\u00e7\u00e3o n\u00e3o \u00e9 gerada pelo sistema), a fim de que a Secretaria possa elaborar a documenta\u00e7\u00e3o necess\u00e1ria;<\/p>\n\n\n\n<p>3.&nbsp;<strong>Em caso de&nbsp;defesas<\/strong>, deve ser anexada a este e-mail a comprova\u00e7\u00e3o da submiss\u00e3o ou publica\u00e7\u00e3o de no m\u00ednimo um artigo cient\u00edfico do discente em coautoria com o(a) orientador(a), em peri\u00f3dicos cient\u00edficos em estrato Qualis A ou B, para mestrandos e a comprova\u00e7\u00e3o da submiss\u00e3o ou publica\u00e7\u00e3o de no m\u00ednimo dois artigos cient\u00edficos do discente em coautoria com o(a) orientador(a), em peri\u00f3dicos cient\u00edficos em estrato Qualis A ou B, para doutorandos.<\/p>\n\n\n\n<p>Aten\u00e7\u00e3o:<\/p>\n\n\n\n<p>&#8211; O agendamento deve ser realizado com no m\u00ednimo 15 dias de anteced\u00eancia, para que seja poss\u00edvel operacionalizar as demandas das bancas e demais atividades que ocorrer\u00e3o neste per\u00edodo;<\/p>\n\n\n\n<p>&#8211; Ao cadastrar a banca, \u00e9 necess\u00e1rio selecionar a atividade (qualifica\u00e7\u00e3o ou defesa) referente ao semestre em vig\u00eancia na data da defesa;<\/p>\n\n\n\n<p>&#8211; \u00c9 necess\u00e1rio cadastrar todos os membros da banca, incluindo os suplentes. Bancas incompletas n\u00e3o ser\u00e3o aprovadas.<\/p>\n\n\n\n<p class=\" \">&nbsp;<\/p>\n\n\n\n<p><strong>Solicita\u00e7\u00e3o de prorroga\u00e7\u00e3o de prazo para defesa<\/strong><\/p>\n\n\n\n<p>A solicita\u00e7\u00e3o&nbsp;de&nbsp;prorroga\u00e7\u00e3o&nbsp;de&nbsp;prazo&nbsp;para defesa&nbsp;de disserta\u00e7\u00e3o ou tese deve ser feita por meio de envio da documenta\u00e7\u00e3o abaixo listada,&nbsp;<strong>em formato PDF<\/strong>,&nbsp;para o e-mail da Secretaria do Programa (<strong><a href=\"mailto:ppgci@ccsa.ufpb.br\" target=\"_blank\" rel=\"noreferrer noopener\">ppgci@ccsa.ufpb.br<\/a><\/strong>):<\/p>\n\n\n\n<p>1.&nbsp;<a href=\"http:\/\/plone.ufpb.br\/ppgci\/contents\/documentos\/requerimento_geral_ppgci-1.docx\" target=\"_blank\" rel=\"noreferrer noopener\">Requerimento<\/a>&nbsp;dirigido \u00e0 Coordena\u00e7\u00e3o do Programa,&nbsp;<strong>antes do t\u00e9rmino do&nbsp;prazo&nbsp;regular<\/strong>&nbsp;estabelecido&nbsp;no Regulamento do PPGCI (deve conter a assinatura do(a) discente e do(a) orientador(a), al\u00e9m do&nbsp;prazo&nbsp;de&nbsp;prorroga\u00e7\u00e3o&nbsp;desejado);<\/p>\n\n\n\n<p>2. Justificativa da solicita\u00e7\u00e3o;&nbsp;<\/p>\n\n\n\n<p>3. Parecer circunstanciado do(a) orientador(a);<\/p>\n\n\n\n<p>4. Vers\u00e3o preliminar da&nbsp;disserta\u00e7\u00e3o, trabalho equivalente ou tese;&nbsp;&nbsp;<\/p>\n\n\n\n<p>5. Cronograma indicativo das atividades a serem desenvolvidas no per\u00edodo da&nbsp;prorroga\u00e7\u00e3o.<\/p>\n\n\n\n<p><strong>Solicita\u00e7\u00e3o de homologa\u00e7\u00e3o de Diploma (Mestrado)<\/strong><\/p>\n\n\n\n<p>Para a solicita\u00e7\u00e3o do Diploma, ap\u00f3s a conclus\u00e3o de todas as etapas do autodep\u00f3sito (<a href=\"http:\/\/plone.ufpb.br\/ppgci\/contents\/documentos\/manual-autodeposito-sigaa-ufpb-corrigido.pdf\" target=\"_blank\" rel=\"noreferrer noopener\">Manual de autodep\u00f3sito<\/a>), \u00e9 necess\u00e1rio enviar para o e-mail da Secretaria do PPGCI&nbsp;(<strong><a href=\"mailto:ppgci@ccsa.ufpb.br\" target=\"_blank\" rel=\"noreferrer noopener\">ppgci@ccsa.ufpb.br<\/a><\/strong>)&nbsp;os seguintes documentos:<\/p>\n\n\n\n<p>1.&nbsp;<a href=\"http:\/\/plone.ufpb.br\/ppgci\/contents\/documentos\/requerimento_geral_ppgci-1.docx\" target=\"_blank\" rel=\"noreferrer noopener\">Requerimento<\/a>&nbsp;pessoal, solicitando \u00e0 Coordena\u00e7\u00e3o do PPGCI a emiss\u00e3o de diploma de mestre;<a href=\"http:\/\/plone.ufpb.br\/ppgci\/contents\/documentos\/requerimento_geral_ppgci.docx\" target=\"_blank\" rel=\"noreferrer noopener\"><\/a><\/p>\n\n\n\n<p>2. C\u00f3pia simples do diploma de gradua\u00e7\u00e3o;<\/p>\n\n\n\n<p>3. C\u00f3pia simples do RG e CPF;<\/p>\n\n\n\n<p>4.&nbsp;Comprovante de aprova\u00e7\u00e3o no exame de profici\u00eancia em l\u00edngua inglesa (o mesmo apresentado para ingresso\/perman\u00eancia no Programa).<\/p>\n\n\n\n<p>Aten\u00e7\u00e3o:&nbsp;Caso deseje urg\u00eancia na tramita\u00e7\u00e3o do processo,&nbsp;\u00e9 necess\u00e1rio enviar um documento comprobat\u00f3rio,&nbsp;conforme especificado na&nbsp;Portaria n\u00ba 65\/2020 &#8211; PRPG:<\/p>\n\n\n\n<p>\u00a73\u00ba Ser\u00e3o expedidos em um&nbsp;prazo m\u00e1ximo de at\u00e9 30 (trinta) dias os diplomas de mestre e de doutor decorrentes da conclus\u00e3o dos cursos de mestrado e doutorado ofertados pela UFPB cujo concluinte comprove a necessidade de&nbsp;urg\u00eancia&nbsp;em sua emiss\u00e3o, nas seguintes situa\u00e7\u00f5es:<br>a) aprova\u00e7\u00e3o em concurso ou processo seletivo;<br>b) assun\u00e7\u00e3o de cargos no Pa\u00eds ou no exterior;<br>c) aprova\u00e7\u00e3o em programas de p\u00f3s-gradua\u00e7\u00e3o no Brasil ou no exterior;<br>d) viagem para o exterior.<\/p>\n\n\n\n<p><strong>Solicita\u00e7\u00e3o de homologa\u00e7\u00e3o de Diploma (Doutorado)<\/strong><\/p>\n\n\n\n<p class=\" \">&nbsp;Para a solicita\u00e7\u00e3o do Diploma, ap\u00f3s a conclus\u00e3o de todas as etapas do autodep\u00f3sito (<a href=\"http:\/\/plone.ufpb.br\/ppgci\/contents\/documentos\/manual-autodeposito-sigaa-ufpb-corrigido.pdf\" target=\"_blank\" rel=\"noreferrer noopener\">Manual de autodep\u00f3sito<\/a>), \u00e9 necess\u00e1rio enviar para o e-mail da Secretaria do PPGCI&nbsp;(<strong><a href=\"mailto:ppgci@ccsa.ufpb.br\" target=\"_blank\" rel=\"noreferrer noopener\">ppgci@ccsa.ufpb.br<\/a><\/strong>)&nbsp;os seguintes documentos:<\/p>\n\n\n\n<p>1.&nbsp;<a href=\"http:\/\/plone.ufpb.br\/ppgci\/contents\/documentos\/requerimento_geral_ppgci-1.docx\" target=\"_blank\" rel=\"noreferrer noopener\">Requerimento<\/a>&nbsp;pessoal, solicitando \u00e0 Coordena\u00e7\u00e3o do PPGCI a emiss\u00e3o de diploma de doutor;<a href=\"http:\/\/plone.ufpb.br\/ppgci\/contents\/documentos\/requerimento_geral_ppgci.docx\" target=\"_blank\" rel=\"noreferrer noopener\"><\/a><\/p>\n\n\n\n<p>2. C\u00f3pia simples do diploma de gradua\u00e7\u00e3o e de mestrado;<\/p>\n\n\n\n<p>3. C\u00f3pia simples do RG e CPF;<\/p>\n\n\n\n<p>4.&nbsp;Comprovante de aprova\u00e7\u00e3o no exame de profici\u00eancia em duas l\u00ednguas estrangeiras (os mesmos apresentados para ingresso\/perman\u00eancia no Programa).<\/p>\n\n\n\n<p class=\" \">Aten\u00e7\u00e3o:&nbsp;Caso deseje urg\u00eancia na tramita\u00e7\u00e3o do processo,&nbsp;\u00e9 necess\u00e1rio enviar um documento comprobat\u00f3rio,&nbsp;conforme especificado na&nbsp;Portaria n\u00ba 65\/2020 &#8211; PRPG:<\/p>\n\n\n\n<p>\u00a73\u00ba Ser\u00e3o expedidos em um&nbsp;prazo m\u00e1ximo de at\u00e9 30 (trinta) dias os diplomas de mestre e de doutor decorrentes da conclus\u00e3o dos cursos de mestrado e doutorado ofertados pela UFPB cujo concluinte comprove a necessidade de&nbsp;urg\u00eancia&nbsp;em sua emiss\u00e3o, nas seguintes situa\u00e7\u00f5es:<br>a) aprova\u00e7\u00e3o em concurso ou processo seletivo;<br>b) assun\u00e7\u00e3o de cargos no Pa\u00eds ou no exterior;<br>c) aprova\u00e7\u00e3o em programas de p\u00f3s-gradua\u00e7\u00e3o no Brasil ou no exterior;<br>d) viagem para o exterior.<\/p>\n\n\n\n<p><strong>Solicita\u00e7\u00e3o de matr\u00edcula em Est\u00e1gio Doc\u00eancia<\/strong><\/p>\n\n\n\n<p>Para solicita\u00e7\u00e3o de matr\u00edcula em&nbsp;Est\u00e1gio&nbsp;Doc\u00eancia, o(a) interessado(a) deve enviar&nbsp;para o e-mail da Secretaria do Programa (<strong><a href=\"mailto:ppgci@ccsa.ufpb.br\" target=\"_blank\" rel=\"noreferrer noopener\">ppgci@ccsa.ufpb.br<\/a><\/strong>)&nbsp;a seguinte documenta\u00e7\u00e3o:<\/p>\n\n\n\n<p>1.&nbsp;<a href=\"http:\/\/plone.ufpb.br\/ppgci\/contents\/documentos\/requerimento_geral_ppgci-1.docx\" target=\"_blank\" rel=\"noreferrer noopener\">Requerimento<\/a>, devidamente assinado pelo(a) discente e orientador(a)\/supervisor(a) do&nbsp;est\u00e1gio,&nbsp;contendo:<\/p>\n\n\n\n<p>&#8211; Nome da&nbsp;disciplina na qual a atividade ser\u00e1 desenvolvida;<\/p>\n\n\n\n<p>&#8211; Semestre letivo;<\/p>\n\n\n\n<p>&#8211; Curso de gradua\u00e7\u00e3o;<\/p>\n\n\n\n<p>&#8211; Nome do(a) supervisor(a) do&nbsp;Est\u00e1gio.<\/p>\n\n\n\n<p class=\" \">Ao t\u00e9rmino do est\u00e1gio doc\u00eancia, o(a) aluno(a) elaborar\u00e1 relat\u00f3rio das atividades desenvolvidas para aprecia\u00e7\u00e3o do(a) professor(a) da disciplina objeto do est\u00e1gio e do(a) orientador(a). Em seguida, o relat\u00f3rio de est\u00e1gio ser\u00e1 submetido ao Colegiado do PPGCI para aprova\u00e7\u00e3o e posterior atribui\u00e7\u00e3o dos cr\u00e9ditos devidos.<\/p>\n\n\n\n<p class=\" \">&nbsp;<\/p>\n\n\n\n<p><strong>Solicita\u00e7\u00e3o de aproveitamento de estudos<\/strong><\/p>\n\n\n\n<p>Para a solicita\u00e7\u00e3o de&nbsp;aproveitamento&nbsp;de&nbsp;estudos,&nbsp;o(a) interessado(a) deve encaminhar para&nbsp;o e-mail da Secretaria do Programa (<strong><a href=\"mailto:ppgci@ccsa.ufpb.br\" target=\"_blank\" rel=\"noreferrer noopener\">ppgci@ccsa.ufpb.br<\/a><\/strong>), em formato PDF, os seguintes&nbsp;documentos:<\/p>\n\n\n\n<p>1.&nbsp;<a href=\"http:\/\/plone.ufpb.br\/ppgci\/contents\/documentos\/requerimento_geral_ppgci-1.docx\" target=\"_blank\" rel=\"noreferrer noopener\">Requerimento<\/a>&nbsp;\u00e0 Coordena\u00e7\u00e3o do PPGCI, contendo a ci\u00eancia do(a) orientador(a) sobre o pedido de aproveitamento;&nbsp;&nbsp;<\/p>\n\n\n\n<p>2. Hist\u00f3rico escolar;&nbsp;&nbsp;<\/p>\n\n\n\n<p>3. Programa(s) da(s) disciplina(s) cujos&nbsp;estudos&nbsp;o&nbsp;aproveitamento&nbsp;est\u00e1 sendo solicitado, devidamente autenticados pela Coordena\u00e7\u00e3o do Programa de P\u00f3s-gradua\u00e7\u00e3o onde a disciplina foi cursada.<\/p>\n\n\n\n<p>Aten\u00e7\u00e3o:&nbsp;O aproveitamento de estudos somente poder\u00e1 ser feito quando as disciplinas tiverem sido conclu\u00eddas h\u00e1, no m\u00e1ximo, 05 (cinco) anos, tanto para o mestrado como para o doutorado, contados a partir do final do per\u00edodo no qual a disciplina foi ofertada.<\/p>\n\n\n\n<p>Poder\u00e3o ser aceitos para fins de aproveitamento at\u00e9 08 (oito) cr\u00e9ditos para o mestrado e 12 (doze) cr\u00e9ditos para o doutorado.<\/p>\n\n\n\n<p><strong>Solicita\u00e7\u00e3o de estudos especiais<\/strong><\/p>\n\n\n\n<p>Para a solicita\u00e7\u00e3o deEstudos&nbsp;especiais, deve ser enviado para o e-mail&nbsp;da Secretaria do Programa (<strong><a href=\"mailto:ppgci@ccsa.ufpb.br\" target=\"_blank\" rel=\"noreferrer noopener\">ppgci@ccsa.ufpb.br<\/a><\/strong>)&nbsp;uma proposta de solicita\u00e7\u00e3o do(a) Orientador(a), que dever\u00e1 conter:<\/p>\n\n\n\n<p>a) T\u00edtulo;<\/p>\n\n\n\n<p>b) Objetivo;<\/p>\n\n\n\n<p>c) Plano&nbsp;de atividades com a carga hor\u00e1ria necess\u00e1ria, observando-se a natureza te\u00f3rica e\/ou pr\u00e1tica das atividades propostas para fins de contagem de cr\u00e9ditos.<\/p>\n\n\n\n<p>Aten\u00e7\u00e3o: Poder\u00e3o ser solicitados o at\u00e9 o m\u00e1ximo de 2 cr\u00e9ditos para o Mestrado e 4 cr\u00e9ditos para o Doutorado.<\/p>\n\n\n\n<p>No final da atividade, mediante um breve relat\u00f3rio acad\u00eamico que dever\u00e1 ser arquivado na pasta individual do(a) aluno(a), o(a) Orientador(a) atribuir\u00e1 uma nota referente ao desempenho do mesmo nos&nbsp;Estudos&nbsp;Especiais, cujo resultado ser\u00e1 inclu\u00eddo no Hist\u00f3rico Escolar.<\/p>\n\n\n\n<p><strong>Solicita\u00e7\u00e3o de coorienta\u00e7\u00e3o<\/strong><\/p>\n\n\n\n<p>Para a formaliza\u00e7\u00e3o de coorienta\u00e7\u00e3o, \u00e9 necess\u00e1rio enviar&nbsp;para o e-mail&nbsp;da Secretaria do Programa (<strong><a href=\"mailto:ppgci@ccsa.ufpb.br\" target=\"_blank\" rel=\"noreferrer noopener\">ppgci@ccsa.ufpb.br<\/a><\/strong>)&nbsp;a documenta\u00e7\u00e3o abaixo relacionada:<\/p>\n\n\n\n<p>a)&nbsp;<a href=\"http:\/\/plone.ufpb.br\/ppgci\/contents\/documentos\/requerimento_geral_ppgci-1.docx\" target=\"_blank\" rel=\"noreferrer noopener\">Requerimento<\/a>&nbsp;do Orientador com justificativa;<br>b) Comprovante de titularidade do poss\u00edvel coorientador (Diploma de doutorado);<br>c) Curr\u00edculo&nbsp;<em>Lattes<\/em>&nbsp;do poss\u00edvel coorientador.<br><br>A solicita\u00e7\u00e3o ser\u00e1 apreciada pelo Colegiado do PPGCI e, ap\u00f3s sua aprova\u00e7\u00e3o, a coorienta\u00e7\u00e3o ser\u00e1 inserida&nbsp;no&nbsp;SIGAA.<\/p>\n\n\n\n<p class=\" \">\u00a0<\/p>\n\n\n\n<p><strong>Solicita\u00e7\u00e3o de mudan\u00e7a de orienta\u00e7\u00e3o<\/strong><\/p>\n\n\n\n<p>Para&nbsp;solicita\u00e7\u00e3o de mudan\u00e7a&nbsp;de&nbsp;orienta\u00e7\u00e3o, o(a) interessado(a) deve formalizar o pedido atrav\u00e9s do envio&nbsp;de&nbsp;um&nbsp;<a href=\"http:\/\/plone.ufpb.br\/ppgci\/contents\/documentos\/requerimento_geral_ppgci-1.docx\" target=\"_blank\" rel=\"noreferrer noopener\">requerimento<\/a>&nbsp;para o e-mail&nbsp;da Secretaria do Programa (<strong><a href=\"mailto:ppgci@ccsa.ufpb.br\" target=\"_blank\" rel=\"noreferrer noopener\">ppgci@ccsa.ufpb.br<\/a><\/strong>),&nbsp;contendo a justificativa e assinaturas das partes envolvidas, a saber: discente, atual orientador(a) e futuro(a) orientador(a).<\/p>\n\n\n\n<p>A Secretaria abrir\u00e1 o processo, encaminhando para avalia\u00e7\u00e3o&nbsp;de&nbsp;um(a) parecerista. O parecer emitido ser\u00e1 homologado em reuni\u00e3o do Colegiado do PPGCI e s\u00f3 ent\u00e3o a&nbsp;mudan\u00e7a de orienta\u00e7\u00e3o ser\u00e1 efetivada no SIGAA.<\/p>\n\n\n\n<p><strong>Est\u00e1gio P\u00f3s-doutoral<\/strong><\/p>\n\n\n\n<p>O(a) candidato(a) ao est\u00e1gio p\u00f3s-doutoral dever\u00e1 formalizar seu pedido \u00e0 Coordena\u00e7\u00e3o do PPGCI, por e-mail&nbsp;(<strong><a href=\"mailto:ppgci@ccsa.ufpb.br\" target=\"_blank\" rel=\"noreferrer noopener\">ppgci@ccsa.ufpb.br<\/a><\/strong>),&nbsp;indicando a&nbsp;<a href=\"http:\/\/plone.ufpb.br\/ppgci\/contents\/menu\/ppgci-ufpb\/linhas-de-pesquisa\" target=\"_blank\" rel=\"noreferrer noopener\">linha de pesquisa<\/a>&nbsp;de seu interesse. O pedido deve estar instru\u00eddo com a seguinte documenta\u00e7\u00e3o:<br>a)&nbsp;<a href=\"http:\/\/plone.ufpb.br\/ppgci\/contents\/documentos\/requerimento_geral_ppgci-1.docx\" target=\"_blank\" rel=\"noreferrer noopener\">Requerimento<\/a>&nbsp;devidamente assinado pelo(a) candidato(a), contendo o prazo previsto para a conclus\u00e3o do est\u00e1gio p\u00f3s-doutoral;<br>b) Carta de aceite do(a) docente vinculado ao PPGCI e atuante na linha de pesquisa apontada pelo(a) candidato(a);<br>c) C\u00f3pia do diploma de Doutor(a), ou na sua aus\u00eancia, c\u00f3pia do Certificado de Conclus\u00e3o do Curso de Doutorado, expedido por institui\u00e7\u00e3o com Programa de P\u00f3s-Gradua\u00e7\u00e3o reconhecido pela CAPES ou reconhecido por Universidade do Sistema Nacional de P\u00f3s-Gradua\u00e7\u00e3o;<br>d) C\u00f3pia do&nbsp;Curr\u00edculo&nbsp;<em>Lattes<\/em>;<br>e) Plano de Trabalho de at\u00e9 20 (vinte) p\u00e1ginas com a proposta de pesquisa e a descri\u00e7\u00e3o de eventuais atividades de ensino;<br>f) Declara\u00e7\u00e3o de que disp\u00f5e de tempo integral e dedica\u00e7\u00e3o exclusiva \u00e0s atividades;<br>g) Documento oficial de libera\u00e7\u00e3o das atividades, em caso de possuir v\u00ednculo empregat\u00edcio (exig\u00eancia exclusiva em caso&nbsp;de&nbsp;bolsistas).<\/p>\n","protected":false},"excerpt":{"rendered":"<p>Documentos &nbsp; Agendamento de defesa (disserta\u00e7\u00e3o\/tese) ou exame de qualifica\u00e7\u00e3o Para o agendamento de defesa [&hellip;]<\/p>\n","protected":false},"author":63,"featured_media":0,"parent":0,"menu_order":0,"comment_status":"closed","ping_status":"closed","template":"","meta":{"footnotes":""},"class_list":["post-57","page","type-page","status-publish","hentry"],"_links":{"self":[{"href":"https:\/\/www.ccsa.ufpb.br\/ppgci\/wp-json\/wp\/v2\/pages\/57","targetHints":{"allow":["GET"]}}],"collection":[{"href":"https:\/\/www.ccsa.ufpb.br\/ppgci\/wp-json\/wp\/v2\/pages"}],"about":[{"href":"https:\/\/www.ccsa.ufpb.br\/ppgci\/wp-json\/wp\/v2\/types\/page"}],"author":[{"embeddable":true,"href":"https:\/\/www.ccsa.ufpb.br\/ppgci\/wp-json\/wp\/v2\/users\/63"}],"replies":[{"embeddable":true,"href":"https:\/\/www.ccsa.ufpb.br\/ppgci\/wp-json\/wp\/v2\/comments?post=57"}],"version-history":[{"count":3,"href":"https:\/\/www.ccsa.ufpb.br\/ppgci\/wp-json\/wp\/v2\/pages\/57\/revisions"}],"predecessor-version":[{"id":204,"href":"https:\/\/www.ccsa.ufpb.br\/ppgci\/wp-json\/wp\/v2\/pages\/57\/revisions\/204"}],"wp:attachment":[{"href":"https:\/\/www.ccsa.ufpb.br\/ppgci\/wp-json\/wp\/v2\/media?parent=57"}],"curies":[{"name":"wp","href":"https:\/\/api.w.org\/{rel}","templated":true}]}}