{"id":173,"date":"2025-07-22T16:17:56","date_gmt":"2025-07-22T19:17:56","guid":{"rendered":"https:\/\/www.ccsa.ufpb.br\/ppgp\/?page_id=173"},"modified":"2025-08-15T15:35:44","modified_gmt":"2025-08-15T18:35:44","slug":"estrutura-curricular","status":"publish","type":"page","link":"https:\/\/www.ccsa.ufpb.br\/ppgp\/estrutura-curricular\/","title":{"rendered":"\ud83d\udcda Estrutura curricular"},"content":{"rendered":"\n<p>O curso est\u00e1 organizado por sistema de cr\u00e9ditos, sendo composto por <strong>disciplinas obrigat\u00f3rias, disciplinas eletivas, atividade acad\u00eamica de pr\u00e1tica<\/strong>, <strong>disserta\u00e7\u00e3o<\/strong>.<\/p>\n\n\n\n<p><strong>Carga m\u00ednima total:<\/strong> 26 cr\u00e9ditos<\/p>\n\n\n\n<p><strong>Dura\u00e7\u00e3o:<\/strong> m\u00ednimo de 12 meses e m\u00e1ximo de 24 meses<\/p>\n\n\n\n<p><strong>Profici\u00eancia em l\u00edngua estrangeira:<\/strong> ingl\u00eas (comprova\u00e7\u00e3o at\u00e9 o final do 1\u00ba ano de ingresso no curso)<\/p>\n\n\n\n<p><strong>\ud83d\udcdd<\/strong><strong> Disserta\u00e7\u00e3o de Mestrado<\/strong><\/p>\n\n\n\n<p>Ao final do curso, o(a) mestrando(a) deve apresentar uma disserta\u00e7\u00e3o que demonstre:<\/p>\n\n\n\n<ul class=\"wp-block-list\">\n<li>Dom\u00ednio do tema e da literatura cient\u00edfica<\/li>\n\n\n\n<li>Capacidade de condu\u00e7\u00e3o de pesquisa e an\u00e1lise cr\u00edtica<\/li>\n\n\n\n<li>Contribui\u00e7\u00e3o relevante \u00e0 \u00e1rea de Gest\u00e3o P\u00fablica<\/li>\n<\/ul>\n\n\n\n<p>A defesa deve ocorrer <strong>at\u00e9 o 24\u00ba m\u00eas do curso<\/strong>.<\/p>\n\n\n\n<p><strong>Composi\u00e7\u00e3o Curricular do Curso de Mestrado em Gest\u00e3o P\u00fablica<\/strong><\/p>\n\n\n\n<figure class=\"wp-block-table\"><table class=\"has-fixed-layout\"><tbody><tr><td><strong>Modalidade<\/strong><\/td><td><strong>Eixo formativo<\/strong><\/td><td><strong>Cr\u00e9ditos&nbsp;<\/strong><\/td><\/tr><tr><td>Conte\u00fados Obrigat\u00f3rios<\/td><td>Te\u00f3rico, produ\u00e7\u00e3o escrita, pr\u00e1tica de pesquisa e profissional<\/td><td><strong>08<\/strong><\/td><\/tr><tr><td>Conte\u00fados Eletivos de M\u00e9todos e Ensino<\/td><td>Te\u00f3rico, produ\u00e7\u00e3o escrita, pr\u00e1tica de ensino e pesquisa<\/td><td><strong>M\u00ednimo 04<\/strong>(ou 08 se cursar apenas 08 CR em Eletivas de Programa)<\/td><\/tr><tr><td>Conte\u00fados Eletivos de Programa<\/td><td>Te\u00f3rico, produ\u00e7\u00e3o escrita, pr\u00e1tica de pesquisa e profissional<\/td><td><strong>M\u00ednimo 08<\/strong>(ou 12 se cursar apenas 04 CR em Eletivas de M\u00e9todos e Ensino)<\/td><\/tr><tr><td>Pr\u00e1tica Obrigat\u00f3ria<\/td><td>Pr\u00e1tica de ensino e profissional<\/td><td><strong>02<\/strong><\/td><\/tr><tr><td><strong>Total<\/strong><\/td><td><\/td><td><strong>26<\/strong><\/td><\/tr><\/tbody><\/table><\/figure>\n\n\n\n<p><strong>Conte\u00fados Obrigat\u00f3rios do Curso de Mestrado em Gest\u00e3o P\u00fablica\u00a0<\/strong><\/p>\n\n\n\n<figure class=\"wp-block-table\"><table class=\"has-fixed-layout\"><tbody><tr><td colspan=\"4\"><strong>Conte\u00fados Obrigat\u00f3rios B\u00e1sicos Profissionais<\/strong><\/td><\/tr><tr><td><strong>Componente Curricular<\/strong><\/td><td><strong>Departamento<\/strong><\/td><td><strong>Cr\u00e9ditos<\/strong><\/td><td><strong>Tipo<\/strong><\/td><\/tr><tr><td>Gest\u00e3o P\u00fablica<\/td><td>Gest\u00e3o P\u00fablica<\/td><td>04<\/td><td>Te\u00f3rico<\/td><\/tr><tr><td>Planejamento de Pesquisa<\/td><td>Gest\u00e3o P\u00fablica<\/td><td>04<\/td><td>Te\u00f3rico<\/td><\/tr><tr><td>Est\u00e1gio Doc\u00eancia<\/td><td>Gest\u00e3o P\u00fablica<\/td><td>02<\/td><td>Pr\u00e1tico<\/td><\/tr><tr><td><strong>Total<\/strong><\/td><td><\/td><td><strong>10<\/strong><\/td><td><\/td><\/tr><\/tbody><\/table><\/figure>\n\n\n\n<p><strong>Conte\u00fados Eletivos de M\u00e9todos e Ensino do Curso de Mestrado em Gest\u00e3o P\u00fablica\u00a0<\/strong><\/p>\n\n\n\n<figure class=\"wp-block-table\"><table class=\"has-fixed-layout\"><tbody><tr><td colspan=\"4\"><strong>Conte\u00fados Obrigat\u00f3rios B\u00e1sicos Profissionais<\/strong><\/td><\/tr><tr><td><strong>Componente Curricular<\/strong><\/td><td><strong>Departamento<\/strong><\/td><td><strong>Cr\u00e9ditos<\/strong><\/td><td><strong>Tipo<\/strong><\/td><\/tr><tr><td>M\u00e9todos Qualitativos Aplicados<\/td><td>Gest\u00e3o P\u00fablica<\/td><td>04<\/td><td>Te\u00f3rico<\/td><\/tr><tr><td>M\u00e9todos Quantitativos Aplicados<\/td><td>Gest\u00e3o P\u00fablica<\/td><td>04<\/td><td>Te\u00f3rico<\/td><\/tr><tr><td>Pr\u00e1tica de Ensino em Gest\u00e3o P\u00fablica<\/td><td>Gest\u00e3o P\u00fablica<\/td><td>04<\/td><td>Te\u00f3rico<\/td><\/tr><tr><td><strong>Total<\/strong><\/td><td><\/td><td><strong>12<\/strong><\/td><td><\/td><\/tr><tr><td colspan=\"4\">O discente dever\u00e1 integralizar um m\u00ednimo de 04 cr\u00e9ditos<\/td><\/tr><\/tbody><\/table><\/figure>\n\n\n\n<p><strong>Conte\u00fados Eletivos de Programa do Curso de Mestrado em Gest\u00e3o P\u00fablica\u00a0<\/strong><\/p>\n\n\n\n<figure class=\"wp-block-table\"><table class=\"has-fixed-layout\"><tbody><tr><td colspan=\"4\"><strong>Conte\u00fados Obrigat\u00f3rios B\u00e1sicos Profissionais<\/strong><\/td><\/tr><tr><td><strong>Componente Curricular<\/strong><\/td><td><strong>Departamento<\/strong><\/td><td><strong>Cr\u00e9ditos<\/strong><\/td><td><strong>Tipo<\/strong><\/td><\/tr><tr><td>An\u00e1lise de Pol\u00edticas P\u00fablicas<\/td><td>Gest\u00e3o P\u00fablica<\/td><td>04<\/td><td>Te\u00f3rico<\/td><\/tr><tr><td>Desenvolvimento Regional e Local<\/td><td>Gest\u00e3o P\u00fablica<\/td><td>04<\/td><td>Te\u00f3rico<\/td><\/tr><tr><td>Gest\u00e3o Organizacional<\/td><td>Gest\u00e3o P\u00fablica<\/td><td>04<\/td><td>Te\u00f3rico<\/td><\/tr><tr><td>Gest\u00e3o Social<\/td><td>Gest\u00e3o P\u00fablica<\/td><td>04<\/td><td>Te\u00f3rico<\/td><\/tr><tr><td>Monitoramento e Avalia\u00e7\u00e3o de Pol\u00edticas P\u00fablicas<\/td><td>Gest\u00e3o P\u00fablica<\/td><td>04<\/td><td>Te\u00f3rico<\/td><\/tr><tr><td>Or\u00e7amento e Finan\u00e7as P\u00fablicas<\/td><td>Gest\u00e3o P\u00fablica<\/td><td>04<\/td><td>Te\u00f3rico<\/td><\/tr><tr><td>Planejamento no Setor P\u00fablico<\/td><td>Gest\u00e3o P\u00fablica<\/td><td>04<\/td><td>Te\u00f3rico<\/td><\/tr><tr><td>Pol\u00edticas de Inova\u00e7\u00e3o e Desenvolvimento Sustent\u00e1vel<\/td><td>Gest\u00e3o P\u00fablica<\/td><td>04<\/td><td>Te\u00f3rico<\/td><\/tr><tr><td>Pol\u00edticas P\u00fablicas Baseadas em Evid\u00eancias<\/td><td>Gest\u00e3o P\u00fablica<\/td><td>04<\/td><td>Te\u00f3rico<\/td><\/tr><tr><td>T\u00f3picos Avan\u00e7ados em Gest\u00e3o Governamental e Social I<\/td><td>Gest\u00e3o P\u00fablica<\/td><td>04<\/td><td>Te\u00f3rico<\/td><\/tr><tr><td>T\u00f3picos Avan\u00e7ados em Gest\u00e3o Governamental e Social II<\/td><td>Gest\u00e3o P\u00fablica<\/td><td>04<\/td><td>Te\u00f3rico<\/td><\/tr><tr><td>T\u00f3picos Avan\u00e7ados em Pol\u00edticas P\u00fablicas I<\/td><td>Gest\u00e3o P\u00fablica<\/td><td>04<\/td><td>Te\u00f3rico<\/td><\/tr><tr><td>T\u00f3picos Avan\u00e7ados em Pol\u00edticas P\u00fablicas II<\/td><td>Gest\u00e3o P\u00fablica<\/td><td>04<\/td><td>Te\u00f3rico<\/td><\/tr><tr><td><strong>Total<\/strong><\/td><td><\/td><td><strong>10<\/strong><\/td><td><\/td><\/tr><tr><td colspan=\"4\">O discente dever\u00e1 integralizar um m\u00ednimo de 08 cr\u00e9ditos<\/td><\/tr><\/tbody><\/table><\/figure>\n\n\n\n<p><strong>Fluxograma<\/strong><\/p>\n\n\n\n<figure class=\"wp-block-table\"><table class=\"has-fixed-layout\"><tbody><tr><td><strong>P1<\/strong><\/td><td><strong>P2<\/strong><\/td><td><strong>P3<\/strong><\/td><td><strong>P4<\/strong><\/td><\/tr><tr><td>Gest\u00e3o P\u00fablica<\/td><td>Eletiva<\/td><td>Est\u00e1gio Doc\u00eancia<\/td><td>Disserta\u00e7\u00e3o<\/td><\/tr><tr><td>Planejamento de Pesquisa<\/td><td>Eletiva<\/td><td>Disserta\u00e7\u00e3o<\/td><td><\/td><\/tr><tr><td>Eletiva<\/td><td>Eletiva<\/td><td><\/td><td><\/td><\/tr><tr><td>Eletiva<\/td><td><\/td><td><\/td><td><\/td><\/tr><\/tbody><\/table><\/figure>\n\n\n\n<p><\/p>\n\n\n\n<p><\/p>\n","protected":false},"excerpt":{"rendered":"<p>O curso est\u00e1 organizado por sistema de cr\u00e9ditos, sendo composto por disciplinas obrigat\u00f3rias, disciplinas eletivas, [&hellip;]<\/p>\n","protected":false},"author":47,"featured_media":0,"parent":0,"menu_order":0,"comment_status":"closed","ping_status":"closed","template":"","meta":{"footnotes":""},"class_list":["post-173","page","type-page","status-publish","hentry"],"_links":{"self":[{"href":"https:\/\/www.ccsa.ufpb.br\/ppgp\/wp-json\/wp\/v2\/pages\/173","targetHints":{"allow":["GET"]}}],"collection":[{"href":"https:\/\/www.ccsa.ufpb.br\/ppgp\/wp-json\/wp\/v2\/pages"}],"about":[{"href":"https:\/\/www.ccsa.ufpb.br\/ppgp\/wp-json\/wp\/v2\/types\/page"}],"author":[{"embeddable":true,"href":"https:\/\/www.ccsa.ufpb.br\/ppgp\/wp-json\/wp\/v2\/users\/47"}],"replies":[{"embeddable":true,"href":"https:\/\/www.ccsa.ufpb.br\/ppgp\/wp-json\/wp\/v2\/comments?post=173"}],"version-history":[{"count":7,"href":"https:\/\/www.ccsa.ufpb.br\/ppgp\/wp-json\/wp\/v2\/pages\/173\/revisions"}],"predecessor-version":[{"id":224,"href":"https:\/\/www.ccsa.ufpb.br\/ppgp\/wp-json\/wp\/v2\/pages\/173\/revisions\/224"}],"wp:attachment":[{"href":"https:\/\/www.ccsa.ufpb.br\/ppgp\/wp-json\/wp\/v2\/media?parent=173"}],"curies":[{"name":"wp","href":"https:\/\/api.w.org\/{rel}","templated":true}]}}