{"id":35,"date":"2025-04-03T19:38:34","date_gmt":"2025-04-03T22:38:34","guid":{"rendered":"https:\/\/www.ccsa.ufpb.br\/ppgp\/?page_id=35"},"modified":"2026-04-23T09:44:39","modified_gmt":"2026-04-23T12:44:39","slug":"documentos","status":"publish","type":"page","link":"https:\/\/www.ccsa.ufpb.br\/ppgp\/documentos\/","title":{"rendered":"Integridade acad\u00eamica"},"content":{"rendered":"\n<p><\/p>\n\n\n\n<ul class=\"wp-block-list\">\n<li><a href=\"https:\/\/drive.google.com\/file\/d\/1ldqBQ9JzvmDo_BSyRSXnsHrnAZjyANJN\/view?usp=sharing\" target=\"_blank\" rel=\"noreferrer noopener\">Consepe 57 &#8211; 2025 &#8211; Pol\u00edtica de Integridade Acad\u00eamica e Cient\u00edfica<\/a><\/li>\n<\/ul>\n\n\n\n<p><\/p>\n","protected":false},"excerpt":{"rendered":"","protected":false},"author":47,"featured_media":0,"parent":0,"menu_order":0,"comment_status":"closed","ping_status":"closed","template":"","meta":{"footnotes":""},"class_list":["post-35","page","type-page","status-publish","hentry"],"_links":{"self":[{"href":"https:\/\/www.ccsa.ufpb.br\/ppgp\/wp-json\/wp\/v2\/pages\/35","targetHints":{"allow":["GET"]}}],"collection":[{"href":"https:\/\/www.ccsa.ufpb.br\/ppgp\/wp-json\/wp\/v2\/pages"}],"about":[{"href":"https:\/\/www.ccsa.ufpb.br\/ppgp\/wp-json\/wp\/v2\/types\/page"}],"author":[{"embeddable":true,"href":"https:\/\/www.ccsa.ufpb.br\/ppgp\/wp-json\/wp\/v2\/users\/47"}],"replies":[{"embeddable":true,"href":"https:\/\/www.ccsa.ufpb.br\/ppgp\/wp-json\/wp\/v2\/comments?post=35"}],"version-history":[{"count":40,"href":"https:\/\/www.ccsa.ufpb.br\/ppgp\/wp-json\/wp\/v2\/pages\/35\/revisions"}],"predecessor-version":[{"id":789,"href":"https:\/\/www.ccsa.ufpb.br\/ppgp\/wp-json\/wp\/v2\/pages\/35\/revisions\/789"}],"wp:attachment":[{"href":"https:\/\/www.ccsa.ufpb.br\/ppgp\/wp-json\/wp\/v2\/media?parent=35"}],"curies":[{"name":"wp","href":"https:\/\/api.w.org\/{rel}","templated":true}]}}