{"id":37,"date":"2025-04-03T19:38:44","date_gmt":"2025-04-03T22:38:44","guid":{"rendered":"https:\/\/www.ccsa.ufpb.br\/ppgp\/?page_id=37"},"modified":"2025-08-25T15:38:28","modified_gmt":"2025-08-25T18:38:28","slug":"docentes","status":"publish","type":"page","link":"https:\/\/www.ccsa.ufpb.br\/ppgp\/docentes\/","title":{"rendered":"Docentes"},"content":{"rendered":"\n<h3 class=\"wp-block-heading\" id=\"linha1\">\u27a1\ufe0f Linha 1 &#8211; Pol\u00edticas P\u00fablicas<\/h3>\n\n\n\n<div class=\"wp-block-media-text is-stacked-on-mobile\" style=\"grid-template-columns:17% auto\"><figure class=\"wp-block-media-text__media\"><img loading=\"lazy\" decoding=\"async\" width=\"932\" height=\"900\" src=\"http:\/\/www.ccsa.ufpb.br\/ppgp\/wp-content\/uploads\/sites\/179\/sites\/279\/2025\/08\/51a4f347-ce0f-40b2-8a6e-98771df94401.jpg\" alt=\"\" class=\"wp-image-231 size-full\" srcset=\"https:\/\/www.ccsa.ufpb.br\/ppgp\/wp-content\/uploads\/sites\/179\/sites\/279\/2025\/08\/51a4f347-ce0f-40b2-8a6e-98771df94401.jpg 932w, https:\/\/www.ccsa.ufpb.br\/ppgp\/wp-content\/uploads\/sites\/179\/sites\/279\/2025\/08\/51a4f347-ce0f-40b2-8a6e-98771df94401-300x290.jpg 300w, https:\/\/www.ccsa.ufpb.br\/ppgp\/wp-content\/uploads\/sites\/179\/sites\/279\/2025\/08\/51a4f347-ce0f-40b2-8a6e-98771df94401-768x742.jpg 768w\" sizes=\"auto, (max-width: 932px) 100vw, 932px\" \/><\/figure><div class=\"wp-block-media-text__content\">\n<p><strong>Professora Dra. Glenda Dantas Ferreira<\/strong><br>Docente Colaborada<br>Integrante do <a href=\"https:\/\/ipp.ufrn.br\/inctlabplan\/\" data-type=\"link\" data-id=\"https:\/\/ipp.ufrn.br\/inctlabplan\/\" target=\"_blank\" rel=\"noreferrer noopener\">LabPlan<\/a> e do <a href=\"https:\/\/www.observatoriodasmetropoles.net.br\/\" data-type=\"link\" data-id=\"https:\/\/www.observatoriodasmetropoles.net.br\/\" target=\"_blank\" rel=\"noreferrer noopener\">Observat\u00f3rio das Metr\u00f3poles<\/a><br>\ud83d\udce7 <a href=\"mailto:glenda.dantas@academico.ufpb.br\" data-type=\"link\" data-id=\"glenda.dantas@academico.ufpb.br\">glenda.dantas@academico.ufpb.br <\/a><br>\ud83e\udeaa <a href=\"http:\/\/lattes.cnpq.br\/8486645839296303\" data-type=\"link\" data-id=\"http:\/\/lattes.cnpq.br\/8486645839296303\" target=\"_blank\" rel=\"noreferrer noopener\">http:\/\/lattes.cnpq.br\/8486645839296303<\/a><\/p>\n<\/div><\/div>\n\n\n\n<div class=\"wp-block-media-text is-stacked-on-mobile\" style=\"grid-template-columns:17% auto\"><figure class=\"wp-block-media-text__media\"><img loading=\"lazy\" decoding=\"async\" width=\"859\" height=\"1024\" src=\"http:\/\/www.ccsa.ufpb.br\/ppgp\/wp-content\/uploads\/sites\/179\/sites\/279\/2025\/08\/3c9c7975-fd34-4dac-8990-5979d5a3fd96-859x1024.jpg\" alt=\"\" class=\"wp-image-238 size-full\" srcset=\"https:\/\/www.ccsa.ufpb.br\/ppgp\/wp-content\/uploads\/sites\/179\/sites\/279\/2025\/08\/3c9c7975-fd34-4dac-8990-5979d5a3fd96-859x1024.jpg 859w, https:\/\/www.ccsa.ufpb.br\/ppgp\/wp-content\/uploads\/sites\/179\/sites\/279\/2025\/08\/3c9c7975-fd34-4dac-8990-5979d5a3fd96-252x300.jpg 252w, https:\/\/www.ccsa.ufpb.br\/ppgp\/wp-content\/uploads\/sites\/179\/sites\/279\/2025\/08\/3c9c7975-fd34-4dac-8990-5979d5a3fd96-768x915.jpg 768w, https:\/\/www.ccsa.ufpb.br\/ppgp\/wp-content\/uploads\/sites\/179\/sites\/279\/2025\/08\/3c9c7975-fd34-4dac-8990-5979d5a3fd96.jpg 1104w\" sizes=\"auto, (max-width: 859px) 100vw, 859px\" \/><\/figure><div class=\"wp-block-media-text__content\">\n<p><strong>Professor Dr. Henrique E. P. Gutierres<\/strong><br>Docente Permanente<br>\ud83d\udce7 <a href=\"mailto:hepg86@hotmail.com\">hepg86@hotmail.com<\/a><br>\ud83e\udeaa <a href=\"http:\/\/lattes.cnpq.br\/0133979097600271\" target=\"_blank\" rel=\"noreferrer noopener\">http:\/\/lattes.cnpq.br\/0133979097600271<\/a><\/p>\n<\/div><\/div>\n\n\n\n<div class=\"wp-block-media-text is-stacked-on-mobile\" style=\"grid-template-columns:17% auto\"><figure class=\"wp-block-media-text__media\"><img loading=\"lazy\" decoding=\"async\" width=\"904\" height=\"1024\" src=\"http:\/\/www.ccsa.ufpb.br\/ppgp\/wp-content\/uploads\/sites\/179\/sites\/279\/2025\/08\/PHOTO-2025-07-21-18-05-06-904x1024.jpg\" alt=\"\" class=\"wp-image-243 size-full\" srcset=\"https:\/\/www.ccsa.ufpb.br\/ppgp\/wp-content\/uploads\/sites\/179\/sites\/279\/2025\/08\/PHOTO-2025-07-21-18-05-06-904x1024.jpg 904w, https:\/\/www.ccsa.ufpb.br\/ppgp\/wp-content\/uploads\/sites\/179\/sites\/279\/2025\/08\/PHOTO-2025-07-21-18-05-06-265x300.jpg 265w, https:\/\/www.ccsa.ufpb.br\/ppgp\/wp-content\/uploads\/sites\/179\/sites\/279\/2025\/08\/PHOTO-2025-07-21-18-05-06-768x870.jpg 768w, https:\/\/www.ccsa.ufpb.br\/ppgp\/wp-content\/uploads\/sites\/179\/sites\/279\/2025\/08\/PHOTO-2025-07-21-18-05-06.jpg 1130w\" sizes=\"auto, (max-width: 904px) 100vw, 904px\" \/><\/figure><div class=\"wp-block-media-text__content\">\n<p><strong>Professor Dr. James Batista Vieira<\/strong><br>Docente Permanente<br>L\u00edder do laborat\u00f3rio de pesquisa <a href=\"http:\/\/dgp.cnpq.br\/dgp\/espelhogrupo\/0313352864313392\" data-type=\"link\" data-id=\"dgp.cnpq.br\/dgp\/espelhogrupo\/0313352864313392\" target=\"_blank\" rel=\"noreferrer noopener\">LABGOV<\/a> (<a href=\"http:\/\/instagram.com\/labgov\" data-type=\"link\" data-id=\"http:\/\/instagram.com\/gepos_\" target=\"_blank\" rel=\"noreferrer noopener\">@labgov<\/a>)<br>\ud83d\udce7 <a href=\"mailto:james.vieira@academico.ufpb.br\">james.vieira@academico.ufpb.br<\/a><br>\ud83e\udeaa <a href=\"http:\/\/lattes.cnpq.br\/9570558739587349\" target=\"_blank\" rel=\"noreferrer noopener\">http:\/\/lattes.cnpq.br\/9570558739587349<\/a><\/p>\n<\/div><\/div>\n\n\n\n<div class=\"wp-block-media-text is-stacked-on-mobile\" style=\"grid-template-columns:17% auto\"><figure class=\"wp-block-media-text__media\"><img loading=\"lazy\" decoding=\"async\" width=\"793\" height=\"774\" src=\"https:\/\/www.ccsa.ufpb.br\/ppgp\/wp-content\/uploads\/sites\/179\/sites\/279\/2025\/08\/IMG_1344.jpg\" alt=\"\" class=\"wp-image-297 size-full\" srcset=\"https:\/\/www.ccsa.ufpb.br\/ppgp\/wp-content\/uploads\/sites\/179\/sites\/279\/2025\/08\/IMG_1344.jpg 793w, https:\/\/www.ccsa.ufpb.br\/ppgp\/wp-content\/uploads\/sites\/179\/sites\/279\/2025\/08\/IMG_1344-300x293.jpg 300w, https:\/\/www.ccsa.ufpb.br\/ppgp\/wp-content\/uploads\/sites\/179\/sites\/279\/2025\/08\/IMG_1344-768x750.jpg 768w\" sizes=\"auto, (max-width: 793px) 100vw, 793px\" \/><\/figure><div class=\"wp-block-media-text__content\">\n<p><strong>Professor Dr. Jo\u00e3o Marcelo&nbsp;Alves&nbsp;Macedo<\/strong><br>Docente Permanente<br>\ud83d\udce7 <a href=\"mailto:joao.marcelo@academico.ufpb.br\">joao.marcelo@academico.ufpb.br<\/a><br>\ud83e\udeaa <a href=\"http:\/\/lattes.cnpq.br\/0370488498421792\" target=\"_blank\" rel=\"noreferrer noopener\">http:\/\/lattes.cnpq.br\/0370488498421792<\/a><\/p>\n<\/div><\/div>\n\n\n\n<div class=\"wp-block-media-text is-stacked-on-mobile\" style=\"grid-template-columns:17% auto\"><figure class=\"wp-block-media-text__media\"><img loading=\"lazy\" decoding=\"async\" width=\"640\" height=\"640\" src=\"http:\/\/www.ccsa.ufpb.br\/ppgp\/wp-content\/uploads\/sites\/179\/sites\/279\/2025\/08\/PHOTO-2025-07-21-15-42-17.jpg\" alt=\"\" class=\"wp-image-247 size-full\" srcset=\"https:\/\/www.ccsa.ufpb.br\/ppgp\/wp-content\/uploads\/sites\/179\/sites\/279\/2025\/08\/PHOTO-2025-07-21-15-42-17.jpg 640w, https:\/\/www.ccsa.ufpb.br\/ppgp\/wp-content\/uploads\/sites\/179\/sites\/279\/2025\/08\/PHOTO-2025-07-21-15-42-17-300x300.jpg 300w, https:\/\/www.ccsa.ufpb.br\/ppgp\/wp-content\/uploads\/sites\/179\/sites\/279\/2025\/08\/PHOTO-2025-07-21-15-42-17-150x150.jpg 150w\" sizes=\"auto, (max-width: 640px) 100vw, 640px\" \/><\/figure><div class=\"wp-block-media-text__content\">\n<p><strong>Professora Dra. Maria Angeluce Barbotin<\/strong><br>Docente Permanente<br>L\u00edder do grupo de pesquisa <a href=\"http:\/\/dgp.cnpq.br\/dgp\/espelhogrupo\/4067988538092175\" data-type=\"link\" data-id=\"dgp.cnpq.br\/dgp\/espelhogrupo\/8280635770742975\" target=\"_blank\" rel=\"noreferrer noopener\">NEOS<\/a> (<a href=\"https:\/\/www.instagram.com\/neosufpb\/\" data-type=\"link\" data-id=\"https:\/\/www.instagram.com\/neosufpb\/\" target=\"_blank\" rel=\"noreferrer noopener\">@neosufpb<\/a>)<br>\ud83d\udce7 <a href=\"mailto:angeluce@ccae.ufpb.br\">angeluce@ccae.ufpb.br<\/a><br>\ud83e\udeaa <a href=\"http:\/\/lattes.cnpq.br\/7390128159622863\" target=\"_blank\" rel=\"noreferrer noopener\">http:\/\/lattes.cnpq.br\/7390128159622863<\/a><\/p>\n<\/div><\/div>\n\n\n\n<div class=\"wp-block-media-text is-stacked-on-mobile\" style=\"grid-template-columns:17% auto\"><figure class=\"wp-block-media-text__media\"><img loading=\"lazy\" decoding=\"async\" width=\"812\" height=\"625\" src=\"https:\/\/www.ccsa.ufpb.br\/ppgp\/wp-content\/uploads\/sites\/179\/sites\/279\/2025\/08\/fe3804e3-31d1-41c7-81d8-3c4db114c9a7.jpg\" alt=\"\" class=\"wp-image-250 size-full\" srcset=\"https:\/\/www.ccsa.ufpb.br\/ppgp\/wp-content\/uploads\/sites\/179\/sites\/279\/2025\/08\/fe3804e3-31d1-41c7-81d8-3c4db114c9a7.jpg 812w, https:\/\/www.ccsa.ufpb.br\/ppgp\/wp-content\/uploads\/sites\/179\/sites\/279\/2025\/08\/fe3804e3-31d1-41c7-81d8-3c4db114c9a7-300x231.jpg 300w, https:\/\/www.ccsa.ufpb.br\/ppgp\/wp-content\/uploads\/sites\/179\/sites\/279\/2025\/08\/fe3804e3-31d1-41c7-81d8-3c4db114c9a7-768x591.jpg 768w\" sizes=\"auto, (max-width: 812px) 100vw, 812px\" \/><\/figure><div class=\"wp-block-media-text__content\">\n<p><strong>Professor Dr. Thiago Lima da Silva<\/strong><br>Docente Permanente<br>\ud83d\udce7 <a href=\"mailto:tlima@ccsa.ufpb.br\">tlima@ccsa.ufpb.br <\/a><br>\ud83e\udeaa <a href=\"http:\/\/lattes.cnpq.br\/9570558739587349\" target=\"_blank\" rel=\"noreferrer noopener\">http:\/\/lattes.cnpq.br\/9570558739587349<\/a><\/p>\n<\/div><\/div>\n\n\n\n<div class=\"wp-block-media-text is-stacked-on-mobile\" style=\"grid-template-columns:17% auto\"><figure class=\"wp-block-media-text__media\"><img loading=\"lazy\" decoding=\"async\" width=\"797\" height=\"1024\" src=\"https:\/\/www.ccsa.ufpb.br\/ppgp\/wp-content\/uploads\/sites\/179\/sites\/279\/2025\/08\/d99ddb33-c7ed-4e3a-8382-d5e403a89f1f-797x1024.jpg\" alt=\"\" class=\"wp-image-255 size-full\" srcset=\"https:\/\/www.ccsa.ufpb.br\/ppgp\/wp-content\/uploads\/sites\/179\/sites\/279\/2025\/08\/d99ddb33-c7ed-4e3a-8382-d5e403a89f1f-797x1024.jpg 797w, https:\/\/www.ccsa.ufpb.br\/ppgp\/wp-content\/uploads\/sites\/179\/sites\/279\/2025\/08\/d99ddb33-c7ed-4e3a-8382-d5e403a89f1f-234x300.jpg 234w, https:\/\/www.ccsa.ufpb.br\/ppgp\/wp-content\/uploads\/sites\/179\/sites\/279\/2025\/08\/d99ddb33-c7ed-4e3a-8382-d5e403a89f1f-768x987.jpg 768w, https:\/\/www.ccsa.ufpb.br\/ppgp\/wp-content\/uploads\/sites\/179\/sites\/279\/2025\/08\/d99ddb33-c7ed-4e3a-8382-d5e403a89f1f.jpg 1079w\" sizes=\"auto, (max-width: 797px) 100vw, 797px\" \/><\/figure><div class=\"wp-block-media-text__content\">\n<p><strong>Professor Dr. Vico D\u00eanis Sousa de Melo<\/strong><br>Docente Colaborador<br>L\u00edder do grupo de pesquisa <a href=\"http:\/\/dgp.cnpq.br\/dgp\/espelhogrupo\/8280635770742975\" data-type=\"link\" data-id=\"dgp.cnpq.br\/dgp\/espelhogrupo\/8280635770742975\" target=\"_blank\" rel=\"noreferrer noopener\">Sul Global<\/a> (<a href=\"https:\/\/www.instagram.com\/sulglobal_ufpb?igsh=djNjMG56YTd4YzNv\" data-type=\"link\" data-id=\"https:\/\/www.instagram.com\/sulglobal_ufpb?igsh=djNjMG56YTd4YzNv\" target=\"_blank\" rel=\"noreferrer noopener\">@sulglobal_ufpb<\/a>)<br>\ud83d\udce7 <a href=\"mailto:vico.denis@gmail.com\">vico.denis@gmail.com<\/a><br>\ud83e\udeaa <a href=\"http:\/\/lattes.cnpq.br\/6199070784240676\" target=\"_blank\" rel=\"noreferrer noopener\">http:\/\/lattes.cnpq.br\/6199070784240676<\/a><\/p>\n<\/div><\/div>\n\n\n\n<h3 class=\"wp-block-heading\" id=\"linha2\">\u27a1\ufe0f Linha 2 &#8211; Gest\u00e3o Governamental e Social<\/h3>\n\n\n\n<div class=\"wp-block-media-text is-stacked-on-mobile\" style=\"grid-template-columns:17% auto\"><figure class=\"wp-block-media-text__media\"><img loading=\"lazy\" decoding=\"async\" width=\"906\" height=\"1024\" src=\"http:\/\/www.ccsa.ufpb.br\/ppgp\/wp-content\/uploads\/sites\/179\/sites\/279\/2025\/08\/01503262-9c18-4727-a2b3-1aabe9f283d0-906x1024.jpg\" alt=\"\" class=\"wp-image-259 size-full\" srcset=\"https:\/\/www.ccsa.ufpb.br\/ppgp\/wp-content\/uploads\/sites\/179\/sites\/279\/2025\/08\/01503262-9c18-4727-a2b3-1aabe9f283d0-906x1024.jpg 906w, https:\/\/www.ccsa.ufpb.br\/ppgp\/wp-content\/uploads\/sites\/179\/sites\/279\/2025\/08\/01503262-9c18-4727-a2b3-1aabe9f283d0-266x300.jpg 266w, https:\/\/www.ccsa.ufpb.br\/ppgp\/wp-content\/uploads\/sites\/179\/sites\/279\/2025\/08\/01503262-9c18-4727-a2b3-1aabe9f283d0-768x868.jpg 768w, https:\/\/www.ccsa.ufpb.br\/ppgp\/wp-content\/uploads\/sites\/179\/sites\/279\/2025\/08\/01503262-9c18-4727-a2b3-1aabe9f283d0-1359x1536.jpg 1359w, https:\/\/www.ccsa.ufpb.br\/ppgp\/wp-content\/uploads\/sites\/179\/sites\/279\/2025\/08\/01503262-9c18-4727-a2b3-1aabe9f283d0-1813x2048.jpg 1813w\" sizes=\"auto, (max-width: 906px) 100vw, 906px\" \/><\/figure><div class=\"wp-block-media-text__content\">\n<p><strong>Professor Dr. Allan Gustavo Freire da Silva<\/strong><br>Docente Permanente<br>L\u00edder do grupo de pesquisa <a href=\"http:\/\/dgp.cnpq.br\/dgp\/espelhogrupo\/8938268012784411\" data-type=\"link\" data-id=\"dgp.cnpq.br\/dgp\/espelhogrupo\/2887927344938125\" target=\"_blank\" rel=\"noreferrer noopener\">UNIGED<\/a> <br>\ud83d\udce7 <a href=\"mailto:allan.gustavo@professor.ufcg.edu.br\">allan.gustavo@professor.ufcg.edu.br<\/a><br>\ud83e\udeaa <a href=\"http:\/\/lattes.cnpq.br\/0886300382020774\" target=\"_blank\" rel=\"noreferrer noopener\">http:\/\/lattes.cnpq.br\/0886300382020774<\/a><\/p>\n<\/div><\/div>\n\n\n\n<div class=\"wp-block-media-text is-stacked-on-mobile\" style=\"grid-template-columns:17% auto\"><figure class=\"wp-block-media-text__media\"><img loading=\"lazy\" decoding=\"async\" width=\"399\" height=\"416\" src=\"https:\/\/www.ccsa.ufpb.br\/ppgp\/wp-content\/uploads\/sites\/179\/sites\/279\/2025\/08\/PHOTO-2025-07-25-09-44-28.jpg\" alt=\"\" class=\"wp-image-261 size-full\" srcset=\"https:\/\/www.ccsa.ufpb.br\/ppgp\/wp-content\/uploads\/sites\/179\/sites\/279\/2025\/08\/PHOTO-2025-07-25-09-44-28.jpg 399w, https:\/\/www.ccsa.ufpb.br\/ppgp\/wp-content\/uploads\/sites\/179\/sites\/279\/2025\/08\/PHOTO-2025-07-25-09-44-28-288x300.jpg 288w\" sizes=\"auto, (max-width: 399px) 100vw, 399px\" \/><\/figure><div class=\"wp-block-media-text__content\">\n<p><strong>Professora Dra. Ana Carolina Kruta de Ara\u00fajo Bispo<\/strong><br>Docente Permanente<br>L\u00edder do n\u00facleo de pesquisa <a href=\"http:\/\/dgp.cnpq.br\/dgp\/espelhogrupo\/2960518416616670\" data-type=\"link\" data-id=\"dgp.cnpq.br\/dgp\/espelhogrupo\/2887927344938125\" target=\"_blank\" rel=\"noreferrer noopener\">NEQUA<\/a> (<a href=\"http:\/\/instagram.com\/nequa.ufpb\" data-type=\"link\" data-id=\"http:\/\/instagram.com\/gepos_\" target=\"_blank\" rel=\"noreferrer noopener\">@nequa.ufpb<\/a>)<br>\ud83d\udce7 <a href=\"mailto:anacarolinakruta@gmail.com\"> anacarolinakruta@gmail.com<\/a><br>\ud83e\udeaa <a href=\"http:\/\/lattes.cnpq.br\/0359890997459713\" target=\"_blank\" rel=\"noreferrer noopener\">http:\/\/lattes.cnpq.br\/0359890997459713<\/a><\/p>\n<\/div><\/div>\n\n\n\n<div class=\"wp-block-media-text is-stacked-on-mobile\" style=\"grid-template-columns:17% auto\"><figure class=\"wp-block-media-text__media\"><img loading=\"lazy\" decoding=\"async\" width=\"437\" height=\"570\" src=\"https:\/\/www.ccsa.ufpb.br\/ppgp\/wp-content\/uploads\/sites\/179\/sites\/279\/2025\/08\/B018D80F-3F5F-412D-A76D-AC89B8E6ADD6_1_201_a-removebg-preview-1.png\" alt=\"\" class=\"wp-image-270 size-full\" srcset=\"https:\/\/www.ccsa.ufpb.br\/ppgp\/wp-content\/uploads\/sites\/179\/sites\/279\/2025\/08\/B018D80F-3F5F-412D-A76D-AC89B8E6ADD6_1_201_a-removebg-preview-1.png 437w, https:\/\/www.ccsa.ufpb.br\/ppgp\/wp-content\/uploads\/sites\/179\/sites\/279\/2025\/08\/B018D80F-3F5F-412D-A76D-AC89B8E6ADD6_1_201_a-removebg-preview-1-230x300.png 230w\" sizes=\"auto, (max-width: 437px) 100vw, 437px\" \/><\/figure><div class=\"wp-block-media-text__content\">\n<p><strong>Professora Dra. Ana L\u00facia de Ara\u00fajo Lima Coelho<\/strong><br>Docente Permanente<br>Vice l\u00edder do n\u00facleo de pesquisa <a href=\"http:\/\/dgp.cnpq.br\/dgp\/espelhogrupo\/2960518416616670\" data-type=\"link\" data-id=\"dgp.cnpq.br\/dgp\/espelhogrupo\/2887927344938125\" target=\"_blank\" rel=\"noreferrer noopener\">NEQUA<\/a> (<a href=\"http:\/\/instagram.com\/nequa.ufpb\" data-type=\"link\" data-id=\"http:\/\/instagram.com\/gepos_\" target=\"_blank\" rel=\"noreferrer noopener\">@nequa.ufpb<\/a>)<br>\ud83d\udce7 <a href=\"mailto:alalcoelho@gmail.com\">alalcoelho@gmail.com<\/a><br>\ud83e\udeaa <a href=\"http:\/\/lattes.cnpq.br\/8787784035900167\" target=\"_blank\" rel=\"noreferrer noopener\">http:\/\/lattes.cnpq.br\/8787784035900167<\/a><\/p>\n<\/div><\/div>\n\n\n\n<div class=\"wp-block-media-text is-stacked-on-mobile\" style=\"grid-template-columns:17% auto\"><figure class=\"wp-block-media-text__media\"><img loading=\"lazy\" decoding=\"async\" width=\"336\" height=\"536\" src=\"https:\/\/www.ccsa.ufpb.br\/ppgp\/wp-content\/uploads\/sites\/179\/sites\/279\/2025\/08\/8C7B75E2-2773-4147-819A-3A6B912BDE7B_4_5005_c.jpeg\" alt=\"\" class=\"wp-image-283 size-full\" srcset=\"https:\/\/www.ccsa.ufpb.br\/ppgp\/wp-content\/uploads\/sites\/179\/sites\/279\/2025\/08\/8C7B75E2-2773-4147-819A-3A6B912BDE7B_4_5005_c.jpeg 336w, https:\/\/www.ccsa.ufpb.br\/ppgp\/wp-content\/uploads\/sites\/179\/sites\/279\/2025\/08\/8C7B75E2-2773-4147-819A-3A6B912BDE7B_4_5005_c-188x300.jpeg 188w\" sizes=\"auto, (max-width: 336px) 100vw, 336px\" \/><\/figure><div class=\"wp-block-media-text__content\">\n<p><strong>Professor Dr. Christiano Coelho<\/strong><br>Docente Colaborador<br>\ud83d\udce7 <a href=\"mailto:cc@academico.ufpb.br\">cc@academico.ufpb.br<\/a><br>\ud83e\udeaa <a href=\"http:\/\/lattes.cnpq.br\/5750731081098107\" target=\"_blank\" rel=\"noreferrer noopener\">http:\/\/lattes.cnpq.br\/5750731081098107<\/a><\/p>\n<\/div><\/div>\n\n\n\n<div class=\"wp-block-media-text is-stacked-on-mobile\" style=\"grid-template-columns:17% auto\"><figure class=\"wp-block-media-text__media\"><img loading=\"lazy\" decoding=\"async\" width=\"371\" height=\"463\" src=\"https:\/\/www.ccsa.ufpb.br\/ppgp\/wp-content\/uploads\/sites\/179\/sites\/279\/2025\/08\/a9b33a95-3b91-4580-9909-b6e16dc51ef2.jpg\" alt=\"\" class=\"wp-image-289 size-full\" srcset=\"https:\/\/www.ccsa.ufpb.br\/ppgp\/wp-content\/uploads\/sites\/179\/sites\/279\/2025\/08\/a9b33a95-3b91-4580-9909-b6e16dc51ef2.jpg 371w, https:\/\/www.ccsa.ufpb.br\/ppgp\/wp-content\/uploads\/sites\/179\/sites\/279\/2025\/08\/a9b33a95-3b91-4580-9909-b6e16dc51ef2-240x300.jpg 240w\" sizes=\"auto, (max-width: 371px) 100vw, 371px\" \/><\/figure><div class=\"wp-block-media-text__content\">\n<p><strong>Professora Dra. Diana L\u00facia Teixeira de Carvalho<\/strong><br>Docente Permanente<br>\ud83d\udce7 <a href=\"mailto:dltc.ufpb@gmail.com\">dltc.ufpb@gmail.com<\/a><br>\ud83e\udeaa <a href=\"http:\/\/lattes.cnpq.br\/3069420156405414\" target=\"_blank\" rel=\"noreferrer noopener\">http:\/\/lattes.cnpq.br\/3069420156405414<\/a><\/p>\n<\/div><\/div>\n\n\n\n<div class=\"wp-block-media-text is-stacked-on-mobile\" style=\"grid-template-columns:17% auto\"><figure class=\"wp-block-media-text__media\"><img loading=\"lazy\" decoding=\"async\" width=\"836\" height=\"1024\" src=\"http:\/\/www.ccsa.ufpb.br\/ppgp\/wp-content\/uploads\/sites\/179\/sites\/279\/2025\/07\/Perfil-UFPB-836x1024.png\" alt=\"Vice-Coordenador: Fl\u00e1vio Perazzo B Mota\" class=\"wp-image-186 size-full\" srcset=\"https:\/\/www.ccsa.ufpb.br\/ppgp\/wp-content\/uploads\/sites\/179\/sites\/279\/2025\/07\/Perfil-UFPB-836x1024.png 836w, https:\/\/www.ccsa.ufpb.br\/ppgp\/wp-content\/uploads\/sites\/179\/sites\/279\/2025\/07\/Perfil-UFPB-245x300.png 245w, https:\/\/www.ccsa.ufpb.br\/ppgp\/wp-content\/uploads\/sites\/179\/sites\/279\/2025\/07\/Perfil-UFPB-768x941.png 768w, https:\/\/www.ccsa.ufpb.br\/ppgp\/wp-content\/uploads\/sites\/179\/sites\/279\/2025\/07\/Perfil-UFPB-1254x1536.png 1254w, https:\/\/www.ccsa.ufpb.br\/ppgp\/wp-content\/uploads\/sites\/179\/sites\/279\/2025\/07\/Perfil-UFPB.png 1438w\" sizes=\"auto, (max-width: 836px) 100vw, 836px\" \/><\/figure><div class=\"wp-block-media-text__content\">\n<p><strong>Professor Dr. Fl\u00e1vio Perazzo Barbosa Mota<\/strong><br>Docente Permanente<br>L\u00edder do grupo de pesquisa <a href=\"http:\/\/dgp.cnpq.br\/dgp\/espelhogrupo\/0505919112256239\" data-type=\"link\" data-id=\"dgp.cnpq.br\/dgp\/espelhogrupo\/0505919112256239\" target=\"_blank\" rel=\"noreferrer noopener\">INFORMA<\/a> <br>\ud83d\udce7 <a href=\"mailto:flavio.perazzo@academico.ufpb.br\">flavio.perazzo@academico.ufpb.br <\/a><br>\ud83e\udeaa <a href=\"http:\/\/lattes.cnpq.br\/6882923273884710\" target=\"_blank\" rel=\"noreferrer noopener\">http:\/\/lattes.cnpq.br\/6882923273884710<\/a><\/p>\n<\/div><\/div>\n\n\n\n<div class=\"wp-block-media-text is-stacked-on-mobile\" style=\"grid-template-columns:17% auto\"><figure class=\"wp-block-media-text__media\"><img loading=\"lazy\" decoding=\"async\" width=\"753\" height=\"891\" src=\"http:\/\/www.ccsa.ufpb.br\/ppgp\/wp-content\/uploads\/sites\/179\/sites\/279\/2025\/07\/C5A3FE4A-7B9F-4310-A45D-3AA54AF753BC_1_201_a.jpeg\" alt=\"Coordenadora: Jaqueline G Santos\" class=\"wp-image-149 size-full\" srcset=\"https:\/\/www.ccsa.ufpb.br\/ppgp\/wp-content\/uploads\/sites\/179\/sites\/279\/2025\/07\/C5A3FE4A-7B9F-4310-A45D-3AA54AF753BC_1_201_a.jpeg 753w, https:\/\/www.ccsa.ufpb.br\/ppgp\/wp-content\/uploads\/sites\/179\/sites\/279\/2025\/07\/C5A3FE4A-7B9F-4310-A45D-3AA54AF753BC_1_201_a-254x300.jpeg 254w\" sizes=\"auto, (max-width: 753px) 100vw, 753px\" \/><\/figure><div class=\"wp-block-media-text__content\">\n<p><strong>Professora Dra. Jaqueline Guimar\u00e3es Santos<\/strong><br>Docente Permanente<br>L\u00edder do grupo de pesquisa <a href=\"http:\/\/dgp.cnpq.br\/dgp\/espelhogrupo\/2887927344938125\" data-type=\"link\" data-id=\"dgp.cnpq.br\/dgp\/espelhogrupo\/2887927344938125\" target=\"_blank\" rel=\"noreferrer noopener\">GEPOS<\/a> (<a href=\"http:\/\/instagram.com\/gepos_\" data-type=\"link\" data-id=\"http:\/\/instagram.com\/gepos_\" target=\"_blank\" rel=\"noreferrer noopener\">@gepos_<\/a>)<br>\ud83d\udce7 <a href=\"mailto:jaqueline.santos2@academico.ufpb.br\">jaqueline.santos2@academico.ufpb.br <\/a><br>\ud83e\udeaa <a href=\"http:\/\/lattes.cnpq.br\/0254764141560838\" target=\"_blank\" rel=\"noreferrer noopener\">http:\/\/lattes.cnpq.br\/0254764141560838<\/a><\/p>\n<\/div><\/div>\n\n\n\n<div class=\"wp-block-media-text is-stacked-on-mobile\" style=\"grid-template-columns:17% auto\"><figure class=\"wp-block-media-text__media\"><img loading=\"lazy\" decoding=\"async\" width=\"813\" height=\"813\" src=\"https:\/\/www.ccsa.ufpb.br\/ppgp\/wp-content\/uploads\/sites\/179\/sites\/279\/2025\/08\/PHOTO-2025-07-22-13-47-12.jpg\" alt=\"\" class=\"wp-image-298 size-full\" srcset=\"https:\/\/www.ccsa.ufpb.br\/ppgp\/wp-content\/uploads\/sites\/179\/sites\/279\/2025\/08\/PHOTO-2025-07-22-13-47-12.jpg 813w, https:\/\/www.ccsa.ufpb.br\/ppgp\/wp-content\/uploads\/sites\/179\/sites\/279\/2025\/08\/PHOTO-2025-07-22-13-47-12-300x300.jpg 300w, https:\/\/www.ccsa.ufpb.br\/ppgp\/wp-content\/uploads\/sites\/179\/sites\/279\/2025\/08\/PHOTO-2025-07-22-13-47-12-150x150.jpg 150w, https:\/\/www.ccsa.ufpb.br\/ppgp\/wp-content\/uploads\/sites\/179\/sites\/279\/2025\/08\/PHOTO-2025-07-22-13-47-12-768x768.jpg 768w\" sizes=\"auto, (max-width: 813px) 100vw, 813px\" \/><\/figure><div class=\"wp-block-media-text__content\">\n<p><strong>Professor Dr. Luiz Ant\u00f4nio F\u00e9lix J\u00fanior<\/strong><br>Docente Permanente<br>L\u00edder do grupo de pesquisa <a href=\"http:\/\/dgp.cnpq.br\/dgp\/espelhogrupo\/6892157621544682\" data-type=\"link\" data-id=\"dgp.cnpq.br\/dgp\/espelhogrupo\/2887927344938125\" target=\"_blank\" rel=\"noreferrer noopener\">CitefLab<\/a> (<a href=\"https:\/\/www.instagram.com\/citeflab.ifpb?igsh=MXdldDhpeXRrejE3ag==\" data-type=\"link\" data-id=\"http:\/\/instagram.com\/gepos_\" target=\"_blank\" rel=\"noreferrer noopener\">@citeflab.ifpb<\/a>)<br>\ud83d\udce7 <a href=\"mailto:luiz.felix@ifpb.edu.br\">luiz.felix@ifpb.edu.br<\/a><br>\ud83e\udeaa <a href=\"http:\/\/lattes.cnpq.br\/7110954980183541\" target=\"_blank\" rel=\"noreferrer noopener\">http:\/\/lattes.cnpq.br\/7110954980183541<\/a><\/p>\n<\/div><\/div>\n\n\n\n<p><\/p>\n","protected":false},"excerpt":{"rendered":"<p>\u27a1\ufe0f Linha 1 &#8211; Pol\u00edticas P\u00fablicas Professora Dra. Glenda Dantas FerreiraDocente ColaboradaIntegrante do LabPlan e [&hellip;]<\/p>\n","protected":false},"author":47,"featured_media":0,"parent":0,"menu_order":0,"comment_status":"closed","ping_status":"closed","template":"","meta":{"footnotes":""},"class_list":["post-37","page","type-page","status-publish","hentry"],"_links":{"self":[{"href":"https:\/\/www.ccsa.ufpb.br\/ppgp\/wp-json\/wp\/v2\/pages\/37","targetHints":{"allow":["GET"]}}],"collection":[{"href":"https:\/\/www.ccsa.ufpb.br\/ppgp\/wp-json\/wp\/v2\/pages"}],"about":[{"href":"https:\/\/www.ccsa.ufpb.br\/ppgp\/wp-json\/wp\/v2\/types\/page"}],"author":[{"embeddable":true,"href":"https:\/\/www.ccsa.ufpb.br\/ppgp\/wp-json\/wp\/v2\/users\/47"}],"replies":[{"embeddable":true,"href":"https:\/\/www.ccsa.ufpb.br\/ppgp\/wp-json\/wp\/v2\/comments?post=37"}],"version-history":[{"count":47,"href":"https:\/\/www.ccsa.ufpb.br\/ppgp\/wp-json\/wp\/v2\/pages\/37\/revisions"}],"predecessor-version":[{"id":378,"href":"https:\/\/www.ccsa.ufpb.br\/ppgp\/wp-json\/wp\/v2\/pages\/37\/revisions\/378"}],"wp:attachment":[{"href":"https:\/\/www.ccsa.ufpb.br\/ppgp\/wp-json\/wp\/v2\/media?parent=37"}],"curies":[{"name":"wp","href":"https:\/\/api.w.org\/{rel}","templated":true}]}}