{"id":6,"date":"2025-04-02T12:22:18","date_gmt":"2025-04-02T15:22:18","guid":{"rendered":"https:\/\/www.ccsa.ufpb.br\/ppgp\/?page_id=6"},"modified":"2025-12-23T15:14:48","modified_gmt":"2025-12-23T18:14:48","slug":"apresentacao","status":"publish","type":"page","link":"https:\/\/www.ccsa.ufpb.br\/ppgp\/apresentacao\/","title":{"rendered":"Apresenta\u00e7\u00e3o"},"content":{"rendered":"\n<h3 class=\"wp-block-heading\"><strong>Sobre o Programa<\/strong><\/h3>\n\n\n\n<p><span style=\"margin: 0px;padding: 0px\">O Programa de P\u00f3s-Gradua\u00e7\u00e3o em Gest\u00e3o P\u00fablica (PPGP) da Universidade Federal da Para\u00edba oferece o curso de\u00a0<strong>mestrado acad\u00eamico,<\/strong>\u00a0vinculado ao Centro de Ci\u00eancias Sociais Aplic<\/span>adas (CCSA), voltado \u00e0 forma\u00e7\u00e3o de profissionais com s\u00f3lida base te\u00f3rica, anal\u00edtica e cr\u00edtica sobre os desafios da gest\u00e3o p\u00fablica contempor\u00e2nea.<\/p>\n\n\n\n<p>Criado em 2015 como Programa de P\u00f3s-Gradua\u00e7\u00e3o em Gest\u00e3o P\u00fablica e Coopera\u00e7\u00e3o Internacional (PGPCI), o curso passou por uma reestrutura\u00e7\u00e3o curricular e institucional em 2024, culminando na cria\u00e7\u00e3o do PPGP, com foco renovado na gest\u00e3o p\u00fablica. A mudan\u00e7a visou fortalecer sua atua\u00e7\u00e3o na \u00e1rea de <strong>Gest\u00e3o P\u00fablica<\/strong>, em sintonia com as diretrizes da Coordena\u00e7\u00e3o de Aperfei\u00e7oamento de Pessoal de N\u00edvel Superior (CAPES) e com as necessidades dos contextos regional e nacional.<\/p>\n\n\n\n<hr class=\"wp-block-separator has-alpha-channel-opacity\" \/>\n\n\n\n<h3 class=\"wp-block-heading\"><strong>Miss\u00e3o<\/strong><\/h3>\n\n\n\n<p>O PPGP tem como miss\u00e3o formar profissionais com compet\u00eancia para:<\/p>\n\n\n\n<ul class=\"wp-block-list\">\n<li>Produzir conhecimento de excel\u00eancia sobre gest\u00e3o p\u00fablica, pol\u00edticas p\u00fablicas e governan\u00e7a social;<\/li>\n\n\n\n<li>Atuar na doc\u00eancia e pesquisa em institui\u00e7\u00f5es de ensino superior;<\/li>\n\n\n\n<li>Contribuir, de forma cr\u00edtica e inovadora, para a transforma\u00e7\u00e3o das pr\u00e1ticas p\u00fablicas e o fortalecimento do Estado democr\u00e1tico.<\/li>\n<\/ul>\n\n\n\n<hr class=\"wp-block-separator has-alpha-channel-opacity\" \/>\n\n\n\n<h3 class=\"wp-block-heading\"><strong>Objetivos do Programa<\/strong><\/h3>\n\n\n\n<p>O programa busca:<\/p>\n\n\n\n<ul class=\"wp-block-list\">\n<li><strong>Aperfei\u00e7oar a vis\u00e3o e as pr\u00e1ticas da gest\u00e3o p\u00fablica<\/strong>, com \u00eanfase em contextos regionais, nacionais e internacionais;<\/li>\n\n\n\n<li><strong>Qualificar a gest\u00e3o das pol\u00edticas p\u00fablicas<\/strong> e das organiza\u00e7\u00f5es governamentais e sociais, especialmente no estado da Para\u00edba e na regi\u00e3o Nordeste;<\/li>\n\n\n\n<li><strong>Fomentar pesquisas de alto impacto<\/strong> voltadas ao interesse p\u00fablico;<\/li>\n\n\n\n<li><strong>Formar docentes e pesquisadores<\/strong> com dom\u00ednio t\u00e9cnico-cient\u00edfico na \u00e1rea de gest\u00e3o p\u00fablica;<\/li>\n\n\n\n<li><strong>Capacitar gestores p\u00fablicos<\/strong> para liderar solu\u00e7\u00f5es inovadoras orientadas ao desenvolvimento sustent\u00e1vel.<\/li>\n<\/ul>\n\n\n\n<hr class=\"wp-block-separator has-alpha-channel-opacity\" \/>\n\n\n\n<h3 class=\"wp-block-heading\"><strong>\u00c1rea de Concentra\u00e7\u00e3o e Linhas de Pesquisa<\/strong><\/h3>\n\n\n\n<p>O PPGP tem como \u00e1rea de concentra\u00e7\u00e3o a <strong>Gest\u00e3o P\u00fablica<\/strong>, desdobrada em duas linhas de pesquisa:<\/p>\n\n\n\n<ul class=\"wp-block-list\">\n<li><strong>Linha 1 \u2013 Pol\u00edticas P\u00fablicas<\/strong><br>Estuda os processos de formula\u00e7\u00e3o, implementa\u00e7\u00e3o e avalia\u00e7\u00e3o de pol\u00edticas p\u00fablicas, em diferentes n\u00edveis de governo e setores sociais.<\/li>\n\n\n\n<li><strong>Linha 2 \u2013 Gest\u00e3o Governamental e Social<\/strong><br>Analisa a din\u00e2mica institucional, os modelos de gest\u00e3o e os mecanismos de participa\u00e7\u00e3o, controle e inova\u00e7\u00e3o na administra\u00e7\u00e3o p\u00fablica e nas organiza\u00e7\u00f5es sociais.<\/li>\n<\/ul>\n\n\n\n<p><span style=\"margin: 0px;padding: 0px\">\ud83d\udc49 Acesse a p\u00e1gina\u00a0<a href=\"https:\/\/www.ccsa.ufpb.br\/ppgp\/linhas-de-pesquisa\/\" target=\"_blank\"><strong>&#8220;Linhas de Pesquisa&#8221;<\/strong><\/a>\u00a0para mais detalhes.<\/span><\/p>\n\n\n\n<hr class=\"wp-block-separator has-alpha-channel-opacity\" \/>\n\n\n\n<h3 class=\"wp-block-heading\"><strong>Base Legal<\/strong><\/h3>\n\n\n\n<p>O programa \u00e9 regido pela <a class=\"\" href=\"#\">Resolu\u00e7\u00e3o CONSEPE n\u00ba 40\/2024<\/a>, que aprovou seu regulamento acad\u00eamico e estrutura curricular. Acesse a se\u00e7\u00e3o <strong><a class=\"\" href=\"#\">Documentos<\/a><\/strong> para consultar o texto completo da resolu\u00e7\u00e3o.<\/p>\n\n\n\n<p><\/p>\n","protected":false},"excerpt":{"rendered":"<p>O Programa de P\u00f3s-Gradua\u00e7\u00e3o em Gest\u00e3o P\u00fablica (PPGP) da Universidade Federal da Para\u00edba oferta o curso de mestrado acad\u00eamico vinculado ao Centro de Ci\u00eancias Sociais Aplicadas (CCSA), voltado \u00e0 forma\u00e7\u00e3o de profissionais com s\u00f3lida base te\u00f3rica, anal\u00edtica e cr\u00edtica sobre os desafios da gest\u00e3o p\u00fablica contempor\u00e2nea.<\/p>\n","protected":false},"author":47,"featured_media":208,"parent":0,"menu_order":0,"comment_status":"closed","ping_status":"closed","template":"","meta":{"footnotes":""},"class_list":["post-6","page","type-page","status-publish","has-post-thumbnail","hentry"],"_links":{"self":[{"href":"https:\/\/www.ccsa.ufpb.br\/ppgp\/wp-json\/wp\/v2\/pages\/6","targetHints":{"allow":["GET"]}}],"collection":[{"href":"https:\/\/www.ccsa.ufpb.br\/ppgp\/wp-json\/wp\/v2\/pages"}],"about":[{"href":"https:\/\/www.ccsa.ufpb.br\/ppgp\/wp-json\/wp\/v2\/types\/page"}],"author":[{"embeddable":true,"href":"https:\/\/www.ccsa.ufpb.br\/ppgp\/wp-json\/wp\/v2\/users\/47"}],"replies":[{"embeddable":true,"href":"https:\/\/www.ccsa.ufpb.br\/ppgp\/wp-json\/wp\/v2\/comments?post=6"}],"version-history":[{"count":8,"href":"https:\/\/www.ccsa.ufpb.br\/ppgp\/wp-json\/wp\/v2\/pages\/6\/revisions"}],"predecessor-version":[{"id":517,"href":"https:\/\/www.ccsa.ufpb.br\/ppgp\/wp-json\/wp\/v2\/pages\/6\/revisions\/517"}],"wp:featuredmedia":[{"embeddable":true,"href":"https:\/\/www.ccsa.ufpb.br\/ppgp\/wp-json\/wp\/v2\/media\/208"}],"wp:attachment":[{"href":"https:\/\/www.ccsa.ufpb.br\/ppgp\/wp-json\/wp\/v2\/media?parent=6"}],"curies":[{"name":"wp","href":"https:\/\/api.w.org\/{rel}","templated":true}]}}