{"id":769,"date":"2026-04-23T09:23:14","date_gmt":"2026-04-23T12:23:14","guid":{"rendered":"https:\/\/www.ccsa.ufpb.br\/ppgp\/?page_id=769"},"modified":"2026-04-23T09:24:48","modified_gmt":"2026-04-23T12:24:48","slug":"colegiado-do-programa","status":"publish","type":"page","link":"https:\/\/www.ccsa.ufpb.br\/ppgp\/colegiado-do-programa\/","title":{"rendered":"Colegiado do programa"},"content":{"rendered":"\n<p>O <strong>Colegiado<\/strong> do PPGP \u00e9 o \u00f3rg\u00e3o deliberativo, sendo composto por:<\/p>\n\n\n\n<ul class=\"wp-block-list\">\n<li>Docentes permanentes do programa<\/li>\n\n\n\n<li>Representante do corpo docente colaborador(a)<\/li>\n\n\n\n<li>Representante discente<\/li>\n\n\n\n<li>Representante t\u00e9cnico-administrativo<\/li>\n<\/ul>\n\n\n\n<p>As reuni\u00f5es do colegiado ocorrem mensalmente, conforme disposto no Regimento Geral dos Programas Stricto Sensu da UFPB e no Regulamento Geral do PPGP.<\/p>\n\n\n\n<p><\/p>\n","protected":false},"excerpt":{"rendered":"<p>O Colegiado do PPGP \u00e9 o \u00f3rg\u00e3o deliberativo, sendo composto por: As reuni\u00f5es do colegiado [&hellip;]<\/p>\n","protected":false},"author":166,"featured_media":0,"parent":0,"menu_order":0,"comment_status":"closed","ping_status":"closed","template":"","meta":{"footnotes":""},"class_list":["post-769","page","type-page","status-publish","hentry"],"_links":{"self":[{"href":"https:\/\/www.ccsa.ufpb.br\/ppgp\/wp-json\/wp\/v2\/pages\/769","targetHints":{"allow":["GET"]}}],"collection":[{"href":"https:\/\/www.ccsa.ufpb.br\/ppgp\/wp-json\/wp\/v2\/pages"}],"about":[{"href":"https:\/\/www.ccsa.ufpb.br\/ppgp\/wp-json\/wp\/v2\/types\/page"}],"author":[{"embeddable":true,"href":"https:\/\/www.ccsa.ufpb.br\/ppgp\/wp-json\/wp\/v2\/users\/166"}],"replies":[{"embeddable":true,"href":"https:\/\/www.ccsa.ufpb.br\/ppgp\/wp-json\/wp\/v2\/comments?post=769"}],"version-history":[{"count":2,"href":"https:\/\/www.ccsa.ufpb.br\/ppgp\/wp-json\/wp\/v2\/pages\/769\/revisions"}],"predecessor-version":[{"id":771,"href":"https:\/\/www.ccsa.ufpb.br\/ppgp\/wp-json\/wp\/v2\/pages\/769\/revisions\/771"}],"wp:attachment":[{"href":"https:\/\/www.ccsa.ufpb.br\/ppgp\/wp-json\/wp\/v2\/media?parent=769"}],"curies":[{"name":"wp","href":"https:\/\/api.w.org\/{rel}","templated":true}]}}