{"id":777,"date":"2026-04-23T09:38:39","date_gmt":"2026-04-23T12:38:39","guid":{"rendered":"https:\/\/www.ccsa.ufpb.br\/ppgp\/?page_id=777"},"modified":"2026-04-28T16:18:23","modified_gmt":"2026-04-28T19:18:23","slug":"formularios","status":"publish","type":"page","link":"https:\/\/www.ccsa.ufpb.br\/ppgp\/formularios\/","title":{"rendered":"Formul\u00e1rios"},"content":{"rendered":"\n<ul class=\"wp-block-list\">\n<li><a href=\"https:\/\/docs.google.com\/document\/d\/1XnFZQY3FnvrlShbBaKwVxLxuRAPfAIHaiW3w5tRiaw4\/edit?usp=sharing\" target=\"_blank\" rel=\"noreferrer noopener\">PPGP &#8211; Agendamento de banca de disserta\u00e7\u00e3o final<\/a><\/li>\n\n\n\n<li><a href=\"https:\/\/docs.google.com\/document\/d\/1MxUhquknyOhTseQEPYZvhr0-ccxWwZcwP_ULDWQW78c\/edit?usp=drive_link\" target=\"_blank\" rel=\"noreferrer noopener\">PPGP &#8211; Agendamento de qualifica\u00e7\u00e3o de projeto de disserta\u00e7\u00e3o<\/a><\/li>\n\n\n\n<li><a href=\"https:\/\/docs.google.com\/document\/d\/14AirTxKlvzkxSPw-aypjiGgaMkqO7ZHaVIELcPf0knI\/edit?usp=sharing\" target=\"_blank\" rel=\"noreferrer noopener\">PPGP &#8211; Aproveitamento de estudos<\/a><\/li>\n\n\n\n<li><a href=\"https:\/\/docs.google.com\/document\/d\/1kA4sUjHr_j4tzmnw5Zhk7ELO3dqQ6yXH8Duk6F_vqVU\/edit?usp=drive_link\" target=\"_blank\" rel=\"noreferrer noopener\">PPGP &#8211; Credenciamento de examinador(a) externo(a)<\/a><\/li>\n\n\n\n<li><a href=\"https:\/\/docs.google.com\/document\/d\/1emTcXQgNOTJsltRd40Qkt6WpB1i9jChIt3R8f80nEho\/edit?usp=sharing\" target=\"_blank\" rel=\"noreferrer noopener\">PPGP &#8211; Declara\u00e7\u00e3o de participa\u00e7\u00e3o em banca como ouvinte<\/a><\/li>\n\n\n\n<li><a href=\"https:\/\/docs.google.com\/document\/d\/1VtJDzMjbXhNlAEK2QebiE396J_6SCTpqMhyqyf1qp2g\/edit?usp=sharing\" target=\"_blank\" rel=\"noreferrer noopener\">PPGP &#8211; Matr\u00edcula de ingressantes<\/a><\/li>\n\n\n\n<li><a href=\"https:\/\/docs.google.com\/document\/d\/1VJFaTwdg8b34qQ37ni726P-W6P88r-q3kad-lTTJb3Q\/edit?usp=sharing\" data-type=\"link\" data-id=\"https:\/\/docs.google.com\/document\/d\/1VJFaTwdg8b34qQ37ni726P-W6P88r-q3kad-lTTJb3Q\/edit?usp=sharing\" target=\"_blank\" rel=\"noreferrer noopener\">PPGP &#8211; Matr\u00edcula em est\u00e1gio em doc\u00eancia <\/a><\/li>\n\n\n\n<li><a href=\"https:\/\/docs.google.com\/document\/d\/1FCUCvmJR5RyG83VuJ3i9VEyZItU-9zIEpEVI50__pME\/edit?usp=sharing\" target=\"_blank\" rel=\"noreferrer noopener\">PPGP &#8211; Prorroga\u00e7\u00e3o de prazo de defesa final<\/a><\/li>\n\n\n\n<li><a href=\"https:\/\/docs.google.com\/document\/d\/1xXwPs4xePpRsbYHl1CGCUQMiVNCywrfTARs0XyV-Wpw\/edit?usp=sharing\" target=\"_blank\" rel=\"noreferrer noopener\">PPGP &#8211; Prorroga\u00e7\u00e3o de prazo de exame de pr\u00e9-banca (qualifica\u00e7\u00e3o)<\/a><\/li>\n\n\n\n<li><a href=\"https:\/\/docs.google.com\/document\/d\/1FxXOTsoXUmCwBpmFNF84VtSGbe3CKfXVN3UiojmDGlo\/edit?usp=sharing\" target=\"_blank\" rel=\"noreferrer noopener\">PPGP &#8211; Requerimento de emiss\u00e3o de diploma<\/a><\/li>\n\n\n\n<li><a href=\"https:\/\/docs.google.com\/document\/d\/1t16sQabCXCV8sRnvwTR7eIDA1Yp6lwy2zCHI8L5OPQA\/edit?usp=sharing\" data-type=\"link\" data-id=\"https:\/\/docs.google.com\/document\/d\/1t16sQabCXCV8sRnvwTR7eIDA1Yp6lwy2zCHI8L5OPQA\/edit?usp=sharing\">PPGP &#8211; Requerimento geral<\/a><\/li>\n\n\n\n<li><a href=\"https:\/\/docs.google.com\/document\/d\/1MBYZ20k02zHmFzG_z3COdqev0DHQAnguNsRP1LCd_PI\/edit?usp=sharing\" target=\"_blank\" rel=\"noreferrer noopener\">PPGP &#8211; Solicita\u00e7\u00e3o de bolsa de estudos<\/a><\/li>\n<\/ul>\n","protected":false},"excerpt":{"rendered":"","protected":false},"author":166,"featured_media":0,"parent":0,"menu_order":0,"comment_status":"closed","ping_status":"closed","template":"","meta":{"footnotes":""},"class_list":["post-777","page","type-page","status-publish","hentry"],"_links":{"self":[{"href":"https:\/\/www.ccsa.ufpb.br\/ppgp\/wp-json\/wp\/v2\/pages\/777","targetHints":{"allow":["GET"]}}],"collection":[{"href":"https:\/\/www.ccsa.ufpb.br\/ppgp\/wp-json\/wp\/v2\/pages"}],"about":[{"href":"https:\/\/www.ccsa.ufpb.br\/ppgp\/wp-json\/wp\/v2\/types\/page"}],"author":[{"embeddable":true,"href":"https:\/\/www.ccsa.ufpb.br\/ppgp\/wp-json\/wp\/v2\/users\/166"}],"replies":[{"embeddable":true,"href":"https:\/\/www.ccsa.ufpb.br\/ppgp\/wp-json\/wp\/v2\/comments?post=777"}],"version-history":[{"count":2,"href":"https:\/\/www.ccsa.ufpb.br\/ppgp\/wp-json\/wp\/v2\/pages\/777\/revisions"}],"predecessor-version":[{"id":831,"href":"https:\/\/www.ccsa.ufpb.br\/ppgp\/wp-json\/wp\/v2\/pages\/777\/revisions\/831"}],"wp:attachment":[{"href":"https:\/\/www.ccsa.ufpb.br\/ppgp\/wp-json\/wp\/v2\/media?parent=777"}],"curies":[{"name":"wp","href":"https:\/\/api.w.org\/{rel}","templated":true}]}}