{"id":779,"date":"2026-04-23T09:40:25","date_gmt":"2026-04-23T12:40:25","guid":{"rendered":"https:\/\/www.ccsa.ufpb.br\/ppgp\/?page_id=779"},"modified":"2026-04-23T09:40:25","modified_gmt":"2026-04-23T12:40:25","slug":"material-de-apoio","status":"publish","type":"page","link":"https:\/\/www.ccsa.ufpb.br\/ppgp\/material-de-apoio\/","title":{"rendered":"Material de apoio"},"content":{"rendered":"\n<ul class=\"wp-block-list\">\n<li><a href=\"https:\/\/docs.google.com\/document\/d\/1MEadMcRPaGkOw5Gt83IKOCIXrG7DXbxLHcU3p6d0WQU\/edit?usp=drive_link\" data-type=\"link\" data-id=\"https:\/\/docs.google.com\/document\/d\/1MEadMcRPaGkOw5Gt83IKOCIXrG7DXbxLHcU3p6d0WQU\/edit?usp=drive_link\" target=\"_blank\" rel=\"noreferrer noopener\">PPGP &#8211; Modelo de relat\u00f3rio de est\u00e1gio em doc\u00eancia<\/a><\/li>\n\n\n\n<li><a href=\"https:\/\/docs.google.com\/document\/d\/1e7gCkBXHsGRL2xrwvukHOi_fvBWj8yMxdrJLpBB15hQ\/edit?usp=sharing\" data-type=\"link\" data-id=\"https:\/\/docs.google.com\/document\/d\/1e7gCkBXHsGRL2xrwvukHOi_fvBWj8yMxdrJLpBB15hQ\/edit?usp=sharing\" target=\"_blank\" rel=\"noreferrer noopener\">PPGP &#8211; Modelo de ficha de avalia\u00e7\u00e3o do est\u00e1gio em doc\u00eancia<\/a><\/li>\n\n\n\n<li><a href=\"https:\/\/docs.google.com\/presentation\/d\/1oSIEuG21kLrCNzXU7fS7aWQpxrhvHSBFnR0XLD9lvT8\/edit?usp=sharing\" target=\"_blank\" rel=\"noreferrer noopener\">PPGP &#8211; Modelo de apresenta\u00e7\u00f5es (bancas, trabalhos, comunica\u00e7\u00f5es etc.)<\/a><\/li>\n\n\n\n<li><a href=\"https:\/\/drive.google.com\/file\/d\/1StWlum6KoCwa3pZAhTeC7fcgH5_VJ2ro\/view?usp=sharing\" target=\"_blank\" rel=\"noreferrer noopener\">PPGP &#8211; Manual do curso de Mestrado<\/a><\/li>\n\n\n\n<li><a href=\"https:\/\/drive.google.com\/file\/d\/1wVGJUd-tQ53eCVFGdDc1weaqSSFSh-zg\/view?usp=drive_link\" target=\"_blank\" rel=\"noreferrer noopener\">STI &#8211; Manual de autodep\u00f3sito de disserta\u00e7\u00e3o no SIGAA<\/a><\/li>\n<\/ul>\n","protected":false},"excerpt":{"rendered":"","protected":false},"author":166,"featured_media":0,"parent":0,"menu_order":0,"comment_status":"closed","ping_status":"closed","template":"","meta":{"footnotes":""},"class_list":["post-779","page","type-page","status-publish","hentry"],"_links":{"self":[{"href":"https:\/\/www.ccsa.ufpb.br\/ppgp\/wp-json\/wp\/v2\/pages\/779","targetHints":{"allow":["GET"]}}],"collection":[{"href":"https:\/\/www.ccsa.ufpb.br\/ppgp\/wp-json\/wp\/v2\/pages"}],"about":[{"href":"https:\/\/www.ccsa.ufpb.br\/ppgp\/wp-json\/wp\/v2\/types\/page"}],"author":[{"embeddable":true,"href":"https:\/\/www.ccsa.ufpb.br\/ppgp\/wp-json\/wp\/v2\/users\/166"}],"replies":[{"embeddable":true,"href":"https:\/\/www.ccsa.ufpb.br\/ppgp\/wp-json\/wp\/v2\/comments?post=779"}],"version-history":[{"count":1,"href":"https:\/\/www.ccsa.ufpb.br\/ppgp\/wp-json\/wp\/v2\/pages\/779\/revisions"}],"predecessor-version":[{"id":780,"href":"https:\/\/www.ccsa.ufpb.br\/ppgp\/wp-json\/wp\/v2\/pages\/779\/revisions\/780"}],"wp:attachment":[{"href":"https:\/\/www.ccsa.ufpb.br\/ppgp\/wp-json\/wp\/v2\/media?parent=779"}],"curies":[{"name":"wp","href":"https:\/\/api.w.org\/{rel}","templated":true}]}}