{"id":781,"date":"2026-04-23T09:41:04","date_gmt":"2026-04-23T12:41:04","guid":{"rendered":"https:\/\/www.ccsa.ufpb.br\/ppgp\/?page_id=781"},"modified":"2026-04-28T16:22:09","modified_gmt":"2026-04-28T19:22:09","slug":"resolucoes-do-ppgp","status":"publish","type":"page","link":"https:\/\/www.ccsa.ufpb.br\/ppgp\/resolucoes-do-ppgp\/","title":{"rendered":"Resolu\u00e7\u00f5es do PPGP"},"content":{"rendered":"\n<ul class=\"wp-block-list\">\n<li><a href=\"https:\/\/drive.google.com\/file\/d\/1f3t-uIq1SD2iPnCWHfvlke4UqMXD9SK0\/view?usp=drive_link\" target=\"_blank\" rel=\"noreferrer noopener\">PPGP &#8211; Resolu\u00e7\u00e3o 03-2016 &#8211; Profici\u00eancia<\/a><\/li>\n\n\n\n<li><a href=\"https:\/\/drive.google.com\/file\/d\/19wEuITJaZWMuBz_ANJ71jZUgMjTyZXcA\/view?usp=drive_link\" target=\"_blank\" rel=\"noreferrer noopener\">PPGP &#8211; Resolu\u00e7\u00e3o 01-2020 &#8211; Autoavalia\u00e7\u00e3o<\/a><\/li>\n\n\n\n<li><a href=\"https:\/\/drive.google.com\/file\/d\/1I5dinTLET6Vr-k_Upa8IFWZ-N3OcMjKt\/view?usp=drive_link\" target=\"_blank\" rel=\"noreferrer noopener\">PPGP &#8211; Resolu\u00e7\u00e3o 01-2022 &#8211; Credenciamento Docente<\/a><\/li>\n\n\n\n<li><a href=\"https:\/\/drive.google.com\/file\/d\/1cTStZ_b93TW982HfYN1qx_8jUwREysLG\/view?usp=drive_link\" target=\"_blank\" rel=\"noreferrer noopener\">PPGP &#8211; Resolu\u00e7\u00e3o 01-2024 &#8211; Bolsas de Estudo<\/a><\/li>\n\n\n\n<li><a href=\"https:\/\/drive.google.com\/file\/d\/1AwjcGyWTnDkBjcI3EgVSGTZHY3qe9M0D\/view?usp=drive_link\" target=\"_blank\" rel=\"noreferrer noopener\">PPGP &#8211; Resolu\u00e7\u00e3o 07-2024 &#8211; Forma\u00e7\u00e3o de bancas<\/a><\/li>\n\n\n\n<li><a href=\"https:\/\/drive.google.com\/file\/d\/1SYJ5UPPRtlw59_5XGCEchi_HmKz3kKlB\/view?usp=drive_link\" target=\"_blank\" rel=\"noreferrer noopener\">PPGP &#8211; Resolu\u00e7\u00e3o 08-2024 &#8211; Gest\u00e3o da Coordena\u00e7\u00e3o<\/a><\/li>\n\n\n\n<li><a href=\"https:\/\/drive.google.com\/file\/d\/1-Vib-Cyx0bhDbGa8I4lUP2YZhIXdDPg_\/view?usp=sharing\" data-type=\"link\" data-id=\"https:\/\/drive.google.com\/file\/d\/1-Vib-Cyx0bhDbGa8I4lUP2YZhIXdDPg_\/view?usp=sharing\" target=\"_blank\" rel=\"noreferrer noopener\">PPGP &#8211; Resolu\u00e7\u00e3o 01-2026 &#8211; Est\u00e1gio em Doc\u00eancia<\/a><\/li>\n<\/ul>\n","protected":false},"excerpt":{"rendered":"","protected":false},"author":166,"featured_media":0,"parent":0,"menu_order":0,"comment_status":"closed","ping_status":"closed","template":"","meta":{"footnotes":""},"class_list":["post-781","page","type-page","status-publish","hentry"],"_links":{"self":[{"href":"https:\/\/www.ccsa.ufpb.br\/ppgp\/wp-json\/wp\/v2\/pages\/781","targetHints":{"allow":["GET"]}}],"collection":[{"href":"https:\/\/www.ccsa.ufpb.br\/ppgp\/wp-json\/wp\/v2\/pages"}],"about":[{"href":"https:\/\/www.ccsa.ufpb.br\/ppgp\/wp-json\/wp\/v2\/types\/page"}],"author":[{"embeddable":true,"href":"https:\/\/www.ccsa.ufpb.br\/ppgp\/wp-json\/wp\/v2\/users\/166"}],"replies":[{"embeddable":true,"href":"https:\/\/www.ccsa.ufpb.br\/ppgp\/wp-json\/wp\/v2\/comments?post=781"}],"version-history":[{"count":3,"href":"https:\/\/www.ccsa.ufpb.br\/ppgp\/wp-json\/wp\/v2\/pages\/781\/revisions"}],"predecessor-version":[{"id":833,"href":"https:\/\/www.ccsa.ufpb.br\/ppgp\/wp-json\/wp\/v2\/pages\/781\/revisions\/833"}],"wp:attachment":[{"href":"https:\/\/www.ccsa.ufpb.br\/ppgp\/wp-json\/wp\/v2\/media?parent=781"}],"curies":[{"name":"wp","href":"https:\/\/api.w.org\/{rel}","templated":true}]}}