{"id":783,"date":"2026-04-23T09:41:50","date_gmt":"2026-04-23T12:41:50","guid":{"rendered":"https:\/\/www.ccsa.ufpb.br\/ppgp\/?page_id=783"},"modified":"2026-04-23T09:41:50","modified_gmt":"2026-04-23T12:41:50","slug":"normativas-da-prpg","status":"publish","type":"page","link":"https:\/\/www.ccsa.ufpb.br\/ppgp\/normativas-da-prpg\/","title":{"rendered":"Normativas da PRPG"},"content":{"rendered":"\n<ul class=\"wp-block-list\">\n<li><a href=\"https:\/\/drive.google.com\/file\/d\/19SD4lEafdXP7owVRIehKQFwAvhk9xqyi\/view?usp=drive_link\" target=\"_blank\" rel=\"noreferrer noopener\">PRPG &#8211; Instru\u00e7\u00e3o Normativa 01-2025 &#8211; Ensino h\u00edbrido da p\u00f3s-gradua\u00e7\u00e3o<\/a><\/li>\n\n\n\n<li><a href=\"https:\/\/drive.google.com\/file\/d\/1ugQ6nQ9cSpQhasXVsIeb9H6rtzJJZOIA\/view?usp=drive_link\" target=\"_blank\" rel=\"noreferrer noopener\">PRPG &#8211; Instru\u00e7\u00e3o Normativa 04-2025 &#8211; Distribui\u00e7\u00e3o de cotas de bolsas da PRPG <\/a><\/li>\n<\/ul>\n","protected":false},"excerpt":{"rendered":"","protected":false},"author":166,"featured_media":0,"parent":0,"menu_order":0,"comment_status":"closed","ping_status":"closed","template":"","meta":{"footnotes":""},"class_list":["post-783","page","type-page","status-publish","hentry"],"_links":{"self":[{"href":"https:\/\/www.ccsa.ufpb.br\/ppgp\/wp-json\/wp\/v2\/pages\/783","targetHints":{"allow":["GET"]}}],"collection":[{"href":"https:\/\/www.ccsa.ufpb.br\/ppgp\/wp-json\/wp\/v2\/pages"}],"about":[{"href":"https:\/\/www.ccsa.ufpb.br\/ppgp\/wp-json\/wp\/v2\/types\/page"}],"author":[{"embeddable":true,"href":"https:\/\/www.ccsa.ufpb.br\/ppgp\/wp-json\/wp\/v2\/users\/166"}],"replies":[{"embeddable":true,"href":"https:\/\/www.ccsa.ufpb.br\/ppgp\/wp-json\/wp\/v2\/comments?post=783"}],"version-history":[{"count":1,"href":"https:\/\/www.ccsa.ufpb.br\/ppgp\/wp-json\/wp\/v2\/pages\/783\/revisions"}],"predecessor-version":[{"id":784,"href":"https:\/\/www.ccsa.ufpb.br\/ppgp\/wp-json\/wp\/v2\/pages\/783\/revisions\/784"}],"wp:attachment":[{"href":"https:\/\/www.ccsa.ufpb.br\/ppgp\/wp-json\/wp\/v2\/media?parent=783"}],"curies":[{"name":"wp","href":"https:\/\/api.w.org\/{rel}","templated":true}]}}