{"id":785,"date":"2026-04-23T09:42:51","date_gmt":"2026-04-23T12:42:51","guid":{"rendered":"https:\/\/www.ccsa.ufpb.br\/ppgp\/?page_id=785"},"modified":"2026-04-23T09:42:51","modified_gmt":"2026-04-23T12:42:51","slug":"resolucoes-do-consepe","status":"publish","type":"page","link":"https:\/\/www.ccsa.ufpb.br\/ppgp\/resolucoes-do-consepe\/","title":{"rendered":"Resolu\u00e7\u00f5es do CONSEPE"},"content":{"rendered":"\n<ul class=\"wp-block-list\">\n<li><a href=\"https:\/\/drive.google.com\/file\/d\/1g9j2TXHvyBmCJDrgAbIwssXiq4bDS-0M\/view?usp=sharing\" data-type=\"link\" data-id=\"https:\/\/drive.google.com\/file\/d\/1cTStZ_b93TW982HfYN1qx_8jUwREysLG\/view?usp=sharing\" target=\"_blank\" rel=\"noreferrer noopener\">Consepe 06 &#8211; 2024 &#8211; Ac\u00famulo de bolsas com atividade remunerada ou outros rendimentos<\/a><\/li>\n\n\n\n<li><a href=\"https:\/\/drive.google.com\/file\/d\/1U4BHM3ri6AfYfd1MY-XZ9WcXZoWZ1QMS\/view?usp=drive_link\" target=\"_blank\" rel=\"noreferrer noopener\">Consepe 40 &#8211; 2024 &#8211; Regimento do PPGP<\/a><\/li>\n\n\n\n<li><a href=\"https:\/\/drive.google.com\/file\/d\/16r-vgYWOSKQAQwNz9spho-BDDSk7XsI3\/view?usp=drive_link\" target=\"_blank\" rel=\"noreferrer noopener\">Consepe 54 &#8211; 2024 &#8211; Regulamento Geral da P\u00f3s-Gradua\u00e7\u00e3o<\/a><\/li>\n\n\n\n<li><a href=\"https:\/\/drive.google.com\/file\/d\/1CFeXQr6ZD5qyUhv7hx26ce68U0Sq2Bbu\/view?usp=drive_link\" target=\"_blank\" rel=\"noreferrer noopener\">Consepe 18 &#8211; 2025 &#8211; Est\u00e1gio N\u00e3o Obrigat\u00f3rio P\u00f3s-Gradua\u00e7\u00e3o<\/a><\/li>\n\n\n\n<li><a href=\"https:\/\/drive.google.com\/file\/d\/1DAU7LUSQtqZVwDd_MXT34xzXtDLtn5Vk\/view?usp=sharing\" data-type=\"link\" data-id=\"https:\/\/drive.google.com\/file\/d\/1DAU7LUSQtqZVwDd_MXT34xzXtDLtn5Vk\/view?usp=sharing\" target=\"_blank\" rel=\"noreferrer noopener\">Consepe 02 &#8211; 2026 &#8211; Est\u00e1gio em Doc\u00eancia<\/a><\/li>\n<\/ul>\n","protected":false},"excerpt":{"rendered":"","protected":false},"author":166,"featured_media":0,"parent":0,"menu_order":0,"comment_status":"closed","ping_status":"closed","template":"","meta":{"footnotes":""},"class_list":["post-785","page","type-page","status-publish","hentry"],"_links":{"self":[{"href":"https:\/\/www.ccsa.ufpb.br\/ppgp\/wp-json\/wp\/v2\/pages\/785","targetHints":{"allow":["GET"]}}],"collection":[{"href":"https:\/\/www.ccsa.ufpb.br\/ppgp\/wp-json\/wp\/v2\/pages"}],"about":[{"href":"https:\/\/www.ccsa.ufpb.br\/ppgp\/wp-json\/wp\/v2\/types\/page"}],"author":[{"embeddable":true,"href":"https:\/\/www.ccsa.ufpb.br\/ppgp\/wp-json\/wp\/v2\/users\/166"}],"replies":[{"embeddable":true,"href":"https:\/\/www.ccsa.ufpb.br\/ppgp\/wp-json\/wp\/v2\/comments?post=785"}],"version-history":[{"count":1,"href":"https:\/\/www.ccsa.ufpb.br\/ppgp\/wp-json\/wp\/v2\/pages\/785\/revisions"}],"predecessor-version":[{"id":786,"href":"https:\/\/www.ccsa.ufpb.br\/ppgp\/wp-json\/wp\/v2\/pages\/785\/revisions\/786"}],"wp:attachment":[{"href":"https:\/\/www.ccsa.ufpb.br\/ppgp\/wp-json\/wp\/v2\/media?parent=785"}],"curies":[{"name":"wp","href":"https:\/\/api.w.org\/{rel}","templated":true}]}}