{"id":9,"date":"2026-02-05T12:22:40","date_gmt":"2026-02-05T15:22:40","guid":{"rendered":"https:\/\/www.ccsa.ufpb.br\/ppgp\/?page_id=9"},"modified":"2026-02-09T11:38:42","modified_gmt":"2026-02-09T14:38:42","slug":"noticias","status":"publish","type":"page","link":"https:\/\/www.ccsa.ufpb.br\/ppgp\/noticias\/","title":{"rendered":"Not\u00edcias"},"content":{"rendered":"\n<h2 class=\"wp-block-heading\"><div class=\"linha-header\">Processo Seletivo 2026 \u2013 Publica\u00e7\u00e3o do resultado do pedido de reconsidera\u00e7\u00e3o da isen\u00e7\u00e3o de inscri\u00e7\u00e3o<\/div><\/h2>\n\n\n\n<p>A Comiss\u00e3o do Processo Seletivo divulga o resultado do pedido de reconsidera\u00e7\u00e3o da isen\u00e7\u00e3o. <\/p>\n\n\n\n<p><a href=\"https:\/\/drive.google.com\/file\/d\/1Y-E_TQunwJ0QNXL5P8PeOQV_b4fONhWI\/view?usp=sharing\">Resultado Definitivo \u2013 isen\u00e7\u00e3o de taxa de inscri\u00e7\u00e3o<\/a><\/p>\n\n\n\n<p><\/p>\n","protected":false},"excerpt":{"rendered":"<p>Processo Seletivo 2026 \u2013 Publica\u00e7\u00e3o do resultado do pedido de reconsidera\u00e7\u00e3o da isen\u00e7\u00e3o de inscri\u00e7\u00e3o [&hellip;]<\/p>\n","protected":false},"author":47,"featured_media":0,"parent":0,"menu_order":0,"comment_status":"closed","ping_status":"closed","template":"","meta":{"footnotes":""},"class_list":["post-9","page","type-page","status-publish","hentry"],"_links":{"self":[{"href":"https:\/\/www.ccsa.ufpb.br\/ppgp\/wp-json\/wp\/v2\/pages\/9","targetHints":{"allow":["GET"]}}],"collection":[{"href":"https:\/\/www.ccsa.ufpb.br\/ppgp\/wp-json\/wp\/v2\/pages"}],"about":[{"href":"https:\/\/www.ccsa.ufpb.br\/ppgp\/wp-json\/wp\/v2\/types\/page"}],"author":[{"embeddable":true,"href":"https:\/\/www.ccsa.ufpb.br\/ppgp\/wp-json\/wp\/v2\/users\/47"}],"replies":[{"embeddable":true,"href":"https:\/\/www.ccsa.ufpb.br\/ppgp\/wp-json\/wp\/v2\/comments?post=9"}],"version-history":[{"count":5,"href":"https:\/\/www.ccsa.ufpb.br\/ppgp\/wp-json\/wp\/v2\/pages\/9\/revisions"}],"predecessor-version":[{"id":613,"href":"https:\/\/www.ccsa.ufpb.br\/ppgp\/wp-json\/wp\/v2\/pages\/9\/revisions\/613"}],"wp:attachment":[{"href":"https:\/\/www.ccsa.ufpb.br\/ppgp\/wp-json\/wp\/v2\/media?parent=9"}],"curies":[{"name":"wp","href":"https:\/\/api.w.org\/{rel}","templated":true}]}}